{"id":757,"date":"2025-01-09T10:07:18","date_gmt":"2025-01-09T09:07:18","guid":{"rendered":"https:\/\/indie.rent\/catalogue\/produit\/joker-bug-800-high-speed\/"},"modified":"2026-04-30T17:04:02","modified_gmt":"2026-04-30T15:04:02","slug":"joker-bug-800-high-speed","status":"publish","type":"product","link":"https:\/\/indie.rent\/catalogue\/produit\/joker-bug-800-high-speed\/","title":{"rendered":"Joker Bug 800 High Speed"},"content":{"rendered":"<p>Joker Bug 800 <\/p>\n<p>Le Joker-Bug 800 a \u00e9t\u00e9 le premier appareil 800W HMI con\u00e7u autour d\u2019une lampe Anti-UV cr\u00e9\u00e9e sur demande de K5600.<\/p>\n<p>K5600 a cr\u00e9\u00e9 cet appareil pour tirer au maximum profit de la surface de r\u00e9verb\u00e9ration de l\u2019int\u00e9rieur de la boite \u00e0 lumi\u00e8re : gr\u00e2ce au design du Bug-Lite avec sa lampe \u00e0 360\u00b0, il offre une meilleure diffusion de la lumi\u00e8re, et dans cette configuration, le 800 poss\u00e8de un rendement sup\u00e9rieur et une meilleure r\u00e9partition qu\u2019un PAR 1200 W. Le ballast 800W est dimmable, et est capable de fonctionner aux fr\u00e9quences de 300Hz ou 1000 Hz pour les tournages High Speed. Il est \u00e9quip\u00e9 d\u2019un r\u00e9flecteur sp\u00e9culaire, et s\u2019utilise avec le set de 4 lentilles.<\/p>\n<p>Caract\u00e9ristiques principales :<br \/>&#8211; Dimensions avec Beamer : 31 x 33 x 21 Cm,<br \/>&#8211; Poids avec Beamer : 2.8 Kg,<br \/>&#8211; TC : 5600K,<br \/>&#8211; Dimensions et Poids kit complet : 58.5 x 39 x 30 cm \/ 22 Kg,<br \/>&#8211; Lampe : 800 Watt MSR\/SE \u00e0 d\u00e9charge, single ended. Traitement anti UV sp\u00e9cial. Dur\u00e9e de vie de 600 heures maximum.<\/p>\n","protected":false},"excerpt":{"rendered":"<p>Joker Bug 800 Le Joker-Bug 800 a \u00e9t\u00e9 le premier appareil 800W HMI con\u00e7u autour d\u2019une lampe Anti-UV cr\u00e9\u00e9e sur demande de K5600. K5600 a cr\u00e9\u00e9 cet appareil pour tirer au maximum profit de la surface de r\u00e9verb\u00e9ration de l\u2019int\u00e9rieur de la boite \u00e0 lumi\u00e8re : gr\u00e2ce au design du Bug-Lite avec sa lampe \u00e0 [&hellip;]<\/p>\n","protected":false},"featured_media":1943,"template":"","meta":{"inline_featured_image":false},"product_brand":[],"product_cat":[2020],"product_tag":[],"class_list":{"0":"post-757","1":"product","2":"type-product","3":"status-publish","4":"has-post-thumbnail","6":"product_cat-hmi-high-speed","8":"first","9":"instock","10":"taxable","11":"shipping-taxable","12":"purchasable","13":"product-type-rentable"},"acf":[],"_links":{"self":[{"href":"https:\/\/indie.rent\/catalogue\/wp-json\/wp\/v2\/product\/757","targetHints":{"allow":["GET"]}}],"collection":[{"href":"https:\/\/indie.rent\/catalogue\/wp-json\/wp\/v2\/product"}],"about":[{"href":"https:\/\/indie.rent\/catalogue\/wp-json\/wp\/v2\/types\/product"}],"version-history":[{"count":0,"href":"https:\/\/indie.rent\/catalogue\/wp-json\/wp\/v2\/product\/757\/revisions"}],"wp:featuredmedia":[{"embeddable":true,"href":"https:\/\/indie.rent\/catalogue\/wp-json\/wp\/v2\/media\/1943"}],"wp:attachment":[{"href":"https:\/\/indie.rent\/catalogue\/wp-json\/wp\/v2\/media?parent=757"}],"wp:term":[{"taxonomy":"product_brand","embeddable":true,"href":"https:\/\/indie.rent\/catalogue\/wp-json\/wp\/v2\/product_brand?post=757"},{"taxonomy":"product_cat","embeddable":true,"href":"https:\/\/indie.rent\/catalogue\/wp-json\/wp\/v2\/product_cat?post=757"},{"taxonomy":"product_tag","embeddable":true,"href":"https:\/\/indie.rent\/catalogue\/wp-json\/wp\/v2\/product_tag?post=757"}],"curies":[{"name":"wp","href":"https:\/\/api.w.org\/{rel}","templated":true}]}}