{"id":756,"date":"2025-01-09T10:07:17","date_gmt":"2025-01-09T09:07:17","guid":{"rendered":"https:\/\/indie.rent\/catalogue\/produit\/slider-dolly-crane-sd\/"},"modified":"2026-04-16T18:32:29","modified_gmt":"2026-04-16T16:32:29","slug":"slider-dolly-crane-sd-180cm","status":"publish","type":"product","link":"https:\/\/indie.rent\/catalogue\/produit\/slider-dolly-crane-sd-180cm\/","title":{"rendered":"Slider Dolly Crane SD+ &#8211; (180cm)"},"content":{"rendered":"<p>Le DollyCrane est un syst\u00e8me polyvalent qui combine les fonctions de slider\/ dolly, grue\/mini jib.<\/p>\n<p>Sa conception unique permet de passer d&#8217;un mode \u00e0 l&#8217;autre instantan\u00e9ment.<br \/>Le Dolly Crane peut \u00eatre mont\u00e9 sur un tr\u00e9pied standard ou lourd et supporte les cam\u00e9ras jusqu&#8217;\u00e0 16kg.<\/p>\n<p>Slider \/ Dolly<br \/>Le Slider est capable d&#8217;executer un travelling d&#8217;une longueur de 2m.<br \/>Il peut aussi \u00eatre position\u00e9 dans diff\u00e9rents angles jusqu&#8217;\u00e0 60\u00b0 gr\u00e2ce au syst\u00e8me de contre poids qui permet d&#8217;effectuer un mouvement du haut vers le bas sans effort. Alors que la cam\u00e9ra est d\u00e9plac\u00e9e dans un sens, le contre-poids effectue le trajet inverse assurant ainsi une parfaite balance et un meilleur contr\u00f4le.<br \/>Le mouvement du slider et de son contre poids est parfaitement silencieux gr\u00e2ce \u00e0 l&#8217;utilisation de roues caoutchouc.<\/p>\n<p>Grue \/ Mini Jib<br \/>En configuration grue, le syst\u00e8me peut effectuer des mouvements parall\u00e8les au sol.<br \/>Il permettra aussi des mouvements typique d&#8217;une grue 3axes jusqu&#8217;\u00e0 3 m\u00e9tres de hauteur (selon le tr\u00e9pied utilis\u00e9).<\/p>\n<p>Hauteur: 250cm avec tr\u00e9pied de 150cm<br \/>Poids: Poids: 17 kg + 16 kg contrepoids (sans valise)<br \/>Longueur: 180cm<br \/>Capacit\u00e9 de Charge: 16kg<br \/>Dimensions: 197x31x26 &amp; 98x37x20<br \/>Monture: Bol 150mm \/ Mitchell<br \/>Monture Cam\u00e9ra: Base Plate 3\/8Male<\/p>\n","protected":false},"excerpt":{"rendered":"<p>Le DollyCrane est un syst\u00e8me polyvalent qui combine les fonctions de slider\/ dolly, grue\/mini jib. Sa conception unique permet de passer d&#8217;un mode \u00e0 l&#8217;autre instantan\u00e9ment.Le Dolly Crane peut \u00eatre mont\u00e9 sur un tr\u00e9pied standard ou lourd et supporte les cam\u00e9ras jusqu&#8217;\u00e0 16kg. Slider \/ DollyLe Slider est capable d&#8217;executer un travelling d&#8217;une longueur de [&hellip;]<\/p>\n","protected":false},"featured_media":2413,"template":"","meta":{"inline_featured_image":false},"product_brand":[],"product_cat":[2050],"product_tag":[],"class_list":{"0":"post-756","1":"product","2":"type-product","3":"status-publish","4":"has-post-thumbnail","6":"product_cat-slider-lourd","8":"first","9":"instock","10":"taxable","11":"shipping-taxable","12":"purchasable","13":"product-type-rentable"},"acf":[],"_links":{"self":[{"href":"https:\/\/indie.rent\/catalogue\/wp-json\/wp\/v2\/product\/756","targetHints":{"allow":["GET"]}}],"collection":[{"href":"https:\/\/indie.rent\/catalogue\/wp-json\/wp\/v2\/product"}],"about":[{"href":"https:\/\/indie.rent\/catalogue\/wp-json\/wp\/v2\/types\/product"}],"version-history":[{"count":0,"href":"https:\/\/indie.rent\/catalogue\/wp-json\/wp\/v2\/product\/756\/revisions"}],"wp:featuredmedia":[{"embeddable":true,"href":"https:\/\/indie.rent\/catalogue\/wp-json\/wp\/v2\/media\/2413"}],"wp:attachment":[{"href":"https:\/\/indie.rent\/catalogue\/wp-json\/wp\/v2\/media?parent=756"}],"wp:term":[{"taxonomy":"product_brand","embeddable":true,"href":"https:\/\/indie.rent\/catalogue\/wp-json\/wp\/v2\/product_brand?post=756"},{"taxonomy":"product_cat","embeddable":true,"href":"https:\/\/indie.rent\/catalogue\/wp-json\/wp\/v2\/product_cat?post=756"},{"taxonomy":"product_tag","embeddable":true,"href":"https:\/\/indie.rent\/catalogue\/wp-json\/wp\/v2\/product_tag?post=756"}],"curies":[{"name":"wp","href":"https:\/\/api.w.org\/{rel}","templated":true}]}}