{"id":755,"date":"2025-01-09T10:07:17","date_gmt":"2025-01-09T09:07:17","guid":{"rendered":"https:\/\/indie.rent\/catalogue\/produit\/multi-rig\/"},"modified":"2026-04-13T18:33:27","modified_gmt":"2026-04-13T16:33:27","slug":"multi-rig","status":"publish","type":"product","link":"https:\/\/indie.rent\/catalogue\/produit\/multi-rig\/","title":{"rendered":"Multi Rig"},"content":{"rendered":"<p>MULTI RIG<\/p>\n<p>Le Multi rig se fixe au tube d&#8217;alu 5cm.<\/p>\n<p>La plate-forme peut positionner n&#8217;importe quelle cam\u00e9ra dans des endroits \u00e9troits et difficiles d&#8217;acc\u00e8s qui n\u00e9cessitent un plan fixe et stable, y compris sous l&#8217;eau, sur des v\u00e9hicules \/ bateaux en mouvement, etc.<\/p>\n<p>Il existe des verrouillages Pan et Tilt et un r\u00e9glage de la hauteur pour les cam\u00e9ras de diff\u00e9rentes tailles ainsi qu&#8217;un r\u00e9glage de l&#8217;\u00e9quilibre de gauche \u00e0 droite.<\/p>\n<p>La plate-forme peut \u00eatre au dessus ou en dessous.<\/p>\n","protected":false},"excerpt":{"rendered":"<p>MULTI RIG Le Multi rig se fixe au tube d&#8217;alu 5cm. La plate-forme peut positionner n&#8217;importe quelle cam\u00e9ra dans des endroits \u00e9troits et difficiles d&#8217;acc\u00e8s qui n\u00e9cessitent un plan fixe et stable, y compris sous l&#8217;eau, sur des v\u00e9hicules \/ bateaux en mouvement, etc. Il existe des verrouillages Pan et Tilt et un r\u00e9glage de [&hellip;]<\/p>\n","protected":false},"featured_media":2191,"template":"","meta":{"inline_featured_image":false},"product_brand":[],"product_cat":[2068],"product_tag":[],"class_list":{"0":"post-755","1":"product","2":"type-product","3":"status-publish","4":"has-post-thumbnail","6":"product_cat-top-shot","8":"first","9":"instock","10":"featured","11":"taxable","12":"shipping-taxable","13":"purchasable","14":"product-type-rentable"},"acf":[],"_links":{"self":[{"href":"https:\/\/indie.rent\/catalogue\/wp-json\/wp\/v2\/product\/755","targetHints":{"allow":["GET"]}}],"collection":[{"href":"https:\/\/indie.rent\/catalogue\/wp-json\/wp\/v2\/product"}],"about":[{"href":"https:\/\/indie.rent\/catalogue\/wp-json\/wp\/v2\/types\/product"}],"version-history":[{"count":0,"href":"https:\/\/indie.rent\/catalogue\/wp-json\/wp\/v2\/product\/755\/revisions"}],"wp:featuredmedia":[{"embeddable":true,"href":"https:\/\/indie.rent\/catalogue\/wp-json\/wp\/v2\/media\/2191"}],"wp:attachment":[{"href":"https:\/\/indie.rent\/catalogue\/wp-json\/wp\/v2\/media?parent=755"}],"wp:term":[{"taxonomy":"product_brand","embeddable":true,"href":"https:\/\/indie.rent\/catalogue\/wp-json\/wp\/v2\/product_brand?post=755"},{"taxonomy":"product_cat","embeddable":true,"href":"https:\/\/indie.rent\/catalogue\/wp-json\/wp\/v2\/product_cat?post=755"},{"taxonomy":"product_tag","embeddable":true,"href":"https:\/\/indie.rent\/catalogue\/wp-json\/wp\/v2\/product_tag?post=755"}],"curies":[{"name":"wp","href":"https:\/\/api.w.org\/{rel}","templated":true}]}}