{"id":754,"date":"2025-01-09T10:07:16","date_gmt":"2025-01-09T09:07:16","guid":{"rendered":"https:\/\/indie.rent\/catalogue\/produit\/lightman-luxed-4\/"},"modified":"2026-04-04T00:14:23","modified_gmt":"2026-04-03T22:14:23","slug":"projecteur-lightstar-luxed-4","status":"publish","type":"product","link":"https:\/\/indie.rent\/catalogue\/produit\/projecteur-lightstar-luxed-4\/","title":{"rendered":"Projecteur  LIGHTSTAR Luxed-4"},"content":{"rendered":"<p>Projecteur LED bi-couleur haute puissance, le Luxed 4 est con\u00e7u pour les tournages cin\u00e9ma et t\u00e9l\u00e9vision n\u00e9cessitant une source douce, puissante et pr\u00e9cise.<\/p>\n<p>\u00c9quip\u00e9 de lentilles Fresnel, il offre un faisceau contr\u00f4l\u00e9 et homog\u00e8ne, id\u00e9al comme alternative moderne aux sources tungst\u00e8ne ou Maxi Brute l\u00e9gers.<\/p>\n<p>Caract\u00e9ristiques principales<\/p>\n<p>Source : LED bi-color (Fresnel)<br \/>Temp\u00e9rature de couleur : 2 800K \u2013 6 500K<br \/>CRI \/ TLCI : \u2265 95<br \/>Puissance : 720W<br \/>Alimentation : secteur (prise standard 16A)<br \/>Contr\u00f4le : DMX \/ Wireless DMX (LumenRadio)<br \/>Dimensions : 945 \u00d7 910 \u00d7 216 mm<br \/>IP : 20<br \/>Poids : 24 kg<\/p>\n","protected":false},"excerpt":{"rendered":"<p>Projecteur LED bi-couleur haute puissance, le Luxed 4 est con\u00e7u pour les tournages cin\u00e9ma et t\u00e9l\u00e9vision n\u00e9cessitant une source douce, puissante et pr\u00e9cise. \u00c9quip\u00e9 de lentilles Fresnel, il offre un faisceau contr\u00f4l\u00e9 et homog\u00e8ne, id\u00e9al comme alternative moderne aux sources tungst\u00e8ne ou Maxi Brute l\u00e9gers. Caract\u00e9ristiques principales Source : LED bi-color (Fresnel)Temp\u00e9rature de couleur : [&hellip;]<\/p>\n","protected":false},"featured_media":2098,"template":"","meta":{"inline_featured_image":false},"product_brand":[],"product_cat":[2013],"product_tag":[],"class_list":{"0":"post-754","1":"product","2":"type-product","3":"status-publish","4":"has-post-thumbnail","6":"product_cat-led-bicolor-ponctuelle","8":"first","9":"instock","10":"taxable","11":"shipping-taxable","12":"purchasable","13":"product-type-rentable"},"acf":[],"_links":{"self":[{"href":"https:\/\/indie.rent\/catalogue\/wp-json\/wp\/v2\/product\/754","targetHints":{"allow":["GET"]}}],"collection":[{"href":"https:\/\/indie.rent\/catalogue\/wp-json\/wp\/v2\/product"}],"about":[{"href":"https:\/\/indie.rent\/catalogue\/wp-json\/wp\/v2\/types\/product"}],"version-history":[{"count":3,"href":"https:\/\/indie.rent\/catalogue\/wp-json\/wp\/v2\/product\/754\/revisions"}],"predecessor-version":[{"id":6505,"href":"https:\/\/indie.rent\/catalogue\/wp-json\/wp\/v2\/product\/754\/revisions\/6505"}],"wp:featuredmedia":[{"embeddable":true,"href":"https:\/\/indie.rent\/catalogue\/wp-json\/wp\/v2\/media\/2098"}],"wp:attachment":[{"href":"https:\/\/indie.rent\/catalogue\/wp-json\/wp\/v2\/media?parent=754"}],"wp:term":[{"taxonomy":"product_brand","embeddable":true,"href":"https:\/\/indie.rent\/catalogue\/wp-json\/wp\/v2\/product_brand?post=754"},{"taxonomy":"product_cat","embeddable":true,"href":"https:\/\/indie.rent\/catalogue\/wp-json\/wp\/v2\/product_cat?post=754"},{"taxonomy":"product_tag","embeddable":true,"href":"https:\/\/indie.rent\/catalogue\/wp-json\/wp\/v2\/product_tag?post=754"}],"curies":[{"name":"wp","href":"https:\/\/api.w.org\/{rel}","templated":true}]}}