{"id":753,"date":"2025-01-09T10:07:16","date_gmt":"2025-01-09T09:07:16","guid":{"rendered":"https:\/\/indie.rent\/catalogue\/produit\/fabric-lite-200w\/"},"modified":"2026-04-04T00:13:49","modified_gmt":"2026-04-03T22:13:49","slug":"projecteur-aladdin-fabric-lite-200w","status":"publish","type":"product","link":"https:\/\/indie.rent\/catalogue\/produit\/projecteur-aladdin-fabric-lite-200w\/","title":{"rendered":"Projecteur ALADDIN Fabric Lite 200w"},"content":{"rendered":"<p>Panneau LED textile l\u00e9ger et flexible, id\u00e9al pour cr\u00e9er une lumi\u00e8re douce rapidement d\u00e9ployable sur plateau.<\/p>\n<p>Caract\u00e9ristiques principales :<\/p>\n<p>Source : LED bi-color<br \/>Temp\u00e9rature de couleur : 2 900K \u2013 6 300K<br \/>CRI \/ TLCI : \u2265 98 \/ \u2265 98<br \/>Alimentation : Secteur\u00a0<br \/>Contr\u00f4le : Dimmer, DMX, CRMX<br \/>\u00c9tanch\u00e9it\u00e9 : Panneau IP32 et Dimmer IP21<br \/>Poids : 800g<br \/>Consommation \u00e9lectrique : 200 W<br \/>Dimensions : 90 cm \u00d7 90 cm<\/p>\n","protected":false},"excerpt":{"rendered":"<p>Panneau LED textile l\u00e9ger et flexible, id\u00e9al pour cr\u00e9er une lumi\u00e8re douce rapidement d\u00e9ployable sur plateau. Caract\u00e9ristiques principales : Source : LED bi-colorTemp\u00e9rature de couleur : 2 900K \u2013 6 300KCRI \/ TLCI : \u2265 98 \/ \u2265 98Alimentation : Secteur\u00a0Contr\u00f4le : Dimmer, DMX, CRMX\u00c9tanch\u00e9it\u00e9 : Panneau IP32 et Dimmer IP21Poids : 800gConsommation \u00e9lectrique : [&hellip;]<\/p>\n","protected":false},"featured_media":1988,"template":"","meta":{"inline_featured_image":false},"product_brand":[],"product_cat":[2012],"product_tag":[],"class_list":{"0":"post-753","1":"product","2":"type-product","3":"status-publish","4":"has-post-thumbnail","6":"product_cat-led-bicolor-soft","8":"first","9":"instock","10":"taxable","11":"shipping-taxable","12":"purchasable","13":"product-type-rentable"},"acf":[],"_links":{"self":[{"href":"https:\/\/indie.rent\/catalogue\/wp-json\/wp\/v2\/product\/753","targetHints":{"allow":["GET"]}}],"collection":[{"href":"https:\/\/indie.rent\/catalogue\/wp-json\/wp\/v2\/product"}],"about":[{"href":"https:\/\/indie.rent\/catalogue\/wp-json\/wp\/v2\/types\/product"}],"version-history":[{"count":2,"href":"https:\/\/indie.rent\/catalogue\/wp-json\/wp\/v2\/product\/753\/revisions"}],"predecessor-version":[{"id":6504,"href":"https:\/\/indie.rent\/catalogue\/wp-json\/wp\/v2\/product\/753\/revisions\/6504"}],"wp:featuredmedia":[{"embeddable":true,"href":"https:\/\/indie.rent\/catalogue\/wp-json\/wp\/v2\/media\/1988"}],"wp:attachment":[{"href":"https:\/\/indie.rent\/catalogue\/wp-json\/wp\/v2\/media?parent=753"}],"wp:term":[{"taxonomy":"product_brand","embeddable":true,"href":"https:\/\/indie.rent\/catalogue\/wp-json\/wp\/v2\/product_brand?post=753"},{"taxonomy":"product_cat","embeddable":true,"href":"https:\/\/indie.rent\/catalogue\/wp-json\/wp\/v2\/product_cat?post=753"},{"taxonomy":"product_tag","embeddable":true,"href":"https:\/\/indie.rent\/catalogue\/wp-json\/wp\/v2\/product_tag?post=753"}],"curies":[{"name":"wp","href":"https:\/\/api.w.org\/{rel}","templated":true}]}}