{"id":752,"date":"2025-01-09T10:07:16","date_gmt":"2025-01-09T09:07:16","guid":{"rendered":"https:\/\/indie.rent\/catalogue\/produit\/nanlux-evoke-1200-bi-color\/"},"modified":"2026-04-04T00:19:50","modified_gmt":"2026-04-03T22:19:50","slug":"projecteur-led-nanlux-evoke-1200-bicolor","status":"publish","type":"product","link":"https:\/\/indie.rent\/catalogue\/produit\/projecteur-led-nanlux-evoke-1200-bicolor\/","title":{"rendered":"Projecteur LED NANLUX Evoke 1200 &#8211; Bicolor"},"content":{"rendered":"<p>Projecteur bi-color haute puissance offrant une grande flexibilit\u00e9 pour s\u2019adapter aux diff\u00e9rentes ambiances de tournage.<\/p>\n<p>Caract\u00e9ristiques principales :<\/p>\n<p>Source : LED bi-color<br \/>Temp\u00e9rature de couleur : 2 700K \u2013 6 500K<br \/>CRI \/ TLCI : \u2265 96 \/ \u2265 96<br \/>Monture : NL Mount<br \/>Alimentation : Secteur<br \/>Contr\u00f4le : On-board, Nanlink App (Bluetooth), DMX\/RDM, CRMX<br \/>\u00c9tanch\u00e9it\u00e9 : IP54<br \/>Poids (T\u00eate + Ballast) : ~19 kg<br \/>Consommation \u00e9lectrique : 1 200 W<br \/>Dimensions (T\u00eate avec Lyre) : 503 mm \u00d7 370 mm \u00d7 210 mm<\/p>\n","protected":false},"excerpt":{"rendered":"<p>Projecteur bi-color haute puissance offrant une grande flexibilit\u00e9 pour s\u2019adapter aux diff\u00e9rentes ambiances de tournage. Caract\u00e9ristiques principales : Source : LED bi-colorTemp\u00e9rature de couleur : 2 700K \u2013 6 500KCRI \/ TLCI : \u2265 96 \/ \u2265 96Monture : NL MountAlimentation : SecteurContr\u00f4le : On-board, Nanlink App (Bluetooth), DMX\/RDM, CRMX\u00c9tanch\u00e9it\u00e9 : IP54Poids (T\u00eate + Ballast) [&hellip;]<\/p>\n","protected":false},"featured_media":2722,"template":"","meta":{"inline_featured_image":false},"product_brand":[],"product_cat":[2013],"product_tag":[],"class_list":{"0":"post-752","1":"product","2":"type-product","3":"status-publish","4":"has-post-thumbnail","6":"product_cat-led-bicolor-ponctuelle","8":"first","9":"instock","10":"taxable","11":"shipping-taxable","12":"purchasable","13":"product-type-rentable"},"acf":[],"_links":{"self":[{"href":"https:\/\/indie.rent\/catalogue\/wp-json\/wp\/v2\/product\/752","targetHints":{"allow":["GET"]}}],"collection":[{"href":"https:\/\/indie.rent\/catalogue\/wp-json\/wp\/v2\/product"}],"about":[{"href":"https:\/\/indie.rent\/catalogue\/wp-json\/wp\/v2\/types\/product"}],"version-history":[{"count":3,"href":"https:\/\/indie.rent\/catalogue\/wp-json\/wp\/v2\/product\/752\/revisions"}],"predecessor-version":[{"id":6503,"href":"https:\/\/indie.rent\/catalogue\/wp-json\/wp\/v2\/product\/752\/revisions\/6503"}],"wp:featuredmedia":[{"embeddable":true,"href":"https:\/\/indie.rent\/catalogue\/wp-json\/wp\/v2\/media\/2722"}],"wp:attachment":[{"href":"https:\/\/indie.rent\/catalogue\/wp-json\/wp\/v2\/media?parent=752"}],"wp:term":[{"taxonomy":"product_brand","embeddable":true,"href":"https:\/\/indie.rent\/catalogue\/wp-json\/wp\/v2\/product_brand?post=752"},{"taxonomy":"product_cat","embeddable":true,"href":"https:\/\/indie.rent\/catalogue\/wp-json\/wp\/v2\/product_cat?post=752"},{"taxonomy":"product_tag","embeddable":true,"href":"https:\/\/indie.rent\/catalogue\/wp-json\/wp\/v2\/product_tag?post=752"}],"curies":[{"name":"wp","href":"https:\/\/api.w.org\/{rel}","templated":true}]}}