{"id":751,"date":"2025-01-09T10:07:16","date_gmt":"2025-01-09T09:07:16","guid":{"rendered":"https:\/\/indie.rent\/catalogue\/produit\/boa-120-v2-dmx\/"},"modified":"2026-04-04T00:17:25","modified_gmt":"2026-04-03T22:17:25","slug":"projecteur-ruby-light-boa-120-v2-dmx","status":"publish","type":"product","link":"https:\/\/indie.rent\/catalogue\/produit\/projecteur-ruby-light-boa-120-v2-dmx\/","title":{"rendered":"Projecteur RUBY LIGHT Boa 120 V2 DMX"},"content":{"rendered":"<p>Projecteur LED souple bi-color, le Ruby Light BOA 120 reprend les caract\u00e9ristiques du BOA 60 avec une longueur doubl\u00e9e, offrant une surface lumineuse plus \u00e9tendue et une puissance accrue.<\/p>\n<p>Il est particuli\u00e8rement adapt\u00e9 aux \u00e9clairages enveloppants, aux int\u00e9grations d\u00e9cor et aux configurations n\u00e9cessitant une source douce et continue.<\/p>\n<p>Caract\u00e9ristiques principales :<\/p>\n<p>Source : LED bi-color (diffusion int\u00e9gr\u00e9e)<br \/>Temp\u00e9rature de couleur : 2 500K \u2013 5 750K<br \/>CRI \/ TLCI : \u2265 95<br \/>Puissance : ~120W (\u2248100 Wh\/m)<br \/>Alimentation : batterie (V-Mount) \/ secteur<br \/>Contr\u00f4le : DMX via contr\u00f4leur externe<br \/>Angle du faisceau : diffusion large native (soft light)<br \/>Fixation : aimants int\u00e9gr\u00e9s, velcro, \u0153illets, anneaux<br \/>Modularit\u00e9 : montage en s\u00e9rie possible (XLR in\/out)<br \/>Effets int\u00e9gr\u00e9s : dimming 0\u2013100% sans flicker<br \/>\u00c9tanch\u00e9it\u00e9 : r\u00e9sistant poussi\u00e8res et projections<br \/>Dimensions : 1200 \u00d7 75 \u00d7 7 mm<br \/>Poids (T\u00eate): env. 0,5 \u2013 0,6 kg<\/p>\n","protected":false},"excerpt":{"rendered":"<p>Projecteur LED souple bi-color, le Ruby Light BOA 120 reprend les caract\u00e9ristiques du BOA 60 avec une longueur doubl\u00e9e, offrant une surface lumineuse plus \u00e9tendue et une puissance accrue. Il est particuli\u00e8rement adapt\u00e9 aux \u00e9clairages enveloppants, aux int\u00e9grations d\u00e9cor et aux configurations n\u00e9cessitant une source douce et continue. Caract\u00e9ristiques principales : Source : LED bi-color [&hellip;]<\/p>\n","protected":false},"featured_media":2710,"template":"","meta":{"inline_featured_image":false},"product_brand":[],"product_cat":[2012],"product_tag":[],"class_list":{"0":"post-751","1":"product","2":"type-product","3":"status-publish","4":"has-post-thumbnail","6":"product_cat-led-bicolor-soft","8":"first","9":"instock","10":"taxable","11":"shipping-taxable","12":"purchasable","13":"product-type-rentable"},"acf":[],"_links":{"self":[{"href":"https:\/\/indie.rent\/catalogue\/wp-json\/wp\/v2\/product\/751","targetHints":{"allow":["GET"]}}],"collection":[{"href":"https:\/\/indie.rent\/catalogue\/wp-json\/wp\/v2\/product"}],"about":[{"href":"https:\/\/indie.rent\/catalogue\/wp-json\/wp\/v2\/types\/product"}],"version-history":[{"count":2,"href":"https:\/\/indie.rent\/catalogue\/wp-json\/wp\/v2\/product\/751\/revisions"}],"predecessor-version":[{"id":6544,"href":"https:\/\/indie.rent\/catalogue\/wp-json\/wp\/v2\/product\/751\/revisions\/6544"}],"wp:featuredmedia":[{"embeddable":true,"href":"https:\/\/indie.rent\/catalogue\/wp-json\/wp\/v2\/media\/2710"}],"wp:attachment":[{"href":"https:\/\/indie.rent\/catalogue\/wp-json\/wp\/v2\/media?parent=751"}],"wp:term":[{"taxonomy":"product_brand","embeddable":true,"href":"https:\/\/indie.rent\/catalogue\/wp-json\/wp\/v2\/product_brand?post=751"},{"taxonomy":"product_cat","embeddable":true,"href":"https:\/\/indie.rent\/catalogue\/wp-json\/wp\/v2\/product_cat?post=751"},{"taxonomy":"product_tag","embeddable":true,"href":"https:\/\/indie.rent\/catalogue\/wp-json\/wp\/v2\/product_tag?post=751"}],"curies":[{"name":"wp","href":"https:\/\/api.w.org\/{rel}","templated":true}]}}