{"id":748,"date":"2025-01-09T10:07:15","date_gmt":"2025-01-09T09:07:15","guid":{"rendered":"https:\/\/indie.rent\/catalogue\/produit\/aputure-ls-1200d-pro\/"},"modified":"2026-04-16T17:04:56","modified_gmt":"2026-04-16T15:04:56","slug":"projecteur-aputure-ls-1200d-pro","status":"publish","type":"product","link":"https:\/\/indie.rent\/catalogue\/produit\/projecteur-aputure-ls-1200d-pro\/","title":{"rendered":"Projecteur APUTURE LS 1200D PRO"},"content":{"rendered":"<p>Projecteur daylight ultra puissant pens\u00e9 pour simuler la lumi\u00e8re du soleil. Parfait pour les grandes sc\u00e8nes, les tournages en ext\u00e9rieur ou les configurations n\u00e9cessitant une forte intensit\u00e9 lumineuse. Il est fourni avec\u00a03 bols r\u00e9flecteurs 15\u00b0\/30\u00b0\/55\u00b0<\/p>\n<p>Caract\u00e9ristiques principales :<\/p>\n<p>Source : LED Daylight<br \/>Temp\u00e9rature de couleur : 5 600K<br \/>CRI \/ TLCI : \u2265 96 \/ \u2265 96<br \/>Monture : Bowens (Verifier la compatibilit\u00e9 des accessoires car fort d\u00e9gagement de chaleur)<br \/>Alimentation : Secteur \/ Batteries V-Mount haute capacit\u00e9<br \/>Contr\u00f4le : On-board, Sidus Link App, DMX\/RDM, LumenRadio CRMX,\u00a0Art-net &amp; sACN<br \/>\u00c9tanch\u00e9it\u00e9 : IP54<br \/>Poids : ~19 kg (t\u00eate + ballast)<br \/>Consommation \u00e9lectrique : 1 200 W<br \/>Dimensions (t\u00eate) : 300 mm \u00d7 362 mm \u00d7 287 mm<\/p>\n","protected":false},"excerpt":{"rendered":"<p>Projecteur daylight ultra puissant pens\u00e9 pour simuler la lumi\u00e8re du soleil. Parfait pour les grandes sc\u00e8nes, les tournages en ext\u00e9rieur ou les configurations n\u00e9cessitant une forte intensit\u00e9 lumineuse. Il est fourni avec\u00a03 bols r\u00e9flecteurs 15\u00b0\/30\u00b0\/55\u00b0 Caract\u00e9ristiques principales : Source : LED DaylightTemp\u00e9rature de couleur : 5 600KCRI \/ TLCI : \u2265 96 \/ \u2265 96Monture [&hellip;]<\/p>\n","protected":false},"featured_media":2450,"template":"","meta":{"inline_featured_image":false},"product_brand":[],"product_cat":[2016],"product_tag":[],"class_list":{"0":"post-748","1":"product","2":"type-product","3":"status-publish","4":"has-post-thumbnail","6":"product_cat-led-daylight-ponctuelle","8":"first","9":"instock","10":"taxable","11":"shipping-taxable","12":"purchasable","13":"product-type-rentable"},"acf":[],"_links":{"self":[{"href":"https:\/\/indie.rent\/catalogue\/wp-json\/wp\/v2\/product\/748","targetHints":{"allow":["GET"]}}],"collection":[{"href":"https:\/\/indie.rent\/catalogue\/wp-json\/wp\/v2\/product"}],"about":[{"href":"https:\/\/indie.rent\/catalogue\/wp-json\/wp\/v2\/types\/product"}],"version-history":[{"count":0,"href":"https:\/\/indie.rent\/catalogue\/wp-json\/wp\/v2\/product\/748\/revisions"}],"wp:featuredmedia":[{"embeddable":true,"href":"https:\/\/indie.rent\/catalogue\/wp-json\/wp\/v2\/media\/2450"}],"wp:attachment":[{"href":"https:\/\/indie.rent\/catalogue\/wp-json\/wp\/v2\/media?parent=748"}],"wp:term":[{"taxonomy":"product_brand","embeddable":true,"href":"https:\/\/indie.rent\/catalogue\/wp-json\/wp\/v2\/product_brand?post=748"},{"taxonomy":"product_cat","embeddable":true,"href":"https:\/\/indie.rent\/catalogue\/wp-json\/wp\/v2\/product_cat?post=748"},{"taxonomy":"product_tag","embeddable":true,"href":"https:\/\/indie.rent\/catalogue\/wp-json\/wp\/v2\/product_tag?post=748"}],"curies":[{"name":"wp","href":"https:\/\/api.w.org\/{rel}","templated":true}]}}