{"id":747,"date":"2025-01-09T10:07:15","date_gmt":"2025-01-09T09:07:15","guid":{"rendered":"https:\/\/indie.rent\/catalogue\/produit\/nanlux-evoke-1200-daylight\/"},"modified":"2026-04-16T18:33:48","modified_gmt":"2026-04-16T16:33:48","slug":"projecteur-led-nanlux-evoke-1200-daylight","status":"publish","type":"product","link":"https:\/\/indie.rent\/catalogue\/produit\/projecteur-led-nanlux-evoke-1200-daylight\/","title":{"rendered":"Projecteur LED NANLUX Evoke 1200 &#8211; Daylight"},"content":{"rendered":"<p>Projecteur daylight ultra puissant con\u00e7u pour remplacer des sources HMI sur des tournages exigeants.<\/p>\n<p>Caract\u00e9ristiques principales :<\/p>\n<p>Source : LED Daylight<br \/>Temp\u00e9rature de couleur : 5 600K<br \/>CRI \/ TLCI : \u2265 96 \/ \u2265 96<br \/>Monture : NL Mount<br \/>Alimentation : Secteur<br \/>Contr\u00f4le : On-board, Nanlink App, DMX\/RDM, CRMX,\u00a0WS-RC-C2 Remote Controller (Non fournie mais disponible)<br \/>\u00c9tanch\u00e9it\u00e9 : IP54<br \/>Poids (T\u00eate + Ballast) : ~19 kg<br \/>Consommation \u00e9lectrique : 1 200 W<br \/>Dimensions (avec Lyre): 503 x 368 x 211 mm<\/p>\n","protected":false},"excerpt":{"rendered":"<p>Projecteur daylight ultra puissant con\u00e7u pour remplacer des sources HMI sur des tournages exigeants. Caract\u00e9ristiques principales : Source : LED DaylightTemp\u00e9rature de couleur : 5 600KCRI \/ TLCI : \u2265 96 \/ \u2265 96Monture : NL MountAlimentation : SecteurContr\u00f4le : On-board, Nanlink App, DMX\/RDM, CRMX,\u00a0WS-RC-C2 Remote Controller (Non fournie mais disponible)\u00c9tanch\u00e9it\u00e9 : IP54Poids (T\u00eate + [&hellip;]<\/p>\n","protected":false},"featured_media":2425,"template":"","meta":{"inline_featured_image":false},"product_brand":[],"product_cat":[2016],"product_tag":[],"class_list":{"0":"post-747","1":"product","2":"type-product","3":"status-publish","4":"has-post-thumbnail","6":"product_cat-led-daylight-ponctuelle","8":"first","9":"instock","10":"taxable","11":"shipping-taxable","12":"purchasable","13":"product-type-rentable"},"acf":[],"_links":{"self":[{"href":"https:\/\/indie.rent\/catalogue\/wp-json\/wp\/v2\/product\/747","targetHints":{"allow":["GET"]}}],"collection":[{"href":"https:\/\/indie.rent\/catalogue\/wp-json\/wp\/v2\/product"}],"about":[{"href":"https:\/\/indie.rent\/catalogue\/wp-json\/wp\/v2\/types\/product"}],"version-history":[{"count":0,"href":"https:\/\/indie.rent\/catalogue\/wp-json\/wp\/v2\/product\/747\/revisions"}],"wp:featuredmedia":[{"embeddable":true,"href":"https:\/\/indie.rent\/catalogue\/wp-json\/wp\/v2\/media\/2425"}],"wp:attachment":[{"href":"https:\/\/indie.rent\/catalogue\/wp-json\/wp\/v2\/media?parent=747"}],"wp:term":[{"taxonomy":"product_brand","embeddable":true,"href":"https:\/\/indie.rent\/catalogue\/wp-json\/wp\/v2\/product_brand?post=747"},{"taxonomy":"product_cat","embeddable":true,"href":"https:\/\/indie.rent\/catalogue\/wp-json\/wp\/v2\/product_cat?post=747"},{"taxonomy":"product_tag","embeddable":true,"href":"https:\/\/indie.rent\/catalogue\/wp-json\/wp\/v2\/product_tag?post=747"}],"curies":[{"name":"wp","href":"https:\/\/api.w.org\/{rel}","templated":true}]}}