{"id":746,"date":"2025-01-09T10:07:14","date_gmt":"2025-01-09T09:07:14","guid":{"rendered":"https:\/\/indie.rent\/catalogue\/produit\/sl1-mini-mix\/"},"modified":"2026-04-16T18:32:02","modified_gmt":"2026-04-16T16:32:02","slug":"projecteur-led-couleur-dmg-sl1-mini-mix","status":"publish","type":"product","link":"https:\/\/indie.rent\/catalogue\/produit\/projecteur-led-couleur-dmg-sl1-mini-mix\/","title":{"rendered":"Projecteur LED Couleur DMG SL1 Mini Mix"},"content":{"rendered":"<p>Version compacte du SL1 Mix, le DMG SL1 Mini Mix offre les m\u00eames capacit\u00e9s colorim\u00e9triques dans un format r\u00e9duit.<\/p>\n<p>Id\u00e9al pour les tournages mobiles, les espaces exigus ou les configurations rapides.<\/p>\n<p>Caract\u00e9ristiques principales :<\/p>\n<p>Source : LED RGBWLA<br \/>Temp\u00e9rature de couleur : 1 700K \u2013 10 000K<br \/>CRI \/ TLCI : \u2265 95<br \/>Puissance : 100W<br \/>Alimentation : secteur \/ batterie (14 ou 26V)<br \/>Contr\u00f4le : DMX \/ CRMX \/ Bluetooth<br \/>Dimensions : 585 \u00d7 205 \u00d7 37 mm<br \/>Poids : 2,56 kg<\/p>\n","protected":false},"excerpt":{"rendered":"<p>Version compacte du SL1 Mix, le DMG SL1 Mini Mix offre les m\u00eames capacit\u00e9s colorim\u00e9triques dans un format r\u00e9duit. Id\u00e9al pour les tournages mobiles, les espaces exigus ou les configurations rapides. Caract\u00e9ristiques principales : Source : LED RGBWLATemp\u00e9rature de couleur : 1 700K \u2013 10 000KCRI \/ TLCI : \u2265 95Puissance : 100WAlimentation : secteur [&hellip;]<\/p>\n","protected":false},"featured_media":2071,"template":"","meta":{"inline_featured_image":false},"product_brand":[],"product_cat":[2007],"product_tag":[],"class_list":{"0":"post-746","1":"product","2":"type-product","3":"status-publish","4":"has-post-thumbnail","6":"product_cat-led-couleur-soft","8":"first","9":"instock","10":"featured","11":"taxable","12":"shipping-taxable","13":"purchasable","14":"product-type-rentable"},"acf":[],"_links":{"self":[{"href":"https:\/\/indie.rent\/catalogue\/wp-json\/wp\/v2\/product\/746","targetHints":{"allow":["GET"]}}],"collection":[{"href":"https:\/\/indie.rent\/catalogue\/wp-json\/wp\/v2\/product"}],"about":[{"href":"https:\/\/indie.rent\/catalogue\/wp-json\/wp\/v2\/types\/product"}],"version-history":[{"count":0,"href":"https:\/\/indie.rent\/catalogue\/wp-json\/wp\/v2\/product\/746\/revisions"}],"wp:featuredmedia":[{"embeddable":true,"href":"https:\/\/indie.rent\/catalogue\/wp-json\/wp\/v2\/media\/2071"}],"wp:attachment":[{"href":"https:\/\/indie.rent\/catalogue\/wp-json\/wp\/v2\/media?parent=746"}],"wp:term":[{"taxonomy":"product_brand","embeddable":true,"href":"https:\/\/indie.rent\/catalogue\/wp-json\/wp\/v2\/product_brand?post=746"},{"taxonomy":"product_cat","embeddable":true,"href":"https:\/\/indie.rent\/catalogue\/wp-json\/wp\/v2\/product_cat?post=746"},{"taxonomy":"product_tag","embeddable":true,"href":"https:\/\/indie.rent\/catalogue\/wp-json\/wp\/v2\/product_tag?post=746"}],"curies":[{"name":"wp","href":"https:\/\/api.w.org\/{rel}","templated":true}]}}