{"id":742,"date":"2025-01-09T10:07:13","date_gmt":"2025-01-09T09:07:13","guid":{"rendered":"https:\/\/indie.rent\/catalogue\/produit\/stabilisateur-ronin-s2-rs-2-pro-combo\/"},"modified":"2026-04-16T17:43:59","modified_gmt":"2026-04-16T15:43:59","slug":"stabilisateur-dji-ronin-rs2-bundle-rs-2-pro-charge-max-4-5-kg","status":"publish","type":"product","link":"https:\/\/indie.rent\/catalogue\/produit\/stabilisateur-dji-ronin-rs2-bundle-rs-2-pro-charge-max-4-5-kg\/","title":{"rendered":"Stabilisateur DJI Ronin RS2 &#8211; Bundle RS 2 Pro (Charge Max: 4.5 Kg)"},"content":{"rendered":"<p>Le DJI RS 2 Pro Combo int\u00e8gre plusieurs accessoires suppl\u00e9mentaires avec le stabilisateur RS 2 pour fournir un flux de travail plus complet. Parmi eux, on retrouve un syst\u00e8me de transmission d\u2019image DJI Ronin RavenEye, qui permet une transmission vid\u00e9o 1080p jusqu\u2019\u00e0 100m \u00e0 partir du gimbal avec une latence de seulement 50ms. Les autres accessoires suppl\u00e9mentaires sont le moteur Focus, un kit de support barre pour moteur Focus, une sangle d\u2019engrenage Focus, un support de t\u00e9l\u00e9phone et trois c\u00e2bles HDMI.<\/p>\n<p>Le DJI RS 2 est l\u2019h\u00e9ritier du d\u00e9sormais c\u00e9l\u00e8bre stabilisateur (ou gimbal) DJI Ronin. Cette deuxi\u00e8me version apporte son lot d\u2019am\u00e9lioration. En effet, le RS 2 b\u00e9n\u00e9ficie d\u00e9sormais d\u2019une charge admissible de 4,5 kg, est plus compact et 25% plus l\u00e9ger gr\u00e2ce \u00e0 sa conception en fibre de carbone. DJI annonce \u00e9galement des moteurs 20% plus puissants et peut ainsi prendre en charge des setups tels Sony a7S III avec un objectif 24-70mm f\/2.8 GM, Blackmagic Pocket 6K avec un objectif 24-70mm f\/2.8, Canon 1D X Mark III avec un Objectif 24-70 mm et ALEXA Mini LF avec objectif 35 mm.<\/p>\n<p>Le Ronin RS 2 utilise l\u2019algorithme de stabilisation DJI Titan pour fournir des vid\u00e9os encore plus fluides. D\u00e9sormais \u00e9quip\u00e9 d\u2019un \u00e9cran tactile couleur de 1,4\u2033, le gimbal est tr\u00e8s simple d\u2019utilisation. Il vous permet d\u2019acc\u00e9der aux param\u00e8tres ainsi qu\u2019\u00e0 des fonctionnalit\u00e9s telles que le time-lapse et l\u2019hyperlapse, qui n\u2019\u00e9taient auparavant accessibles que via l\u2019application mobile.<\/p>\n<p>Gr\u00e2ce \u00e0 la poign\u00e9e BG30, le RS 2 offre une autonomie de 12 heures et vous assure ainsi une fiabilit\u00e9 sans faille lors de vos tournages. Il peut \u00eatre port\u00e9 \u00e0 la main et peut se monter partout pour r\u00e9aliser toutes sortes de plans cr\u00e9atifs : grue, voiture, slider etc \u2026<\/p>\n<p>Transmetteur d\u2019Images &#8211; Ronin RavenEye Transmission System &#8211; WV-001<br \/>WIFI SSID: RavenEye-6CBB7F<br \/>Password: ZGDAW2ZT<\/p>\n","protected":false},"excerpt":{"rendered":"<p>Le DJI RS 2 Pro Combo int\u00e8gre plusieurs accessoires suppl\u00e9mentaires avec le stabilisateur RS 2 pour fournir un flux de travail plus complet. Parmi eux, on retrouve un syst\u00e8me de transmission d\u2019image DJI Ronin RavenEye, qui permet une transmission vid\u00e9o 1080p jusqu\u2019\u00e0 100m \u00e0 partir du gimbal avec une latence de seulement 50ms. Les autres [&hellip;]<\/p>\n","protected":false},"featured_media":2371,"template":"","meta":{"inline_featured_image":false},"product_brand":[],"product_cat":[2046],"product_tag":[],"class_list":{"0":"post-742","1":"product","2":"type-product","3":"status-publish","4":"has-post-thumbnail","6":"product_cat-stabilisateur-gyro-1-main","8":"first","9":"instock","10":"featured","11":"taxable","12":"shipping-taxable","13":"purchasable","14":"product-type-rentable"},"acf":[],"_links":{"self":[{"href":"https:\/\/indie.rent\/catalogue\/wp-json\/wp\/v2\/product\/742","targetHints":{"allow":["GET"]}}],"collection":[{"href":"https:\/\/indie.rent\/catalogue\/wp-json\/wp\/v2\/product"}],"about":[{"href":"https:\/\/indie.rent\/catalogue\/wp-json\/wp\/v2\/types\/product"}],"version-history":[{"count":0,"href":"https:\/\/indie.rent\/catalogue\/wp-json\/wp\/v2\/product\/742\/revisions"}],"wp:featuredmedia":[{"embeddable":true,"href":"https:\/\/indie.rent\/catalogue\/wp-json\/wp\/v2\/media\/2371"}],"wp:attachment":[{"href":"https:\/\/indie.rent\/catalogue\/wp-json\/wp\/v2\/media?parent=742"}],"wp:term":[{"taxonomy":"product_brand","embeddable":true,"href":"https:\/\/indie.rent\/catalogue\/wp-json\/wp\/v2\/product_brand?post=742"},{"taxonomy":"product_cat","embeddable":true,"href":"https:\/\/indie.rent\/catalogue\/wp-json\/wp\/v2\/product_cat?post=742"},{"taxonomy":"product_tag","embeddable":true,"href":"https:\/\/indie.rent\/catalogue\/wp-json\/wp\/v2\/product_tag?post=742"}],"curies":[{"name":"wp","href":"https:\/\/api.w.org\/{rel}","templated":true}]}}