{"id":741,"date":"2025-01-09T10:07:13","date_gmt":"2025-01-09T09:07:13","guid":{"rendered":"https:\/\/indie.rent\/catalogue\/produit\/projecteur-led-ax5-par-3-en-1-lot-de-4\/"},"modified":"2026-04-04T00:19:42","modified_gmt":"2026-04-03T22:19:42","slug":"projecteur-led-couleur-astera-ax5-par-3-en-1-lot-de-4","status":"publish","type":"product","link":"https:\/\/indie.rent\/catalogue\/produit\/projecteur-led-couleur-astera-ax5-par-3-en-1-lot-de-4\/","title":{"rendered":"Projecteur LED Couleur ASTERA AX5 \/ PAR &#8220;3 en 1&#8221;- Lot de 4"},"content":{"rendered":"<p>L\u2019AX5 est un projecteur \u00e9quip\u00e9 de 3 diodes LED RGBAW de 15W. Parfaitement autonome, l\u2019AX 5 peut fonctionner sans fil avec une t\u00e9l\u00e9commande Infrarouge , en DMX HF ou filaire et \u00e9galement via une application pour smartphone. Son indice de protection \u00e9tant de classe IP 65 il peut fonctionner \u00e0 l\u2019int\u00e9rieur comme \u00e0 l\u2019ext\u00e9rieur.<\/p>\n<p>Equip\u00e9e de pieds multifonctions , l\u2019AX5 pourra aussi bien se fixer sur une structure ou se poser au sol avec une inclinaison r\u00e9glable. Son spot puissant peut \u00eatre modif\u00e9 au muen des diffuseur Flood et Wallwash fourni dans le kit. Le Wallwash rotatif et le Snoot (C\u00f4ne) sont des accessoires suppl\u00e9mentaires disponible \u00e0 la location.<\/p>\n<p>Caract\u00e9ristiques principales :<\/p>\n<p>Source : LED RGBW<br \/>Temp\u00e9rature de couleur : 3 000K \u2013 6 500K<br \/>CRI \/ TLCI : \u2265 92<br \/>Puissance : 45W<br \/>Intensit\u00e9 lumineuse : \u00e9lev\u00e9e (wash large)<br \/>Alimentation : batterie int\u00e9gr\u00e9e \/ secteur<br \/>Contr\u00f4le : DMX \/ CRMX \/ Bluetooth<br \/>Autonomie : jusqu\u2019\u00e0 20h<br \/>\u00c9tanch\u00e9it\u00e9 : IP65<br \/>Dimensions (avec support) : 190 x 145 x 221 (mm)<br \/>Poids : 3,4 kg<\/p>\n","protected":false},"excerpt":{"rendered":"<p>L\u2019AX5 est un projecteur \u00e9quip\u00e9 de 3 diodes LED RGBAW de 15W. Parfaitement autonome, l\u2019AX 5 peut fonctionner sans fil avec une t\u00e9l\u00e9commande Infrarouge , en DMX HF ou filaire et \u00e9galement via une application pour smartphone. Son indice de protection \u00e9tant de classe IP 65 il peut fonctionner \u00e0 l\u2019int\u00e9rieur comme \u00e0 l\u2019ext\u00e9rieur. Equip\u00e9e [&hellip;]<\/p>\n","protected":false},"featured_media":2337,"template":"","meta":{"inline_featured_image":false},"product_brand":[],"product_cat":[2009],"product_tag":[],"class_list":{"0":"post-741","1":"product","2":"type-product","3":"status-publish","4":"has-post-thumbnail","6":"product_cat-led-couleur-ambiance","8":"first","9":"instock","10":"taxable","11":"shipping-taxable","12":"purchasable","13":"product-type-rentable"},"acf":[],"_links":{"self":[{"href":"https:\/\/indie.rent\/catalogue\/wp-json\/wp\/v2\/product\/741","targetHints":{"allow":["GET"]}}],"collection":[{"href":"https:\/\/indie.rent\/catalogue\/wp-json\/wp\/v2\/product"}],"about":[{"href":"https:\/\/indie.rent\/catalogue\/wp-json\/wp\/v2\/types\/product"}],"version-history":[{"count":2,"href":"https:\/\/indie.rent\/catalogue\/wp-json\/wp\/v2\/product\/741\/revisions"}],"predecessor-version":[{"id":6543,"href":"https:\/\/indie.rent\/catalogue\/wp-json\/wp\/v2\/product\/741\/revisions\/6543"}],"wp:featuredmedia":[{"embeddable":true,"href":"https:\/\/indie.rent\/catalogue\/wp-json\/wp\/v2\/media\/2337"}],"wp:attachment":[{"href":"https:\/\/indie.rent\/catalogue\/wp-json\/wp\/v2\/media?parent=741"}],"wp:term":[{"taxonomy":"product_brand","embeddable":true,"href":"https:\/\/indie.rent\/catalogue\/wp-json\/wp\/v2\/product_brand?post=741"},{"taxonomy":"product_cat","embeddable":true,"href":"https:\/\/indie.rent\/catalogue\/wp-json\/wp\/v2\/product_cat?post=741"},{"taxonomy":"product_tag","embeddable":true,"href":"https:\/\/indie.rent\/catalogue\/wp-json\/wp\/v2\/product_tag?post=741"}],"curies":[{"name":"wp","href":"https:\/\/api.w.org\/{rel}","templated":true}]}}