{"id":740,"date":"2025-01-09T10:07:12","date_gmt":"2025-01-09T09:07:12","guid":{"rendered":"https:\/\/indie.rent\/catalogue\/produit\/skater-dolly-level-5\/"},"modified":"2026-04-16T17:20:05","modified_gmt":"2026-04-16T15:20:05","slug":"skater-dolly-level-5-myt-100-150-200cm","status":"publish","type":"product","link":"https:\/\/indie.rent\/catalogue\/produit\/skater-dolly-level-5-myt-100-150-200cm\/","title":{"rendered":"Skater Dolly Level 5 MYT (100\/150\/200cm)"},"content":{"rendered":"<p>Caract\u00e9ristique principales :<\/p>\n<p>Longueur de rails de 120cm m\u00e8tres ou 240cm<br \/>Possibilit\u00e9 de le monter su pied lumi\u00e8re (en spigot 16 ou 28 m\u00e2le ou femelle)<br \/>Bols disponibles : 75mm, 100mm, 150 (Hi Hat), Mitchell<\/p>\n<p>Le MYT Works Level 5 Universal Skater Kit comprend le Level 5 Skater Dolly polyvalent et divers adaptateurs de montage, un adaptateur de demi-bol pour tr\u00e9pied, un adaptateur pour pied Baby\/Junior et d&#8217;autres accessoires populaires.<\/p>\n<p>Le Level 5 Skater Dolly est un syst\u00e8me modulaire con\u00e7u pour s&#8217;installer en quelques minutes dans de nombreuses configurations cr\u00e9atives et assurer un mouvement fluide de la cam\u00e9ra. Les modules de roues \u00e0 ressort s&#8217;agrippent aux rails pour un mouvement contr\u00f4l\u00e9 tout en maintenant votre cam\u00e9ra en toute s\u00e9curit\u00e9 sur la piste, et le verrouillage des roues emp\u00eache les mouvements incontr\u00f4l\u00e9s. Les plaques de patinage peuvent \u00eatre utilis\u00e9es comme plaques de montage et mont\u00e9es sur des pieds\/tiges ou des rails de n&#8217;importe quelle longueur pour cr\u00e9er un support stationnaire.<\/p>\n<p>Le Level 5 Skater Dolly convient \u00e0 toutes les cam\u00e9ras, qu&#8217;elles soient de taille moyenne ou de grande taille, comme l&#8217;ARRI ALEXA. Les rails se montent sur des tr\u00e9pieds, des pieds Junior, des pieds Light\/Baby\/C, des pieds 19 mm ou Speed Rail, des pieds Baby et diverses alternatives de poign\u00e9es. Les montures plates, 75 mm, 100 mm, 150 mm et Mitchell sont prises en charge.<\/p>\n<p>Le Skater Dolly de Level 5 est con\u00e7u, fabriqu\u00e9 et assembl\u00e9 \u00e0 New York \u00e0 partir d&#8217;acier et d&#8217;aluminium usin\u00e9s de qualit\u00e9 industrielle. Aucun outil encombrant ou sp\u00e9cial n&#8217;est n\u00e9cessaire pour l&#8217;installation ou le d\u00e9montage.<\/p>\n<p>         Voir cette publication sur Instagram            Une publication partag\u00e9e par Indie Loc (@indie_la_location) le 14 Mai 2019 \u00e0 2 :11 PDT<\/p>\n","protected":false},"excerpt":{"rendered":"<p>Caract\u00e9ristique principales : Longueur de rails de 120cm m\u00e8tres ou 240cmPossibilit\u00e9 de le monter su pied lumi\u00e8re (en spigot 16 ou 28 m\u00e2le ou femelle)Bols disponibles : 75mm, 100mm, 150 (Hi Hat), Mitchell Le MYT Works Level 5 Universal Skater Kit comprend le Level 5 Skater Dolly polyvalent et divers adaptateurs de montage, un adaptateur [&hellip;]<\/p>\n","protected":false},"featured_media":2136,"template":"","meta":{"inline_featured_image":false},"product_brand":[],"product_cat":[2050],"product_tag":[],"class_list":{"0":"post-740","1":"product","2":"type-product","3":"status-publish","4":"has-post-thumbnail","6":"product_cat-slider-lourd","8":"first","9":"instock","10":"taxable","11":"shipping-taxable","12":"purchasable","13":"product-type-rentable"},"acf":[],"_links":{"self":[{"href":"https:\/\/indie.rent\/catalogue\/wp-json\/wp\/v2\/product\/740","targetHints":{"allow":["GET"]}}],"collection":[{"href":"https:\/\/indie.rent\/catalogue\/wp-json\/wp\/v2\/product"}],"about":[{"href":"https:\/\/indie.rent\/catalogue\/wp-json\/wp\/v2\/types\/product"}],"version-history":[{"count":0,"href":"https:\/\/indie.rent\/catalogue\/wp-json\/wp\/v2\/product\/740\/revisions"}],"wp:featuredmedia":[{"embeddable":true,"href":"https:\/\/indie.rent\/catalogue\/wp-json\/wp\/v2\/media\/2136"}],"wp:attachment":[{"href":"https:\/\/indie.rent\/catalogue\/wp-json\/wp\/v2\/media?parent=740"}],"wp:term":[{"taxonomy":"product_brand","embeddable":true,"href":"https:\/\/indie.rent\/catalogue\/wp-json\/wp\/v2\/product_brand?post=740"},{"taxonomy":"product_cat","embeddable":true,"href":"https:\/\/indie.rent\/catalogue\/wp-json\/wp\/v2\/product_cat?post=740"},{"taxonomy":"product_tag","embeddable":true,"href":"https:\/\/indie.rent\/catalogue\/wp-json\/wp\/v2\/product_tag?post=740"}],"curies":[{"name":"wp","href":"https:\/\/api.w.org\/{rel}","templated":true}]}}