{"id":738,"date":"2025-01-09T10:07:12","date_gmt":"2025-01-09T09:07:12","guid":{"rendered":"https:\/\/indie.rent\/catalogue\/produit\/large-glide-camera-slider-120cm\/"},"modified":"2026-04-16T17:13:52","modified_gmt":"2026-04-16T15:13:52","slug":"large-glide-camera-slider-myt-120cm","status":"publish","type":"product","link":"https:\/\/indie.rent\/catalogue\/produit\/large-glide-camera-slider-myt-120cm\/","title":{"rendered":"Large Glide Camera Slider &#8211; MYT (120cm)"},"content":{"rendered":"<p>Caract\u00e9ristiques principales :<\/p>\n<p>Longueur du rail : 123cm<br \/>Distance parcouru par le charriot : 88cm<br \/>Charge maximale : 90 Kg<\/p>\n<p>Le Large Glide Camera Slider de MYT Works est con\u00e7u pour des mouvements fluides et des d\u00e9marrages et arr\u00eats pr\u00e9cis. Il supporte jusqu&#8217;aux plus grandes cam\u00e9ras dans diverses configurations modulaires, et offre la durabilit\u00e9 n\u00e9cessaire pour r\u00e9sister \u00e0 une usure prolong\u00e9e et \u00e0 des conditions m\u00e9t\u00e9orologiques extr\u00eames. Vous pouvez l&#8217;utiliser en toute s\u00e9curit\u00e9 dans des environnements difficiles, tels que les d\u00e9serts poussi\u00e9reux, les for\u00eats tropicales humides et les toundras s\u00e8ches. Il est fabriqu\u00e9es \u00e0 New York, aux \u00c9tats-Unis, et usin\u00e9 \u00e0 partir d&#8217;acier et d&#8217;aluminium de qualit\u00e9 industrielle. Ce Large Glide Camera Slider mesure 120cm de long et dispose d&#8217;un bol de 100 mm. Un Hi Hat pour bol 150 est \u00e9galement fourni. Ce slider poss\u00e8de des rails \u00e0 double extrusion de 16 mm et supporte des charges allant jusqu&#8217;\u00e0 90 Kg<\/p>\n<p>         Voir cette publication sur Instagram            Une publication partag\u00e9e par Indie Loc (@indie_la_location) le 13 Juil. 2018 \u00e0 12 :28 PDT<\/p>\n","protected":false},"excerpt":{"rendered":"<p>Caract\u00e9ristiques principales : Longueur du rail : 123cmDistance parcouru par le charriot : 88cmCharge maximale : 90 Kg Le Large Glide Camera Slider de MYT Works est con\u00e7u pour des mouvements fluides et des d\u00e9marrages et arr\u00eats pr\u00e9cis. Il supporte jusqu&#8217;aux plus grandes cam\u00e9ras dans diverses configurations modulaires, et offre la durabilit\u00e9 n\u00e9cessaire pour r\u00e9sister [&hellip;]<\/p>\n","protected":false},"featured_media":2033,"template":"","meta":{"inline_featured_image":false},"product_brand":[],"product_cat":[2050],"product_tag":[],"class_list":{"0":"post-738","1":"product","2":"type-product","3":"status-publish","4":"has-post-thumbnail","6":"product_cat-slider-lourd","8":"first","9":"instock","10":"featured","11":"taxable","12":"shipping-taxable","13":"purchasable","14":"product-type-rentable"},"acf":[],"_links":{"self":[{"href":"https:\/\/indie.rent\/catalogue\/wp-json\/wp\/v2\/product\/738","targetHints":{"allow":["GET"]}}],"collection":[{"href":"https:\/\/indie.rent\/catalogue\/wp-json\/wp\/v2\/product"}],"about":[{"href":"https:\/\/indie.rent\/catalogue\/wp-json\/wp\/v2\/types\/product"}],"version-history":[{"count":0,"href":"https:\/\/indie.rent\/catalogue\/wp-json\/wp\/v2\/product\/738\/revisions"}],"wp:featuredmedia":[{"embeddable":true,"href":"https:\/\/indie.rent\/catalogue\/wp-json\/wp\/v2\/media\/2033"}],"wp:attachment":[{"href":"https:\/\/indie.rent\/catalogue\/wp-json\/wp\/v2\/media?parent=738"}],"wp:term":[{"taxonomy":"product_brand","embeddable":true,"href":"https:\/\/indie.rent\/catalogue\/wp-json\/wp\/v2\/product_brand?post=738"},{"taxonomy":"product_cat","embeddable":true,"href":"https:\/\/indie.rent\/catalogue\/wp-json\/wp\/v2\/product_cat?post=738"},{"taxonomy":"product_tag","embeddable":true,"href":"https:\/\/indie.rent\/catalogue\/wp-json\/wp\/v2\/product_tag?post=738"}],"curies":[{"name":"wp","href":"https:\/\/api.w.org\/{rel}","templated":true}]}}