{"id":736,"date":"2025-01-09T10:07:11","date_gmt":"2025-01-09T09:07:11","guid":{"rendered":"https:\/\/indie.rent\/catalogue\/produit\/sl1-switch\/"},"modified":"2026-04-04T00:19:14","modified_gmt":"2026-04-03T22:19:14","slug":"projecteur-dmg-sl1-switch","status":"publish","type":"product","link":"https:\/\/indie.rent\/catalogue\/produit\/projecteur-dmg-sl1-switch\/","title":{"rendered":"Projecteur DMG SL1 Switch"},"content":{"rendered":"<p>Projecteur LED bi-couleur robuste et polyvalent, le DMG SL1 Switch est une solution l\u00e9g\u00e8re et rapide pour les tournages mobiles.<\/p>\n<p>Il permet d\u2019ajuster la temp\u00e9rature de couleur tout en conservant une lumi\u00e8re douce et uniforme.<\/p>\n<p>Caract\u00e9ristiques principales<br \/>Source : LED Bi-Color<br \/>Temp\u00e9rature de couleur : 3 000K \u2013 5 600K<br \/>CRI \/ TLCI : \u2265 95<br \/>Puissance : 170W<br \/>Alimentation : secteur \/ batterie (14V)<br \/>Contr\u00f4le : DMX \/ Bluetooth (app)<br \/>Dimensions : 1130 \u00d7 200 \u00d7 20 mm<br \/>Poids : 3,4 kg<\/p>\n","protected":false},"excerpt":{"rendered":"<p>Projecteur LED bi-couleur robuste et polyvalent, le DMG SL1 Switch est une solution l\u00e9g\u00e8re et rapide pour les tournages mobiles. Il permet d\u2019ajuster la temp\u00e9rature de couleur tout en conservant une lumi\u00e8re douce et uniforme. Caract\u00e9ristiques principalesSource : LED Bi-ColorTemp\u00e9rature de couleur : 3 000K \u2013 5 600KCRI \/ TLCI : \u2265 95Puissance : 170WAlimentation [&hellip;]<\/p>\n","protected":false},"featured_media":1883,"template":"","meta":{"inline_featured_image":false},"product_brand":[],"product_cat":[2012],"product_tag":[],"class_list":{"0":"post-736","1":"product","2":"type-product","3":"status-publish","4":"has-post-thumbnail","6":"product_cat-led-bicolor-soft","8":"first","9":"instock","10":"taxable","11":"shipping-taxable","12":"purchasable","13":"product-type-rentable"},"acf":[],"_links":{"self":[{"href":"https:\/\/indie.rent\/catalogue\/wp-json\/wp\/v2\/product\/736","targetHints":{"allow":["GET"]}}],"collection":[{"href":"https:\/\/indie.rent\/catalogue\/wp-json\/wp\/v2\/product"}],"about":[{"href":"https:\/\/indie.rent\/catalogue\/wp-json\/wp\/v2\/types\/product"}],"version-history":[{"count":2,"href":"https:\/\/indie.rent\/catalogue\/wp-json\/wp\/v2\/product\/736\/revisions"}],"predecessor-version":[{"id":6498,"href":"https:\/\/indie.rent\/catalogue\/wp-json\/wp\/v2\/product\/736\/revisions\/6498"}],"wp:featuredmedia":[{"embeddable":true,"href":"https:\/\/indie.rent\/catalogue\/wp-json\/wp\/v2\/media\/1883"}],"wp:attachment":[{"href":"https:\/\/indie.rent\/catalogue\/wp-json\/wp\/v2\/media?parent=736"}],"wp:term":[{"taxonomy":"product_brand","embeddable":true,"href":"https:\/\/indie.rent\/catalogue\/wp-json\/wp\/v2\/product_brand?post=736"},{"taxonomy":"product_cat","embeddable":true,"href":"https:\/\/indie.rent\/catalogue\/wp-json\/wp\/v2\/product_cat?post=736"},{"taxonomy":"product_tag","embeddable":true,"href":"https:\/\/indie.rent\/catalogue\/wp-json\/wp\/v2\/product_tag?post=736"}],"curies":[{"name":"wp","href":"https:\/\/api.w.org\/{rel}","templated":true}]}}