{"id":735,"date":"2025-01-09T10:07:11","date_gmt":"2025-01-09T09:07:11","guid":{"rendered":"https:\/\/indie.rent\/catalogue\/produit\/movi-m5\/"},"modified":"2026-04-14T17:14:32","modified_gmt":"2026-04-14T15:14:32","slug":"stabilisateur-freefly-movi-m5-charge-max-2-3-kg","status":"publish","type":"product","link":"https:\/\/indie.rent\/catalogue\/produit\/stabilisateur-freefly-movi-m5-charge-max-2-3-kg\/","title":{"rendered":"Stabilisateur FREEFLY Movi M5 (Charge Max: 2.3 Kg)"},"content":{"rendered":"<p>Stabilisateur Movi M5<\/p>\n<p>Le stabilisateur motoris\u00e9 Freefly Movi M5 permet d\u2019effectuer des mouvements tr\u00e8s fluides et tr\u00e8s stables gr\u00e2ce \u00e0 son syst\u00e8me de stabilisation motoris\u00e9 sur 3 axes.<\/p>\n<p>Le Movi M5 est con\u00e7u de sorte \u00e0 \u00eatre \u00e0 la fois compacte et l\u00e9ger pour permettre aux utilisateurs d\u2019effectuer des mouvements de cam\u00e9ra complexes qui serait impossible avec une configuration plus imposante. Il peut supporter une charge maximale de 2,3 kg. La cage cam\u00e9ra est enti\u00e8rement ferm\u00e9e afin d\u2019avoir plus de rigidit\u00e9 et de stabilit\u00e9, toute la partie c\u00e2blage est enti\u00e8rement prot\u00e9g\u00e9. <\/p>\n<p>Il poss\u00e8de un \u00e9quilibrage simplifi\u00e9 permet \u00e0 n\u2019importe quel utilisateur d\u2019\u00e9quilibrer facilement sa cam\u00e9ra, d\u2019autant plus qu\u2019il n\u2019est pas n\u00e9cessaire d\u2019avoir des outils pour le faire.<\/p>\n","protected":false},"excerpt":{"rendered":"<p>Stabilisateur Movi M5 Le stabilisateur motoris\u00e9 Freefly Movi M5 permet d\u2019effectuer des mouvements tr\u00e8s fluides et tr\u00e8s stables gr\u00e2ce \u00e0 son syst\u00e8me de stabilisation motoris\u00e9 sur 3 axes. Le Movi M5 est con\u00e7u de sorte \u00e0 \u00eatre \u00e0 la fois compacte et l\u00e9ger pour permettre aux utilisateurs d\u2019effectuer des mouvements de cam\u00e9ra complexes qui serait [&hellip;]<\/p>\n","protected":false},"featured_media":1865,"template":"","meta":{"inline_featured_image":false},"product_brand":[],"product_cat":[2045],"product_tag":[],"class_list":{"0":"post-735","1":"product","2":"type-product","3":"status-publish","4":"has-post-thumbnail","6":"product_cat-stabilisateur-gyro","8":"first","9":"instock","10":"taxable","11":"shipping-taxable","12":"purchasable","13":"product-type-rentable"},"acf":[],"_links":{"self":[{"href":"https:\/\/indie.rent\/catalogue\/wp-json\/wp\/v2\/product\/735","targetHints":{"allow":["GET"]}}],"collection":[{"href":"https:\/\/indie.rent\/catalogue\/wp-json\/wp\/v2\/product"}],"about":[{"href":"https:\/\/indie.rent\/catalogue\/wp-json\/wp\/v2\/types\/product"}],"version-history":[{"count":0,"href":"https:\/\/indie.rent\/catalogue\/wp-json\/wp\/v2\/product\/735\/revisions"}],"wp:featuredmedia":[{"embeddable":true,"href":"https:\/\/indie.rent\/catalogue\/wp-json\/wp\/v2\/media\/1865"}],"wp:attachment":[{"href":"https:\/\/indie.rent\/catalogue\/wp-json\/wp\/v2\/media?parent=735"}],"wp:term":[{"taxonomy":"product_brand","embeddable":true,"href":"https:\/\/indie.rent\/catalogue\/wp-json\/wp\/v2\/product_brand?post=735"},{"taxonomy":"product_cat","embeddable":true,"href":"https:\/\/indie.rent\/catalogue\/wp-json\/wp\/v2\/product_cat?post=735"},{"taxonomy":"product_tag","embeddable":true,"href":"https:\/\/indie.rent\/catalogue\/wp-json\/wp\/v2\/product_tag?post=735"}],"curies":[{"name":"wp","href":"https:\/\/api.w.org\/{rel}","templated":true}]}}