{"id":734,"date":"2025-01-09T10:07:10","date_gmt":"2025-01-09T09:07:10","guid":{"rendered":"https:\/\/indie.rent\/catalogue\/produit\/mini-skater-ps-techniks\/"},"modified":"2026-04-15T17:22:28","modified_gmt":"2026-04-15T15:22:28","slug":"mini-skater-ps-techniks","status":"publish","type":"product","link":"https:\/\/indie.rent\/catalogue\/produit\/mini-skater-ps-techniks\/","title":{"rendered":"Mini Skater P+S Techniks"},"content":{"rendered":"<p>Le Mini Skater Dolly (avec BERCEAU +\/- 30\u00b0) vous permet d&#8217;effectuer des mouvements de travelling lin\u00e9aires ou circulaires pr\u00e9cis en un minimum de temps d&#8217;installation. Il vous facilitera notamment les prises de vues ras du sol ou les pack shot. Ce &#8220;Table Top Dolly&#8221;  de tr\u00e8s haute qualit\u00e9 ne p\u00e8se que 3.8kg et peut supporter jusqu&#8217;\u00e0 30kg.<\/p>\n","protected":false},"excerpt":{"rendered":"<p>Le Mini Skater Dolly (avec BERCEAU +\/- 30\u00b0) vous permet d&#8217;effectuer des mouvements de travelling lin\u00e9aires ou circulaires pr\u00e9cis en un minimum de temps d&#8217;installation. Il vous facilitera notamment les prises de vues ras du sol ou les pack shot. Ce &#8220;Table Top Dolly&#8221; de tr\u00e8s haute qualit\u00e9 ne p\u00e8se que 3.8kg et peut supporter [&hellip;]<\/p>\n","protected":false},"featured_media":2193,"template":"","meta":{"inline_featured_image":false},"product_brand":[],"product_cat":[2056],"product_tag":[],"class_list":{"0":"post-734","1":"product","2":"type-product","3":"status-publish","4":"has-post-thumbnail","6":"product_cat-skaters","8":"first","9":"instock","10":"taxable","11":"shipping-taxable","12":"purchasable","13":"product-type-rentable"},"acf":[],"_links":{"self":[{"href":"https:\/\/indie.rent\/catalogue\/wp-json\/wp\/v2\/product\/734","targetHints":{"allow":["GET"]}}],"collection":[{"href":"https:\/\/indie.rent\/catalogue\/wp-json\/wp\/v2\/product"}],"about":[{"href":"https:\/\/indie.rent\/catalogue\/wp-json\/wp\/v2\/types\/product"}],"version-history":[{"count":0,"href":"https:\/\/indie.rent\/catalogue\/wp-json\/wp\/v2\/product\/734\/revisions"}],"wp:featuredmedia":[{"embeddable":true,"href":"https:\/\/indie.rent\/catalogue\/wp-json\/wp\/v2\/media\/2193"}],"wp:attachment":[{"href":"https:\/\/indie.rent\/catalogue\/wp-json\/wp\/v2\/media?parent=734"}],"wp:term":[{"taxonomy":"product_brand","embeddable":true,"href":"https:\/\/indie.rent\/catalogue\/wp-json\/wp\/v2\/product_brand?post=734"},{"taxonomy":"product_cat","embeddable":true,"href":"https:\/\/indie.rent\/catalogue\/wp-json\/wp\/v2\/product_cat?post=734"},{"taxonomy":"product_tag","embeddable":true,"href":"https:\/\/indie.rent\/catalogue\/wp-json\/wp\/v2\/product_tag?post=734"}],"curies":[{"name":"wp","href":"https:\/\/api.w.org\/{rel}","templated":true}]}}