{"id":733,"date":"2025-01-09T10:07:09","date_gmt":"2025-01-09T09:07:09","guid":{"rendered":"https:\/\/indie.rent\/catalogue\/produit\/air-light-h44c-120x120cm\/"},"modified":"2026-04-16T18:15:08","modified_gmt":"2026-04-16T16:15:08","slug":"projecteur-led-couleur-pheon-lux-air-light-h44c-120x120cm","status":"publish","type":"product","link":"https:\/\/indie.rent\/catalogue\/produit\/projecteur-led-couleur-pheon-lux-air-light-h44c-120x120cm\/","title":{"rendered":"Projecteur LED Couleur PHEON LUX Air Light H44C 120x120cm"},"content":{"rendered":"<p>Projecteur LED RGBW haute puissance, le Pheon Lux H44C est con\u00e7u pour les productions n\u00e9cessitant une source LED l\u00e9g\u00e8re avec un contr\u00f4le couleur avanc\u00e9.<\/p>\n<p>Il d\u00e9livre une forte intensit\u00e9 lumineuse, id\u00e9ale pour remplacer des sources traditionnelles tout en conservant une grande flexibilit\u00e9.<\/p>\n<p>Caract\u00e9ristiques principales :<\/p>\n<p>Source : LED RGBWW<br \/>Temp\u00e9rature de couleur : 2 000K \u2013 10 000K<br \/>CRI \/ TLCI : \u2265 95<br \/>Puissance : 380W<br \/>Alimentation : secteur (batterie 14 ou 26V X2)<br \/>Contr\u00f4le : DMX \/ CRMX \/ Bluetooth<br \/>Dimensions : env. 450 \u00d7 450 \u00d7 150 mm<br \/>Poids (T\u00eate) : 3 kg<\/p>\n","protected":false},"excerpt":{"rendered":"<p>Projecteur LED RGBW haute puissance, le Pheon Lux H44C est con\u00e7u pour les productions n\u00e9cessitant une source LED l\u00e9g\u00e8re avec un contr\u00f4le couleur avanc\u00e9. Il d\u00e9livre une forte intensit\u00e9 lumineuse, id\u00e9ale pour remplacer des sources traditionnelles tout en conservant une grande flexibilit\u00e9. Caract\u00e9ristiques principales : Source : LED RGBWWTemp\u00e9rature de couleur : 2 000K \u2013 [&hellip;]<\/p>\n","protected":false},"featured_media":2706,"template":"","meta":{"inline_featured_image":false},"product_brand":[],"product_cat":[2007],"product_tag":[],"class_list":{"0":"post-733","1":"product","2":"type-product","3":"status-publish","4":"has-post-thumbnail","6":"product_cat-led-couleur-soft","8":"first","9":"instock","10":"taxable","11":"shipping-taxable","12":"purchasable","13":"product-type-rentable"},"acf":[],"_links":{"self":[{"href":"https:\/\/indie.rent\/catalogue\/wp-json\/wp\/v2\/product\/733","targetHints":{"allow":["GET"]}}],"collection":[{"href":"https:\/\/indie.rent\/catalogue\/wp-json\/wp\/v2\/product"}],"about":[{"href":"https:\/\/indie.rent\/catalogue\/wp-json\/wp\/v2\/types\/product"}],"version-history":[{"count":0,"href":"https:\/\/indie.rent\/catalogue\/wp-json\/wp\/v2\/product\/733\/revisions"}],"wp:featuredmedia":[{"embeddable":true,"href":"https:\/\/indie.rent\/catalogue\/wp-json\/wp\/v2\/media\/2706"}],"wp:attachment":[{"href":"https:\/\/indie.rent\/catalogue\/wp-json\/wp\/v2\/media?parent=733"}],"wp:term":[{"taxonomy":"product_brand","embeddable":true,"href":"https:\/\/indie.rent\/catalogue\/wp-json\/wp\/v2\/product_brand?post=733"},{"taxonomy":"product_cat","embeddable":true,"href":"https:\/\/indie.rent\/catalogue\/wp-json\/wp\/v2\/product_cat?post=733"},{"taxonomy":"product_tag","embeddable":true,"href":"https:\/\/indie.rent\/catalogue\/wp-json\/wp\/v2\/product_tag?post=733"}],"curies":[{"name":"wp","href":"https:\/\/api.w.org\/{rel}","templated":true}]}}