{"id":731,"date":"2025-01-09T10:07:08","date_gmt":"2025-01-09T09:07:08","guid":{"rendered":"https:\/\/indie.rent\/catalogue\/produit\/tete-fluide-oconnor-2560-en-bol-150mm-et-mitchell\/"},"modified":"2026-04-16T17:11:48","modified_gmt":"2026-04-16T15:11:48","slug":"tete-fluide-oconnor-2560-en-bol-150mm-et-mitchell","status":"publish","type":"product","link":"https:\/\/indie.rent\/catalogue\/produit\/tete-fluide-oconnor-2560-en-bol-150mm-et-mitchell\/","title":{"rendered":"T\u00eate Fluide OCONNOR  2560 en bol 150mm et Mitchell"},"content":{"rendered":"<p>La t\u00eate fluide O&#8217;Connor Ultimate 2560 Fluid Head Package est con\u00e7ue pour une utilisation avec les cam\u00e9ras cin\u00e9ma num\u00e9riques actuelles.<\/p>\n<p>Pesant moins de 8 kg, la t\u00eate fluide O&#8217;Connor 2560 est capable de soutenir une charge de 30 kg, ce qui en fait une t\u00eate id\u00e9ale pour soutenir une ARRI Alexa dans une configuration portable ou une cam\u00e9ra num\u00e9rique l\u00e9g\u00e8re en configuration studio.<\/p>\n<p>D&#8217;utilisation tr\u00e8s intuitive, la Fluid Head O&#8217;Connor 2560 dispose d&#8217;un syst\u00e8me brevet\u00e9 de contrepoids sinusoidal pour une stabilit\u00e9 sur toute la ligne de tilt.<\/p>\n<p>Fonctionnalit\u00e9s principales :<br \/>&#8211; Soutient jusqu&#8217;\u00e0 30 kg et avec un centre de gravit\u00e9 d\u00e9cal\u00e9 \u00e0 15cm au-dessus de la plateforme<br \/>&#8211; Sa conception en magn\u00e9sium et fibre de carbone lui permet de peser moins de 8 kg<br \/>&#8211; Contr\u00f4les adapt\u00e9s aux habitudes des techniciens sp\u00e9cialis\u00e9s, avec syst\u00e8mes de freins et de rosettes<br \/>&#8211; Syst\u00e8me de contre-poids sinusoidal<br \/>&#8211; Contr\u00f4le de Pan et de Tilt fluide et sans \u00e0-coup<\/p>\n","protected":false},"excerpt":{"rendered":"<p>La t\u00eate fluide O&#8217;Connor Ultimate 2560 Fluid Head Package est con\u00e7ue pour une utilisation avec les cam\u00e9ras cin\u00e9ma num\u00e9riques actuelles. Pesant moins de 8 kg, la t\u00eate fluide O&#8217;Connor 2560 est capable de soutenir une charge de 30 kg, ce qui en fait une t\u00eate id\u00e9ale pour soutenir une ARRI Alexa dans une configuration portable [&hellip;]<\/p>\n","protected":false},"featured_media":1973,"template":"","meta":{"inline_featured_image":false},"product_brand":[],"product_cat":[2037],"product_tag":[],"class_list":{"0":"post-731","1":"product","2":"type-product","3":"status-publish","4":"has-post-thumbnail","6":"product_cat-tete-et-trepied-mitchell","8":"first","9":"instock","10":"taxable","11":"shipping-taxable","12":"purchasable","13":"product-type-rentable"},"acf":[],"_links":{"self":[{"href":"https:\/\/indie.rent\/catalogue\/wp-json\/wp\/v2\/product\/731","targetHints":{"allow":["GET"]}}],"collection":[{"href":"https:\/\/indie.rent\/catalogue\/wp-json\/wp\/v2\/product"}],"about":[{"href":"https:\/\/indie.rent\/catalogue\/wp-json\/wp\/v2\/types\/product"}],"version-history":[{"count":0,"href":"https:\/\/indie.rent\/catalogue\/wp-json\/wp\/v2\/product\/731\/revisions"}],"wp:featuredmedia":[{"embeddable":true,"href":"https:\/\/indie.rent\/catalogue\/wp-json\/wp\/v2\/media\/1973"}],"wp:attachment":[{"href":"https:\/\/indie.rent\/catalogue\/wp-json\/wp\/v2\/media?parent=731"}],"wp:term":[{"taxonomy":"product_brand","embeddable":true,"href":"https:\/\/indie.rent\/catalogue\/wp-json\/wp\/v2\/product_brand?post=731"},{"taxonomy":"product_cat","embeddable":true,"href":"https:\/\/indie.rent\/catalogue\/wp-json\/wp\/v2\/product_cat?post=731"},{"taxonomy":"product_tag","embeddable":true,"href":"https:\/\/indie.rent\/catalogue\/wp-json\/wp\/v2\/product_tag?post=731"}],"curies":[{"name":"wp","href":"https:\/\/api.w.org\/{rel}","templated":true}]}}