{"id":730,"date":"2025-01-09T10:07:07","date_gmt":"2025-01-09T09:07:07","guid":{"rendered":"https:\/\/indie.rent\/catalogue\/produit\/aputure-ls-600x-pro\/"},"modified":"2026-04-04T00:19:44","modified_gmt":"2026-04-03T22:19:44","slug":"projecteur-aputure-ls-600x-pro","status":"publish","type":"product","link":"https:\/\/indie.rent\/catalogue\/produit\/projecteur-aputure-ls-600x-pro\/","title":{"rendered":"Projecteur APUTURE LS 600X Pro"},"content":{"rendered":"<p>Projecteur bi-color puissant et polyvalent, id\u00e9al pour s\u2019adapter rapidement \u00e0 toutes les situations de tournage. Convient aussi bien aux interviews qu\u2019\u00e0 la fiction ou la publicit\u00e9.<\/p>\n<p>Caract\u00e9ristiques principales :<\/p>\n<p>Source : LED bi-color<br \/>Temp\u00e9rature de couleur : 2 700K \u2013 6 500K<br \/>CRI \/ TLCI : \u2265 96 \/ \u2265 96<br \/>Monture : Bowens<br \/>Alimentation : Secteur \/ 2x Batteries V-Mount\u00a0 22V-33.6V (26V\/18A, 28.8V\/16A)<br \/>Contr\u00f4le : On-board, Sidus Link App, DMX\/RDM, LumenRadio CRMX<br \/>\u00c9tanch\u00e9it\u00e9 : IP54<br \/>Poids : ~12 kg (t\u00eate + ballast)<br \/>Consommation \u00e9lectrique : 720 W<br \/>Dimensions (t\u00eate) : 320 mm \u00d7 436 mm \u00d7 248 mm<\/p>\n","protected":false},"excerpt":{"rendered":"<p>Projecteur bi-color puissant et polyvalent, id\u00e9al pour s\u2019adapter rapidement \u00e0 toutes les situations de tournage. Convient aussi bien aux interviews qu\u2019\u00e0 la fiction ou la publicit\u00e9. Caract\u00e9ristiques principales : Source : LED bi-colorTemp\u00e9rature de couleur : 2 700K \u2013 6 500KCRI \/ TLCI : \u2265 96 \/ \u2265 96Monture : BowensAlimentation : Secteur \/ 2x [&hellip;]<\/p>\n","protected":false},"featured_media":2451,"template":"","meta":{"inline_featured_image":false},"product_brand":[],"product_cat":[2013],"product_tag":[],"class_list":{"0":"post-730","1":"product","2":"type-product","3":"status-publish","4":"has-post-thumbnail","6":"product_cat-led-bicolor-ponctuelle","8":"first","9":"instock","10":"taxable","11":"shipping-taxable","12":"purchasable","13":"product-type-rentable"},"acf":[],"_links":{"self":[{"href":"https:\/\/indie.rent\/catalogue\/wp-json\/wp\/v2\/product\/730","targetHints":{"allow":["GET"]}}],"collection":[{"href":"https:\/\/indie.rent\/catalogue\/wp-json\/wp\/v2\/product"}],"about":[{"href":"https:\/\/indie.rent\/catalogue\/wp-json\/wp\/v2\/types\/product"}],"version-history":[{"count":2,"href":"https:\/\/indie.rent\/catalogue\/wp-json\/wp\/v2\/product\/730\/revisions"}],"predecessor-version":[{"id":6495,"href":"https:\/\/indie.rent\/catalogue\/wp-json\/wp\/v2\/product\/730\/revisions\/6495"}],"wp:featuredmedia":[{"embeddable":true,"href":"https:\/\/indie.rent\/catalogue\/wp-json\/wp\/v2\/media\/2451"}],"wp:attachment":[{"href":"https:\/\/indie.rent\/catalogue\/wp-json\/wp\/v2\/media?parent=730"}],"wp:term":[{"taxonomy":"product_brand","embeddable":true,"href":"https:\/\/indie.rent\/catalogue\/wp-json\/wp\/v2\/product_brand?post=730"},{"taxonomy":"product_cat","embeddable":true,"href":"https:\/\/indie.rent\/catalogue\/wp-json\/wp\/v2\/product_cat?post=730"},{"taxonomy":"product_tag","embeddable":true,"href":"https:\/\/indie.rent\/catalogue\/wp-json\/wp\/v2\/product_tag?post=730"}],"curies":[{"name":"wp","href":"https:\/\/api.w.org\/{rel}","templated":true}]}}