{"id":7298,"date":"2026-04-16T12:58:09","date_gmt":"2026-04-16T10:58:09","guid":{"rendered":"https:\/\/indie.rent\/catalogue\/produit\/boitier-dextension-tc-genlock-pour-red-komod-raptor-eb1\/"},"modified":"2026-04-16T18:31:54","modified_gmt":"2026-04-16T16:31:54","slug":"boitier-dextension-tc-genlock-pour-red-komod-raptor-eb1","status":"publish","type":"product","link":"https:\/\/indie.rent\/catalogue\/produit\/boitier-dextension-tc-genlock-pour-red-komod-raptor-eb1\/","title":{"rendered":"Boitier d&#8217;Extension TC\/Genlock pour Red Komod\/Raptor (EB1)"},"content":{"rendered":"<p>Ce bo\u00eetier r\u00e9partiteur fournit une d\u00e9rivation pour le connecteur EXT de la Red Komodo &amp; Raptor. Il peut s&#8217;attacher \u00e0 la fente de batterie BP-9 sur une RED Komodo.\u00a0<\/p>\n<p>Ce r\u00e9partiteur ajoute les entr\u00e9es\/sorites suivantes:<\/p>\n<p>1x Entr\u00e9e Genlock (BNC)<\/p>\n<p>1x Entr\u00e9e Timecode (Lemo 0B 5pin)<\/p>\n<p>1x Entr\u00e9e CTRL (Lemo 00B 4pin)<\/p>\n<p>1x Entr\u00e9e Start\/Stop (fischer 3pin)<\/p>\n<p>1x Sortie USB-A 5V\u00a0\u00a0<\/p>\n<p>1x Entr\u00e9e\/Sortie EXT (Lemo 0B 9pin)<\/p>\n","protected":false},"excerpt":{"rendered":"<p>Ce bo\u00eetier r\u00e9partiteur fournit une d\u00e9rivation pour le connecteur EXT de la Red Komodo &amp; Raptor. Il peut s&#8217;attacher \u00e0 la fente de batterie BP-9 sur une RED Komodo.\u00a0 Ce r\u00e9partiteur ajoute les entr\u00e9es\/sorites suivantes: 1x Entr\u00e9e Genlock (BNC) 1x Entr\u00e9e Timecode (Lemo 0B 5pin) 1x Entr\u00e9e CTRL (Lemo 00B 4pin) 1x Entr\u00e9e Start\/Stop (fischer [&hellip;]<\/p>\n","protected":false},"featured_media":0,"template":"","meta":{"inline_featured_image":false},"product_brand":[],"product_cat":[1951],"product_tag":[],"class_list":{"0":"post-7298","1":"product","2":"type-product","3":"status-publish","5":"product_cat-accessoires-red","7":"first","8":"instock","9":"taxable","10":"shipping-taxable","11":"purchasable","12":"product-type-rentable"},"acf":[],"_links":{"self":[{"href":"https:\/\/indie.rent\/catalogue\/wp-json\/wp\/v2\/product\/7298","targetHints":{"allow":["GET"]}}],"collection":[{"href":"https:\/\/indie.rent\/catalogue\/wp-json\/wp\/v2\/product"}],"about":[{"href":"https:\/\/indie.rent\/catalogue\/wp-json\/wp\/v2\/types\/product"}],"version-history":[{"count":0,"href":"https:\/\/indie.rent\/catalogue\/wp-json\/wp\/v2\/product\/7298\/revisions"}],"wp:attachment":[{"href":"https:\/\/indie.rent\/catalogue\/wp-json\/wp\/v2\/media?parent=7298"}],"wp:term":[{"taxonomy":"product_brand","embeddable":true,"href":"https:\/\/indie.rent\/catalogue\/wp-json\/wp\/v2\/product_brand?post=7298"},{"taxonomy":"product_cat","embeddable":true,"href":"https:\/\/indie.rent\/catalogue\/wp-json\/wp\/v2\/product_cat?post=7298"},{"taxonomy":"product_tag","embeddable":true,"href":"https:\/\/indie.rent\/catalogue\/wp-json\/wp\/v2\/product_tag?post=7298"}],"curies":[{"name":"wp","href":"https:\/\/api.w.org\/{rel}","templated":true}]}}