{"id":726,"date":"2025-01-09T10:07:01","date_gmt":"2025-01-09T09:07:01","guid":{"rendered":"https:\/\/indie.rent\/catalogue\/produit\/aladdin-all-in-2-color-30x60cm\/"},"modified":"2026-04-16T17:20:14","modified_gmt":"2026-04-16T15:20:14","slug":"projecteur-aladdin-all-in-2-color-30x60cm","status":"publish","type":"product","link":"https:\/\/indie.rent\/catalogue\/produit\/projecteur-aladdin-all-in-2-color-30x60cm\/","title":{"rendered":"Projecteur ALADDIN All-In-2 Color 30x60cm"},"content":{"rendered":"<p>Panneau LED compact tout-en-un offrant une lumi\u00e8re douce et rapide \u00e0 mettre en \u0153uvre pour les interviews et tournages mobiles.<\/p>\n<p>Caract\u00e9ristiques principales :<\/p>\n<p>Source : LED bi-color<br \/>Temp\u00e9rature de couleur : 2200K \u2013 12 000K<br \/>CRI \/ TLCI : \u2265 95 \/ \u2265 95<br \/>Alimentation : Secteur + Batterie V-Lock (14V)<br \/>Contr\u00f4le : On-board \/ DMX et CRMX Disponible avec le All-In Controller (Fourni dans le kit)<br \/>\u00c9tanch\u00e9it\u00e9 : Non<br \/>Poids : 460 g<br \/>Consommation \u00e9lectrique : 140 W<br \/>Dimensions : 30 cm \u00d7 60 cm<\/p>\n","protected":false},"excerpt":{"rendered":"<p>Panneau LED compact tout-en-un offrant une lumi\u00e8re douce et rapide \u00e0 mettre en \u0153uvre pour les interviews et tournages mobiles. Caract\u00e9ristiques principales : Source : LED bi-colorTemp\u00e9rature de couleur : 2200K \u2013 12 000KCRI \/ TLCI : \u2265 95 \/ \u2265 95Alimentation : Secteur + Batterie V-Lock (14V)Contr\u00f4le : On-board \/ DMX et CRMX Disponible [&hellip;]<\/p>\n","protected":false},"featured_media":3567,"template":"","meta":{"inline_featured_image":false},"product_brand":[],"product_cat":[2007],"product_tag":[],"class_list":{"0":"post-726","1":"product","2":"type-product","3":"status-publish","4":"has-post-thumbnail","6":"product_cat-led-couleur-soft","8":"first","9":"instock","10":"taxable","11":"shipping-taxable","12":"purchasable","13":"product-type-rentable"},"acf":[],"_links":{"self":[{"href":"https:\/\/indie.rent\/catalogue\/wp-json\/wp\/v2\/product\/726","targetHints":{"allow":["GET"]}}],"collection":[{"href":"https:\/\/indie.rent\/catalogue\/wp-json\/wp\/v2\/product"}],"about":[{"href":"https:\/\/indie.rent\/catalogue\/wp-json\/wp\/v2\/types\/product"}],"version-history":[{"count":0,"href":"https:\/\/indie.rent\/catalogue\/wp-json\/wp\/v2\/product\/726\/revisions"}],"wp:featuredmedia":[{"embeddable":true,"href":"https:\/\/indie.rent\/catalogue\/wp-json\/wp\/v2\/media\/3567"}],"wp:attachment":[{"href":"https:\/\/indie.rent\/catalogue\/wp-json\/wp\/v2\/media?parent=726"}],"wp:term":[{"taxonomy":"product_brand","embeddable":true,"href":"https:\/\/indie.rent\/catalogue\/wp-json\/wp\/v2\/product_brand?post=726"},{"taxonomy":"product_cat","embeddable":true,"href":"https:\/\/indie.rent\/catalogue\/wp-json\/wp\/v2\/product_cat?post=726"},{"taxonomy":"product_tag","embeddable":true,"href":"https:\/\/indie.rent\/catalogue\/wp-json\/wp\/v2\/product_tag?post=726"}],"curies":[{"name":"wp","href":"https:\/\/api.w.org\/{rel}","templated":true}]}}