{"id":7233,"date":"2026-04-15T16:28:03","date_gmt":"2026-04-15T14:28:03","guid":{"rendered":"https:\/\/indie.rent\/catalogue\/produit\/portants-charges-lourdes-2\/"},"modified":"2026-04-15T17:42:23","modified_gmt":"2026-04-15T15:42:23","slug":"portants-charges-lourdes-2","status":"publish","type":"product","link":"https:\/\/indie.rent\/catalogue\/produit\/portants-charges-lourdes-2\/","title":{"rendered":"Portants Charges Lourdes"},"content":{"rendered":"<p>Des portants charges lourdes sont disponibles \u00e0 la location chez nous !<br \/>Id\u00e9aux pour l&#8217;organisation d&#8217;un HMC sur un film d&#8217;\u00e9poque.<\/p>\n","protected":false},"excerpt":{"rendered":"<p>Des portants charges lourdes sont disponibles \u00e0 la location chez nous !Id\u00e9aux pour l&#8217;organisation d&#8217;un HMC sur un film d&#8217;\u00e9poque.<\/p>\n","protected":false},"featured_media":2540,"template":"","meta":{"inline_featured_image":false},"product_brand":[],"product_cat":[2150],"product_tag":[],"class_list":{"0":"post-7233","1":"product","2":"type-product","3":"status-publish","4":"has-post-thumbnail","6":"product_cat-loge","8":"first","9":"instock","10":"taxable","11":"shipping-taxable","12":"purchasable","13":"product-type-rentable"},"acf":[],"_links":{"self":[{"href":"https:\/\/indie.rent\/catalogue\/wp-json\/wp\/v2\/product\/7233","targetHints":{"allow":["GET"]}}],"collection":[{"href":"https:\/\/indie.rent\/catalogue\/wp-json\/wp\/v2\/product"}],"about":[{"href":"https:\/\/indie.rent\/catalogue\/wp-json\/wp\/v2\/types\/product"}],"version-history":[{"count":0,"href":"https:\/\/indie.rent\/catalogue\/wp-json\/wp\/v2\/product\/7233\/revisions"}],"wp:featuredmedia":[{"embeddable":true,"href":"https:\/\/indie.rent\/catalogue\/wp-json\/wp\/v2\/media\/2540"}],"wp:attachment":[{"href":"https:\/\/indie.rent\/catalogue\/wp-json\/wp\/v2\/media?parent=7233"}],"wp:term":[{"taxonomy":"product_brand","embeddable":true,"href":"https:\/\/indie.rent\/catalogue\/wp-json\/wp\/v2\/product_brand?post=7233"},{"taxonomy":"product_cat","embeddable":true,"href":"https:\/\/indie.rent\/catalogue\/wp-json\/wp\/v2\/product_cat?post=7233"},{"taxonomy":"product_tag","embeddable":true,"href":"https:\/\/indie.rent\/catalogue\/wp-json\/wp\/v2\/product_tag?post=7233"}],"curies":[{"name":"wp","href":"https:\/\/api.w.org\/{rel}","templated":true}]}}