{"id":722,"date":"2025-01-09T10:06:58","date_gmt":"2025-01-09T09:06:58","guid":{"rendered":"https:\/\/indie.rent\/catalogue\/produit\/groupe-essence-eu70is\/"},"modified":"2026-04-16T18:32:28","modified_gmt":"2026-04-16T16:32:28","slug":"groupe-essence-eu70is","status":"publish","type":"product","link":"https:\/\/indie.rent\/catalogue\/produit\/groupe-essence-eu70is\/","title":{"rendered":"Groupe Essence EU70Is"},"content":{"rendered":"<p>GROUPE ELECTROGENE EU70IS HONDA<\/p>\n<p>Puissance Max : 7Kw<br \/>Puissance Continue : 5,5Kw<br \/>Capacit\u00e9 du r\u00e9servoir : 19,2 L<br \/>Autonomie en puissance continue : 6h30<br \/>Poids \u00e0 sec : 118,1kg<\/p>\n","protected":false},"excerpt":{"rendered":"<p>GROUPE ELECTROGENE EU70IS HONDA Puissance Max : 7KwPuissance Continue : 5,5KwCapacit\u00e9 du r\u00e9servoir : 19,2 LAutonomie en puissance continue : 6h30Poids \u00e0 sec : 118,1kg<\/p>\n","protected":false},"featured_media":2643,"template":"","meta":{"inline_featured_image":false},"product_brand":[],"product_cat":[2095],"product_tag":[],"class_list":{"0":"post-722","1":"product","2":"type-product","3":"status-publish","4":"has-post-thumbnail","6":"product_cat-groupe-essence","8":"first","9":"instock","10":"taxable","11":"shipping-taxable","12":"purchasable","13":"product-type-rentable"},"acf":[],"_links":{"self":[{"href":"https:\/\/indie.rent\/catalogue\/wp-json\/wp\/v2\/product\/722","targetHints":{"allow":["GET"]}}],"collection":[{"href":"https:\/\/indie.rent\/catalogue\/wp-json\/wp\/v2\/product"}],"about":[{"href":"https:\/\/indie.rent\/catalogue\/wp-json\/wp\/v2\/types\/product"}],"version-history":[{"count":0,"href":"https:\/\/indie.rent\/catalogue\/wp-json\/wp\/v2\/product\/722\/revisions"}],"wp:featuredmedia":[{"embeddable":true,"href":"https:\/\/indie.rent\/catalogue\/wp-json\/wp\/v2\/media\/2643"}],"wp:attachment":[{"href":"https:\/\/indie.rent\/catalogue\/wp-json\/wp\/v2\/media?parent=722"}],"wp:term":[{"taxonomy":"product_brand","embeddable":true,"href":"https:\/\/indie.rent\/catalogue\/wp-json\/wp\/v2\/product_brand?post=722"},{"taxonomy":"product_cat","embeddable":true,"href":"https:\/\/indie.rent\/catalogue\/wp-json\/wp\/v2\/product_cat?post=722"},{"taxonomy":"product_tag","embeddable":true,"href":"https:\/\/indie.rent\/catalogue\/wp-json\/wp\/v2\/product_tag?post=722"}],"curies":[{"name":"wp","href":"https:\/\/api.w.org\/{rel}","templated":true}]}}