{"id":7219,"date":"2026-04-15T16:25:16","date_gmt":"2026-04-15T14:25:16","guid":{"rendered":"https:\/\/indie.rent\/catalogue\/produit\/escabeau-pliable-en-aluminium-2\/"},"modified":"2026-04-15T17:30:09","modified_gmt":"2026-04-15T15:30:09","slug":"escabeau-pliable-en-aluminium-2","status":"publish","type":"product","link":"https:\/\/indie.rent\/catalogue\/produit\/escabeau-pliable-en-aluminium-2\/","title":{"rendered":"Escabeau pliable en aluminium"},"content":{"rendered":"<p>Caract\u00e9ristique : <br \/>&#8211; \u00c9chelle \u00e0 3 marches \/ Marchepieds en forme de A<br \/>&#8211; Marches de 12 cm de large avec rainures pour limiter tout risque de chute.<\/p>\n","protected":false},"excerpt":{"rendered":"<p>Caract\u00e9ristique : &#8211; \u00c9chelle \u00e0 3 marches \/ Marchepieds en forme de A&#8211; Marches de 12 cm de large avec rainures pour limiter tout risque de chute.<\/p>\n","protected":false},"featured_media":2355,"template":"","meta":{"inline_featured_image":false},"product_brand":[],"product_cat":[2133],"product_tag":[],"class_list":{"0":"post-7219","1":"product","2":"type-product","3":"status-publish","4":"has-post-thumbnail","6":"product_cat-divers-manutention","8":"first","9":"instock","10":"taxable","11":"shipping-taxable","12":"purchasable","13":"product-type-rentable"},"acf":[],"_links":{"self":[{"href":"https:\/\/indie.rent\/catalogue\/wp-json\/wp\/v2\/product\/7219","targetHints":{"allow":["GET"]}}],"collection":[{"href":"https:\/\/indie.rent\/catalogue\/wp-json\/wp\/v2\/product"}],"about":[{"href":"https:\/\/indie.rent\/catalogue\/wp-json\/wp\/v2\/types\/product"}],"version-history":[{"count":0,"href":"https:\/\/indie.rent\/catalogue\/wp-json\/wp\/v2\/product\/7219\/revisions"}],"wp:featuredmedia":[{"embeddable":true,"href":"https:\/\/indie.rent\/catalogue\/wp-json\/wp\/v2\/media\/2355"}],"wp:attachment":[{"href":"https:\/\/indie.rent\/catalogue\/wp-json\/wp\/v2\/media?parent=7219"}],"wp:term":[{"taxonomy":"product_brand","embeddable":true,"href":"https:\/\/indie.rent\/catalogue\/wp-json\/wp\/v2\/product_brand?post=7219"},{"taxonomy":"product_cat","embeddable":true,"href":"https:\/\/indie.rent\/catalogue\/wp-json\/wp\/v2\/product_cat?post=7219"},{"taxonomy":"product_tag","embeddable":true,"href":"https:\/\/indie.rent\/catalogue\/wp-json\/wp\/v2\/product_tag?post=7219"}],"curies":[{"name":"wp","href":"https:\/\/api.w.org\/{rel}","templated":true}]}}