{"id":7215,"date":"2026-04-15T16:24:17","date_gmt":"2026-04-15T14:24:17","guid":{"rendered":"https:\/\/indie.rent\/catalogue\/produit\/table-a-repasser-2\/"},"modified":"2026-04-15T17:14:57","modified_gmt":"2026-04-15T15:14:57","slug":"table-a-repasser-2","status":"publish","type":"product","link":"https:\/\/indie.rent\/catalogue\/produit\/table-a-repasser-2\/","title":{"rendered":"Table \u00e0 Repasser"},"content":{"rendered":"<p>Des tables \u00e0 repasser sont disponibles \u00e0 la location chez nous !<\/p>\n","protected":false},"excerpt":{"rendered":"<p>Des tables \u00e0 repasser sont disponibles \u00e0 la location chez nous !<\/p>\n","protected":false},"featured_media":2059,"template":"","meta":{"inline_featured_image":false},"product_brand":[],"product_cat":[2150],"product_tag":[],"class_list":{"0":"post-7215","1":"product","2":"type-product","3":"status-publish","4":"has-post-thumbnail","6":"product_cat-loge","8":"first","9":"instock","10":"taxable","11":"shipping-taxable","12":"purchasable","13":"product-type-rentable"},"acf":[],"_links":{"self":[{"href":"https:\/\/indie.rent\/catalogue\/wp-json\/wp\/v2\/product\/7215","targetHints":{"allow":["GET"]}}],"collection":[{"href":"https:\/\/indie.rent\/catalogue\/wp-json\/wp\/v2\/product"}],"about":[{"href":"https:\/\/indie.rent\/catalogue\/wp-json\/wp\/v2\/types\/product"}],"version-history":[{"count":0,"href":"https:\/\/indie.rent\/catalogue\/wp-json\/wp\/v2\/product\/7215\/revisions"}],"wp:featuredmedia":[{"embeddable":true,"href":"https:\/\/indie.rent\/catalogue\/wp-json\/wp\/v2\/media\/2059"}],"wp:attachment":[{"href":"https:\/\/indie.rent\/catalogue\/wp-json\/wp\/v2\/media?parent=7215"}],"wp:term":[{"taxonomy":"product_brand","embeddable":true,"href":"https:\/\/indie.rent\/catalogue\/wp-json\/wp\/v2\/product_brand?post=7215"},{"taxonomy":"product_cat","embeddable":true,"href":"https:\/\/indie.rent\/catalogue\/wp-json\/wp\/v2\/product_cat?post=7215"},{"taxonomy":"product_tag","embeddable":true,"href":"https:\/\/indie.rent\/catalogue\/wp-json\/wp\/v2\/product_tag?post=7215"}],"curies":[{"name":"wp","href":"https:\/\/api.w.org\/{rel}","templated":true}]}}