{"id":721,"date":"2025-01-09T10:06:57","date_gmt":"2025-01-09T09:06:57","guid":{"rendered":"https:\/\/indie.rent\/catalogue\/produit\/aputure-ls-c300x\/"},"modified":"2026-04-16T18:33:40","modified_gmt":"2026-04-16T16:33:40","slug":"projecteur-aputure-ls-300x","status":"publish","type":"product","link":"https:\/\/indie.rent\/catalogue\/produit\/projecteur-aputure-ls-300x\/","title":{"rendered":"Projecteur APUTURE LS 300X"},"content":{"rendered":"<p>Projecteur bi-color puissant et polyvalent, id\u00e9al pour s\u2019adapter rapidement aux diff\u00e9rentes ambiances de tournage. Parfait pour interviews, fiction et \u00e9clairage principal en int\u00e9rieur.<\/p>\n<p>\u00a0<\/p>\n<p>Caract\u00e9ristiques principales :<\/p>\n<p>Source : LED bi-color<br \/>Temp\u00e9rature de couleur : 2 700K \u2013 6 500K<br \/>CRI \/ TLCI : \u2265 96 \/ \u2265 96<br \/>Monture : Bowens<br \/>Contr\u00f4le : On-board, Sidus Link App (Bluetooth), DMX, T\u00e9l\u00e9commande (fournie dans le kit) jusqu&#8217;\u00e0 100m<br \/>Alimentation : Secteur \/ Batteries V-Mount (\u2265 15A 12V-16.8V)<br \/>\u00c9tanch\u00e9it\u00e9 : IP20<br \/>Poids : ~7,5 kg (t\u00eate + ballast)<br \/>Consommation \u00e9lectrique : 350 W<br \/>Dimensions (t\u00eate) : 298 mm \u00d7 215 mm \u00d7 344 mm<\/p>\n","protected":false},"excerpt":{"rendered":"<p>Projecteur bi-color puissant et polyvalent, id\u00e9al pour s\u2019adapter rapidement aux diff\u00e9rentes ambiances de tournage. Parfait pour interviews, fiction et \u00e9clairage principal en int\u00e9rieur. \u00a0 Caract\u00e9ristiques principales : Source : LED bi-colorTemp\u00e9rature de couleur : 2 700K \u2013 6 500KCRI \/ TLCI : \u2265 96 \/ \u2265 96Monture : BowensContr\u00f4le : On-board, Sidus Link App (Bluetooth), [&hellip;]<\/p>\n","protected":false},"featured_media":2452,"template":"","meta":{"inline_featured_image":false},"product_brand":[],"product_cat":[2013],"product_tag":[],"class_list":{"0":"post-721","1":"product","2":"type-product","3":"status-publish","4":"has-post-thumbnail","6":"product_cat-led-bicolor-ponctuelle","8":"first","9":"instock","10":"taxable","11":"shipping-taxable","12":"purchasable","13":"product-type-rentable"},"acf":[],"_links":{"self":[{"href":"https:\/\/indie.rent\/catalogue\/wp-json\/wp\/v2\/product\/721","targetHints":{"allow":["GET"]}}],"collection":[{"href":"https:\/\/indie.rent\/catalogue\/wp-json\/wp\/v2\/product"}],"about":[{"href":"https:\/\/indie.rent\/catalogue\/wp-json\/wp\/v2\/types\/product"}],"version-history":[{"count":0,"href":"https:\/\/indie.rent\/catalogue\/wp-json\/wp\/v2\/product\/721\/revisions"}],"wp:featuredmedia":[{"embeddable":true,"href":"https:\/\/indie.rent\/catalogue\/wp-json\/wp\/v2\/media\/2452"}],"wp:attachment":[{"href":"https:\/\/indie.rent\/catalogue\/wp-json\/wp\/v2\/media?parent=721"}],"wp:term":[{"taxonomy":"product_brand","embeddable":true,"href":"https:\/\/indie.rent\/catalogue\/wp-json\/wp\/v2\/product_brand?post=721"},{"taxonomy":"product_cat","embeddable":true,"href":"https:\/\/indie.rent\/catalogue\/wp-json\/wp\/v2\/product_cat?post=721"},{"taxonomy":"product_tag","embeddable":true,"href":"https:\/\/indie.rent\/catalogue\/wp-json\/wp\/v2\/product_tag?post=721"}],"curies":[{"name":"wp","href":"https:\/\/api.w.org\/{rel}","templated":true}]}}