{"id":720,"date":"2025-01-09T10:06:56","date_gmt":"2025-01-09T09:06:56","guid":{"rendered":"https:\/\/indie.rent\/catalogue\/produit\/luna-1500-bi-color-120w\/"},"modified":"2026-04-04T00:14:37","modified_gmt":"2026-04-03T22:14:37","slug":"projecteur-luna-1500-bi-color-120w","status":"publish","type":"product","link":"https:\/\/indie.rent\/catalogue\/produit\/projecteur-luna-1500-bi-color-120w\/","title":{"rendered":"Projecteur LUNA 1500 bi-color 120W"},"content":{"rendered":"<p>LUNA 1500 bi-color 120<\/p>\n<p>Comme son confr\u00e8re, le Luna 1500 est un projecteur led qui ne chauffe pas ce qui est tr\u00e8s appr\u00e9ci\u00e9. Il mesure 800x87mm. Il est vraiment tr\u00e8s pratique, son utilisation est tr\u00e8s simple ce qui fait de lui un tr\u00e8s bon projecteur. Compar\u00e9 \u00e0 son petit fr\u00e8re, cette fois il poss\u00e8de une puissance de 120W.<\/p>\n<p>Caract\u00e9ristiques principales :<br \/>&#8211; Temp\u00e9rature de couleur : 3200-5600K,<br \/>&#8211; Dimensions : 800x87mm,<br \/>&#8211; Puissance 120W.<\/p>\n","protected":false},"excerpt":{"rendered":"<p>LUNA 1500 bi-color 120 Comme son confr\u00e8re, le Luna 1500 est un projecteur led qui ne chauffe pas ce qui est tr\u00e8s appr\u00e9ci\u00e9. Il mesure 800x87mm. Il est vraiment tr\u00e8s pratique, son utilisation est tr\u00e8s simple ce qui fait de lui un tr\u00e8s bon projecteur. Compar\u00e9 \u00e0 son petit fr\u00e8re, cette fois il poss\u00e8de une [&hellip;]<\/p>\n","protected":false},"featured_media":2145,"template":"","meta":{"inline_featured_image":false},"product_brand":[],"product_cat":[2012],"product_tag":[],"class_list":{"0":"post-720","1":"product","2":"type-product","3":"status-publish","4":"has-post-thumbnail","6":"product_cat-led-bicolor-soft","8":"first","9":"instock","10":"taxable","11":"shipping-taxable","12":"purchasable","13":"product-type-rentable"},"acf":[],"_links":{"self":[{"href":"https:\/\/indie.rent\/catalogue\/wp-json\/wp\/v2\/product\/720","targetHints":{"allow":["GET"]}}],"collection":[{"href":"https:\/\/indie.rent\/catalogue\/wp-json\/wp\/v2\/product"}],"about":[{"href":"https:\/\/indie.rent\/catalogue\/wp-json\/wp\/v2\/types\/product"}],"version-history":[{"count":1,"href":"https:\/\/indie.rent\/catalogue\/wp-json\/wp\/v2\/product\/720\/revisions"}],"predecessor-version":[{"id":1500,"href":"https:\/\/indie.rent\/catalogue\/wp-json\/wp\/v2\/product\/720\/revisions\/1500"}],"wp:featuredmedia":[{"embeddable":true,"href":"https:\/\/indie.rent\/catalogue\/wp-json\/wp\/v2\/media\/2145"}],"wp:attachment":[{"href":"https:\/\/indie.rent\/catalogue\/wp-json\/wp\/v2\/media?parent=720"}],"wp:term":[{"taxonomy":"product_brand","embeddable":true,"href":"https:\/\/indie.rent\/catalogue\/wp-json\/wp\/v2\/product_brand?post=720"},{"taxonomy":"product_cat","embeddable":true,"href":"https:\/\/indie.rent\/catalogue\/wp-json\/wp\/v2\/product_cat?post=720"},{"taxonomy":"product_tag","embeddable":true,"href":"https:\/\/indie.rent\/catalogue\/wp-json\/wp\/v2\/product_tag?post=720"}],"curies":[{"name":"wp","href":"https:\/\/api.w.org\/{rel}","templated":true}]}}