{"id":718,"date":"2025-01-09T10:06:56","date_gmt":"2025-01-09T09:06:56","guid":{"rendered":"https:\/\/indie.rent\/catalogue\/produit\/aladdin-bi-flex-m7-30x30cm\/"},"modified":"2026-04-04T00:19:23","modified_gmt":"2026-04-03T22:19:23","slug":"projecteur-aladdin-bi-flex-m7-70w-30x30cm","status":"publish","type":"product","link":"https:\/\/indie.rent\/catalogue\/produit\/projecteur-aladdin-bi-flex-m7-70w-30x30cm\/","title":{"rendered":"Projecteur ALADDIN Bi-Flex M7 70w 30x30cm"},"content":{"rendered":"<p>Panneau LED flexible ultra l\u00e9ger, id\u00e9al pour cr\u00e9er une lumi\u00e8re douce et homog\u00e8ne dans des espaces restreints ou directement int\u00e9gr\u00e9 au d\u00e9cor.<\/p>\n<p>Caract\u00e9ristiques principales :<\/p>\n<p>Source : LED bi-color<br \/>Temp\u00e9rature de couleur : 2 900K \u2013 6 400K<br \/>CRI \/ TLCI : \u2265 98 \/ \u2265 98<br \/>Alimentation : Secteur \/ Batteries V-Mount<br \/>Contr\u00f4le : Dimmer, DMX (Via Boitier DMX disponible \u00e0 la location)<br \/>\u00c9tanch\u00e9it\u00e9 : Non<br \/>Poids : 380 g<br \/>Consommation \u00e9lectrique : 50 W<br \/>Dimensions : ~30 cm \u00d7 30 cm<\/p>\n","protected":false},"excerpt":{"rendered":"<p>Panneau LED flexible ultra l\u00e9ger, id\u00e9al pour cr\u00e9er une lumi\u00e8re douce et homog\u00e8ne dans des espaces restreints ou directement int\u00e9gr\u00e9 au d\u00e9cor. Caract\u00e9ristiques principales : Source : LED bi-colorTemp\u00e9rature de couleur : 2 900K \u2013 6 400KCRI \/ TLCI : \u2265 98 \/ \u2265 98Alimentation : Secteur \/ Batteries V-MountContr\u00f4le : Dimmer, DMX (Via Boitier [&hellip;]<\/p>\n","protected":false},"featured_media":2042,"template":"","meta":{"inline_featured_image":false},"product_brand":[],"product_cat":[2012],"product_tag":[],"class_list":{"0":"post-718","1":"product","2":"type-product","3":"status-publish","4":"has-post-thumbnail","6":"product_cat-led-bicolor-soft","8":"first","9":"instock","10":"taxable","11":"shipping-taxable","12":"purchasable","13":"product-type-rentable"},"acf":[],"_links":{"self":[{"href":"https:\/\/indie.rent\/catalogue\/wp-json\/wp\/v2\/product\/718","targetHints":{"allow":["GET"]}}],"collection":[{"href":"https:\/\/indie.rent\/catalogue\/wp-json\/wp\/v2\/product"}],"about":[{"href":"https:\/\/indie.rent\/catalogue\/wp-json\/wp\/v2\/types\/product"}],"version-history":[{"count":3,"href":"https:\/\/indie.rent\/catalogue\/wp-json\/wp\/v2\/product\/718\/revisions"}],"predecessor-version":[{"id":6490,"href":"https:\/\/indie.rent\/catalogue\/wp-json\/wp\/v2\/product\/718\/revisions\/6490"}],"wp:featuredmedia":[{"embeddable":true,"href":"https:\/\/indie.rent\/catalogue\/wp-json\/wp\/v2\/media\/2042"}],"wp:attachment":[{"href":"https:\/\/indie.rent\/catalogue\/wp-json\/wp\/v2\/media?parent=718"}],"wp:term":[{"taxonomy":"product_brand","embeddable":true,"href":"https:\/\/indie.rent\/catalogue\/wp-json\/wp\/v2\/product_brand?post=718"},{"taxonomy":"product_cat","embeddable":true,"href":"https:\/\/indie.rent\/catalogue\/wp-json\/wp\/v2\/product_cat?post=718"},{"taxonomy":"product_tag","embeddable":true,"href":"https:\/\/indie.rent\/catalogue\/wp-json\/wp\/v2\/product_tag?post=718"}],"curies":[{"name":"wp","href":"https:\/\/api.w.org\/{rel}","templated":true}]}}