{"id":717,"date":"2025-01-09T10:06:55","date_gmt":"2025-01-09T09:06:55","guid":{"rendered":"https:\/\/indie.rent\/catalogue\/produit\/blackjack-400w-hmi\/"},"modified":"2026-04-10T09:58:58","modified_gmt":"2026-04-10T07:58:58","slug":"blackjack-400w-hmi","status":"publish","type":"product","link":"https:\/\/indie.rent\/catalogue\/produit\/blackjack-400w-hmi\/","title":{"rendered":"BlackJack 400W HMI"},"content":{"rendered":"<p>Black Jack 400W HMI<\/p>\n<p>Le Black Jack 400 est le plus compact et le plus l\u00e9ger de son genre. C&#8217;est l&#8217;outil id\u00e9al pour \u00e9clairer en int\u00e9rieur. Optiquement, le Black Jack couvre parfaitement des angles de 5\u00b0 \u00e0 160 \u00b0 avec des ombres tr\u00e8s marqu\u00e9es. Il peut \u00eatre utilis\u00e9 sans lentilles pour \u00e9clairer des espaces larges ou bien avec une s\u00e9lection de 3 lentilles une Fresnel Spot (5\u00b0 \u00e0 100\u00b0), une Fresnel Flood (50\u00b0 \u00e0 140\u00b0) et une Fresnel Frost\u00e9e pour obtenir une lumi\u00e8re plus douce.<\/p>\n<p>Caract\u00e9ristiques principales :<br \/>&#8211; Puissance 400W,<br \/>&#8211; Angle: 5\u00b0-100\u00b0Spot 50\u00b0-140\u00b0Flood,<br \/>&#8211; Dimensions : 30.5 x 17.8 x 20.3cm,<br \/>&#8211; Poids : 3.2kg.<\/p>\n","protected":false},"excerpt":{"rendered":"<p>Black Jack 400W HMI Le Black Jack 400 est le plus compact et le plus l\u00e9ger de son genre. C&#8217;est l&#8217;outil id\u00e9al pour \u00e9clairer en int\u00e9rieur. Optiquement, le Black Jack couvre parfaitement des angles de 5\u00b0 \u00e0 160 \u00b0 avec des ombres tr\u00e8s marqu\u00e9es. Il peut \u00eatre utilis\u00e9 sans lentilles pour \u00e9clairer des espaces larges [&hellip;]<\/p>\n","protected":false},"featured_media":2029,"template":"","meta":{"inline_featured_image":false},"product_brand":[],"product_cat":[2021],"product_tag":[],"class_list":{"0":"post-717","1":"product","2":"type-product","3":"status-publish","4":"has-post-thumbnail","6":"product_cat-hmi-non-high-speed","8":"first","9":"instock","10":"taxable","11":"shipping-taxable","12":"purchasable","13":"product-type-rentable"},"acf":[],"_links":{"self":[{"href":"https:\/\/indie.rent\/catalogue\/wp-json\/wp\/v2\/product\/717","targetHints":{"allow":["GET"]}}],"collection":[{"href":"https:\/\/indie.rent\/catalogue\/wp-json\/wp\/v2\/product"}],"about":[{"href":"https:\/\/indie.rent\/catalogue\/wp-json\/wp\/v2\/types\/product"}],"version-history":[{"count":0,"href":"https:\/\/indie.rent\/catalogue\/wp-json\/wp\/v2\/product\/717\/revisions"}],"wp:featuredmedia":[{"embeddable":true,"href":"https:\/\/indie.rent\/catalogue\/wp-json\/wp\/v2\/media\/2029"}],"wp:attachment":[{"href":"https:\/\/indie.rent\/catalogue\/wp-json\/wp\/v2\/media?parent=717"}],"wp:term":[{"taxonomy":"product_brand","embeddable":true,"href":"https:\/\/indie.rent\/catalogue\/wp-json\/wp\/v2\/product_brand?post=717"},{"taxonomy":"product_cat","embeddable":true,"href":"https:\/\/indie.rent\/catalogue\/wp-json\/wp\/v2\/product_cat?post=717"},{"taxonomy":"product_tag","embeddable":true,"href":"https:\/\/indie.rent\/catalogue\/wp-json\/wp\/v2\/product_tag?post=717"}],"curies":[{"name":"wp","href":"https:\/\/api.w.org\/{rel}","templated":true}]}}