{"id":716,"date":"2025-01-09T10:06:55","date_gmt":"2025-01-09T09:06:55","guid":{"rendered":"https:\/\/indie.rent\/catalogue\/produit\/sl1-daylight-5600k\/"},"modified":"2026-04-14T17:19:10","modified_gmt":"2026-04-14T15:19:10","slug":"projecteur-dmg-sl1-daylight-5600k","status":"publish","type":"product","link":"https:\/\/indie.rent\/catalogue\/produit\/projecteur-dmg-sl1-daylight-5600k\/","title":{"rendered":"Projecteur DMG SL1 Daylight 5600K"},"content":{"rendered":"<p>Projecteur LED rigide daylight, le DMG SL1 Daylight est con\u00e7u pour les tournages n\u00e9cessitant une source douce, l\u00e9g\u00e8re et rapide \u00e0 d\u00e9ployer.<\/p>\n<p>Il offre une lumi\u00e8re homog\u00e8ne en 5600K, id\u00e9ale pour les \u00e9clairages naturels en int\u00e9rieur comme en ext\u00e9rieur.<\/p>\n<p>Caract\u00e9ristiques principales :<\/p>\n<p>Source : LED Daylight<br \/>Temp\u00e9rature de couleur : 5600K<br \/>CRI \/ TLCI : \u2265 95<br \/>Puissance : 140W<br \/>Alimentation : secteur 16A<br \/>Contr\u00f4le : On Board<br \/>Dimensions : 1130 \u00d7 200 \u00d7 20 mm<br \/>Poids : 2,9 kg<\/p>\n","protected":false},"excerpt":{"rendered":"<p>Projecteur LED rigide daylight, le DMG SL1 Daylight est con\u00e7u pour les tournages n\u00e9cessitant une source douce, l\u00e9g\u00e8re et rapide \u00e0 d\u00e9ployer. Il offre une lumi\u00e8re homog\u00e8ne en 5600K, id\u00e9ale pour les \u00e9clairages naturels en int\u00e9rieur comme en ext\u00e9rieur. Caract\u00e9ristiques principales : Source : LED DaylightTemp\u00e9rature de couleur : 5600KCRI \/ TLCI : \u2265 95Puissance [&hellip;]<\/p>\n","protected":false},"featured_media":1990,"template":"","meta":{"inline_featured_image":false},"product_brand":[],"product_cat":[2015],"product_tag":[],"class_list":{"0":"post-716","1":"product","2":"type-product","3":"status-publish","4":"has-post-thumbnail","6":"product_cat-led-daylight-soft","8":"first","9":"instock","10":"taxable","11":"shipping-taxable","12":"purchasable","13":"product-type-rentable"},"acf":[],"_links":{"self":[{"href":"https:\/\/indie.rent\/catalogue\/wp-json\/wp\/v2\/product\/716","targetHints":{"allow":["GET"]}}],"collection":[{"href":"https:\/\/indie.rent\/catalogue\/wp-json\/wp\/v2\/product"}],"about":[{"href":"https:\/\/indie.rent\/catalogue\/wp-json\/wp\/v2\/types\/product"}],"version-history":[{"count":0,"href":"https:\/\/indie.rent\/catalogue\/wp-json\/wp\/v2\/product\/716\/revisions"}],"wp:featuredmedia":[{"embeddable":true,"href":"https:\/\/indie.rent\/catalogue\/wp-json\/wp\/v2\/media\/1990"}],"wp:attachment":[{"href":"https:\/\/indie.rent\/catalogue\/wp-json\/wp\/v2\/media?parent=716"}],"wp:term":[{"taxonomy":"product_brand","embeddable":true,"href":"https:\/\/indie.rent\/catalogue\/wp-json\/wp\/v2\/product_brand?post=716"},{"taxonomy":"product_cat","embeddable":true,"href":"https:\/\/indie.rent\/catalogue\/wp-json\/wp\/v2\/product_cat?post=716"},{"taxonomy":"product_tag","embeddable":true,"href":"https:\/\/indie.rent\/catalogue\/wp-json\/wp\/v2\/product_tag?post=716"}],"curies":[{"name":"wp","href":"https:\/\/api.w.org\/{rel}","templated":true}]}}