{"id":715,"date":"2025-01-09T10:06:55","date_gmt":"2025-01-09T09:06:55","guid":{"rendered":"https:\/\/indie.rent\/catalogue\/produit\/sl1-mini-switch\/"},"modified":"2026-04-04T00:19:14","modified_gmt":"2026-04-03T22:19:14","slug":"projecteur-dmg-sl1-mini-switch","status":"publish","type":"product","link":"https:\/\/indie.rent\/catalogue\/produit\/projecteur-dmg-sl1-mini-switch\/","title":{"rendered":"Projecteur DMG SL1 Mini Switch"},"content":{"rendered":"<p>Version compacte du SL1 Switch, le DMG SL1 Mini Switch est con\u00e7u pour les espaces restreints et les configurations l\u00e9g\u00e8res.<\/p>\n<p>Il conserve la flexibilit\u00e9 du bi-couleur avec un format r\u00e9duit et facile \u00e0 manipuler.<\/p>\n<p>Caract\u00e9ristiques principales :<\/p>\n<p>Source : LED Bi-Color<br \/>Temp\u00e9rature de couleur : 3 000K \u2013 5 600K<br \/>CRI \/ TLCI : \u2265 95<br \/>Puissance : 85W<br \/>Alimentation : secteur \/ batterie (14V)<br \/>Contr\u00f4le : On Board<br \/>Dimensions : 585 x 200 x 20 mm<br \/>Poids : 1,7 kg<\/p>\n","protected":false},"excerpt":{"rendered":"<p>Version compacte du SL1 Switch, le DMG SL1 Mini Switch est con\u00e7u pour les espaces restreints et les configurations l\u00e9g\u00e8res. Il conserve la flexibilit\u00e9 du bi-couleur avec un format r\u00e9duit et facile \u00e0 manipuler. Caract\u00e9ristiques principales : Source : LED Bi-ColorTemp\u00e9rature de couleur : 3 000K \u2013 5 600KCRI \/ TLCI : \u2265 95Puissance : [&hellip;]<\/p>\n","protected":false},"featured_media":1884,"template":"","meta":{"inline_featured_image":false},"product_brand":[],"product_cat":[2012],"product_tag":[],"class_list":{"0":"post-715","1":"product","2":"type-product","3":"status-publish","4":"has-post-thumbnail","6":"product_cat-led-bicolor-soft","8":"first","9":"instock","10":"taxable","11":"shipping-taxable","12":"purchasable","13":"product-type-rentable"},"acf":[],"_links":{"self":[{"href":"https:\/\/indie.rent\/catalogue\/wp-json\/wp\/v2\/product\/715","targetHints":{"allow":["GET"]}}],"collection":[{"href":"https:\/\/indie.rent\/catalogue\/wp-json\/wp\/v2\/product"}],"about":[{"href":"https:\/\/indie.rent\/catalogue\/wp-json\/wp\/v2\/types\/product"}],"version-history":[{"count":2,"href":"https:\/\/indie.rent\/catalogue\/wp-json\/wp\/v2\/product\/715\/revisions"}],"predecessor-version":[{"id":6488,"href":"https:\/\/indie.rent\/catalogue\/wp-json\/wp\/v2\/product\/715\/revisions\/6488"}],"wp:featuredmedia":[{"embeddable":true,"href":"https:\/\/indie.rent\/catalogue\/wp-json\/wp\/v2\/media\/1884"}],"wp:attachment":[{"href":"https:\/\/indie.rent\/catalogue\/wp-json\/wp\/v2\/media?parent=715"}],"wp:term":[{"taxonomy":"product_brand","embeddable":true,"href":"https:\/\/indie.rent\/catalogue\/wp-json\/wp\/v2\/product_brand?post=715"},{"taxonomy":"product_cat","embeddable":true,"href":"https:\/\/indie.rent\/catalogue\/wp-json\/wp\/v2\/product_cat?post=715"},{"taxonomy":"product_tag","embeddable":true,"href":"https:\/\/indie.rent\/catalogue\/wp-json\/wp\/v2\/product_tag?post=715"}],"curies":[{"name":"wp","href":"https:\/\/api.w.org\/{rel}","templated":true}]}}