{"id":710,"date":"2025-01-09T10:06:52","date_gmt":"2025-01-09T09:06:52","guid":{"rendered":"https:\/\/indie.rent\/catalogue\/produit\/aputure-ls-60x\/"},"modified":"2026-04-16T18:33:41","modified_gmt":"2026-04-16T16:33:41","slug":"kit-projecteur-aputure-ls-60x-spotlight-mini-zoom-15-30","status":"publish","type":"product","link":"https:\/\/indie.rent\/catalogue\/produit\/kit-projecteur-aputure-ls-60x-spotlight-mini-zoom-15-30\/","title":{"rendered":"Kit Projecteur APUTURE LS 60X + Spotlight Mini Zoom 15-30\u00b0"},"content":{"rendered":"<p>Projecteur compact associ\u00e9 \u00e0 un zoom optique pr\u00e9cis, id\u00e9al pour cr\u00e9er des faisceaux nets et contr\u00f4l\u00e9s. Parfait pour effets lumineux, d\u00e9coupes et \u00e9clairage directionnel en d\u00e9cor.<\/p>\n<p>Caract\u00e9ristiques principales :<\/p>\n<p>Source : LED bi-color<br \/>Temp\u00e9rature de couleur : 2 700K \u2013 6 500K<br \/>CRI \/ TLCI : \u2265 95 \/ \u2265 96<br \/>Optique : Spotlight Mini Zoom 15\u00b0\u201330\u00b0<br \/>Angle de faisceau : Ajustable (15\u00b0 \u00e0 30\u00b0)<br \/>Monture : Mini mount (Adaptateur vers Bowen fourni dans le kit)<br \/>Contr\u00f4le : On-board, Sidus Link App<br \/>Alimentation : Secteur \/ Batteries NP-F \/ V-Mount (via adaptateur)<br \/>\u00c9tanch\u00e9it\u00e9 : IP54<br \/>Poids : ~3 kg (avec optique)<br \/>Consommation \u00e9lectrique : 60 W<br \/>Dimensions (T\u00eate seul) : 280 x 156 x 127mm<\/p>\n","protected":false},"excerpt":{"rendered":"<p>Projecteur compact associ\u00e9 \u00e0 un zoom optique pr\u00e9cis, id\u00e9al pour cr\u00e9er des faisceaux nets et contr\u00f4l\u00e9s. Parfait pour effets lumineux, d\u00e9coupes et \u00e9clairage directionnel en d\u00e9cor. Caract\u00e9ristiques principales : Source : LED bi-colorTemp\u00e9rature de couleur : 2 700K \u2013 6 500KCRI \/ TLCI : \u2265 95 \/ \u2265 96Optique : Spotlight Mini Zoom 15\u00b0\u201330\u00b0Angle de [&hellip;]<\/p>\n","protected":false},"featured_media":2453,"template":"","meta":{"inline_featured_image":false},"product_brand":[],"product_cat":[2013],"product_tag":[],"class_list":{"0":"post-710","1":"product","2":"type-product","3":"status-publish","4":"has-post-thumbnail","6":"product_cat-led-bicolor-ponctuelle","8":"first","9":"instock","10":"taxable","11":"shipping-taxable","12":"purchasable","13":"product-type-rentable"},"acf":[],"_links":{"self":[{"href":"https:\/\/indie.rent\/catalogue\/wp-json\/wp\/v2\/product\/710","targetHints":{"allow":["GET"]}}],"collection":[{"href":"https:\/\/indie.rent\/catalogue\/wp-json\/wp\/v2\/product"}],"about":[{"href":"https:\/\/indie.rent\/catalogue\/wp-json\/wp\/v2\/types\/product"}],"version-history":[{"count":0,"href":"https:\/\/indie.rent\/catalogue\/wp-json\/wp\/v2\/product\/710\/revisions"}],"wp:featuredmedia":[{"embeddable":true,"href":"https:\/\/indie.rent\/catalogue\/wp-json\/wp\/v2\/media\/2453"}],"wp:attachment":[{"href":"https:\/\/indie.rent\/catalogue\/wp-json\/wp\/v2\/media?parent=710"}],"wp:term":[{"taxonomy":"product_brand","embeddable":true,"href":"https:\/\/indie.rent\/catalogue\/wp-json\/wp\/v2\/product_brand?post=710"},{"taxonomy":"product_cat","embeddable":true,"href":"https:\/\/indie.rent\/catalogue\/wp-json\/wp\/v2\/product_cat?post=710"},{"taxonomy":"product_tag","embeddable":true,"href":"https:\/\/indie.rent\/catalogue\/wp-json\/wp\/v2\/product_tag?post=710"}],"curies":[{"name":"wp","href":"https:\/\/api.w.org\/{rel}","templated":true}]}}