{"id":709,"date":"2025-01-09T10:06:52","date_gmt":"2025-01-09T09:06:52","guid":{"rendered":"https:\/\/indie.rent\/catalogue\/produit\/tete-fluide-cartoni-focus-22-avec-trepied-100-mm\/"},"modified":"2026-04-15T18:07:00","modified_gmt":"2026-04-15T16:07:00","slug":"tete-fluide-cartoni-focus-22-avec-trepied-100-mm","status":"publish","type":"product","link":"https:\/\/indie.rent\/catalogue\/produit\/tete-fluide-cartoni-focus-22-avec-trepied-100-mm\/","title":{"rendered":"T\u00eate Fluide CARTONI Focus 22 avec Tr\u00e9pied 100 mm"},"content":{"rendered":"<p>Le tr\u00e9pied 100mm &#8211; Focus 22 de chez CARTONI est le support id\u00e9al pour les cam\u00e9ras pesant jusqu&#8217;\u00e0 22kg.<\/p>\n<p>Compact, il offre une fluidit\u00e9 progressive dans les rotations \u00e0 360\u00b0 et les inclinaisons de 90\u00b0. <\/p>\n<p>Sa contrebalance variable lui permet d&#8217;\u00eatre utilisable avec toutes les cam\u00e9ras d&#8217;un poids inf\u00e9rieur \u00e0 22 kg. Sa t\u00eate est \u00e9quip\u00e9e d&#8217;une attache rapide &#8220;euro-style&#8221;, d&#8217;un niveau \u00e0 bulle \u00e9clair\u00e9 et d&#8217;une poign\u00e9e extensible orientable.<\/p>\n<p>Ce tr\u00e9pied de 3.9kg est id\u00e9al pour les techniciens \u00e0 la recherche d&#8217;un support solide et polyvalent. Il s&#8217;adapte \u00e0 des hauteurs allant de 68 cm \u00e0 144 cm et se range dans une housse de transport fournie.<\/p>\n","protected":false},"excerpt":{"rendered":"<p>Le tr\u00e9pied 100mm &#8211; Focus 22 de chez CARTONI est le support id\u00e9al pour les cam\u00e9ras pesant jusqu&#8217;\u00e0 22kg. Compact, il offre une fluidit\u00e9 progressive dans les rotations \u00e0 360\u00b0 et les inclinaisons de 90\u00b0. Sa contrebalance variable lui permet d&#8217;\u00eatre utilisable avec toutes les cam\u00e9ras d&#8217;un poids inf\u00e9rieur \u00e0 22 kg. Sa t\u00eate est [&hellip;]<\/p>\n","protected":false},"featured_media":2189,"template":"","meta":{"inline_featured_image":false},"product_brand":[],"product_cat":[2040],"product_tag":[],"class_list":{"0":"post-709","1":"product","2":"type-product","3":"status-publish","4":"has-post-thumbnail","6":"product_cat-tete-et-trepied-100mm","8":"first","9":"instock","10":"taxable","11":"shipping-taxable","12":"purchasable","13":"product-type-rentable"},"acf":[],"_links":{"self":[{"href":"https:\/\/indie.rent\/catalogue\/wp-json\/wp\/v2\/product\/709","targetHints":{"allow":["GET"]}}],"collection":[{"href":"https:\/\/indie.rent\/catalogue\/wp-json\/wp\/v2\/product"}],"about":[{"href":"https:\/\/indie.rent\/catalogue\/wp-json\/wp\/v2\/types\/product"}],"version-history":[{"count":0,"href":"https:\/\/indie.rent\/catalogue\/wp-json\/wp\/v2\/product\/709\/revisions"}],"wp:featuredmedia":[{"embeddable":true,"href":"https:\/\/indie.rent\/catalogue\/wp-json\/wp\/v2\/media\/2189"}],"wp:attachment":[{"href":"https:\/\/indie.rent\/catalogue\/wp-json\/wp\/v2\/media?parent=709"}],"wp:term":[{"taxonomy":"product_brand","embeddable":true,"href":"https:\/\/indie.rent\/catalogue\/wp-json\/wp\/v2\/product_brand?post=709"},{"taxonomy":"product_cat","embeddable":true,"href":"https:\/\/indie.rent\/catalogue\/wp-json\/wp\/v2\/product_cat?post=709"},{"taxonomy":"product_tag","embeddable":true,"href":"https:\/\/indie.rent\/catalogue\/wp-json\/wp\/v2\/product_tag?post=709"}],"curies":[{"name":"wp","href":"https:\/\/api.w.org\/{rel}","templated":true}]}}