{"id":705,"date":"2025-01-09T10:06:51","date_gmt":"2025-01-09T09:06:51","guid":{"rendered":"https:\/\/indie.rent\/catalogue\/produit\/groupe-essence-eu30is\/"},"modified":"2026-04-16T17:03:14","modified_gmt":"2026-04-16T15:03:14","slug":"groupe-essence-eu30is","status":"publish","type":"product","link":"https:\/\/indie.rent\/catalogue\/produit\/groupe-essence-eu30is\/","title":{"rendered":"Groupe Essence EU30IS"},"content":{"rendered":"<p>Groupe \u00e9lectrog\u00e8ne HONDA 3000 watts<\/p>\n<p>Puissance Max : 3000 W<br \/>Puissance Continue : 2800 W<br \/>Capacit\u00e9 du r\u00e9servoir : 13L<br \/>Dur\u00e9e max d\u2019utilisation en puissance continue avec r\u00e9servoir plein : 8h<br \/>Poids \u00e0 sec : 61,2kg<\/p>\n","protected":false},"excerpt":{"rendered":"<p>Groupe \u00e9lectrog\u00e8ne HONDA 3000 watts Puissance Max : 3000 WPuissance Continue : 2800 WCapacit\u00e9 du r\u00e9servoir : 13LDur\u00e9e max d\u2019utilisation en puissance continue avec r\u00e9servoir plein : 8hPoids \u00e0 sec : 61,2kg<\/p>\n","protected":false},"featured_media":2440,"template":"","meta":{"inline_featured_image":false},"product_brand":[],"product_cat":[2095],"product_tag":[],"class_list":{"0":"post-705","1":"product","2":"type-product","3":"status-publish","4":"has-post-thumbnail","6":"product_cat-groupe-essence","8":"first","9":"instock","10":"taxable","11":"shipping-taxable","12":"purchasable","13":"product-type-rentable"},"acf":[],"_links":{"self":[{"href":"https:\/\/indie.rent\/catalogue\/wp-json\/wp\/v2\/product\/705","targetHints":{"allow":["GET"]}}],"collection":[{"href":"https:\/\/indie.rent\/catalogue\/wp-json\/wp\/v2\/product"}],"about":[{"href":"https:\/\/indie.rent\/catalogue\/wp-json\/wp\/v2\/types\/product"}],"version-history":[{"count":0,"href":"https:\/\/indie.rent\/catalogue\/wp-json\/wp\/v2\/product\/705\/revisions"}],"wp:featuredmedia":[{"embeddable":true,"href":"https:\/\/indie.rent\/catalogue\/wp-json\/wp\/v2\/media\/2440"}],"wp:attachment":[{"href":"https:\/\/indie.rent\/catalogue\/wp-json\/wp\/v2\/media?parent=705"}],"wp:term":[{"taxonomy":"product_brand","embeddable":true,"href":"https:\/\/indie.rent\/catalogue\/wp-json\/wp\/v2\/product_brand?post=705"},{"taxonomy":"product_cat","embeddable":true,"href":"https:\/\/indie.rent\/catalogue\/wp-json\/wp\/v2\/product_cat?post=705"},{"taxonomy":"product_tag","embeddable":true,"href":"https:\/\/indie.rent\/catalogue\/wp-json\/wp\/v2\/product_tag?post=705"}],"curies":[{"name":"wp","href":"https:\/\/api.w.org\/{rel}","templated":true}]}}