{"id":704,"date":"2025-01-09T10:06:51","date_gmt":"2025-01-09T09:06:51","guid":{"rendered":"https:\/\/indie.rent\/catalogue\/produit\/long-john-silver-b7057\/"},"modified":"2026-04-16T18:34:59","modified_gmt":"2026-04-16T16:34:59","slug":"long-john-silver-b7057","status":"publish","type":"product","link":"https:\/\/indie.rent\/catalogue\/produit\/long-john-silver-b7057\/","title":{"rendered":"Long John Silver &#8211; B7057"},"content":{"rendered":"<p>&#8211; Charge maxi admissible 120 kg<br \/>&#8211; Poids du tr\u00e9pied 84 kg<br \/>&#8211; Hauteur pli\u00e9 202 cm <br \/>&#8211; Hauteur mini 1,77 m <br \/>&#8211; Hauteur maxi 5,70 m <br \/>&#8211; Empattement 2,40 m<br \/>&#8211; Roues diam\u00e8tre 270 mm<\/p>\n","protected":false},"excerpt":{"rendered":"<p>&#8211; Charge maxi admissible 120 kg&#8211; Poids du tr\u00e9pied 84 kg&#8211; Hauteur pli\u00e9 202 cm &#8211; Hauteur mini 1,77 m &#8211; Hauteur maxi 5,70 m &#8211; Empattement 2,40 m&#8211; Roues diam\u00e8tre 270 mm<\/p>\n","protected":false},"featured_media":2120,"template":"","meta":{"inline_featured_image":false},"product_brand":[],"product_cat":[2030],"product_tag":[],"class_list":{"0":"post-704","1":"product","2":"type-product","3":"status-publish","4":"has-post-thumbnail","6":"product_cat-roller","8":"first","9":"instock","10":"taxable","11":"shipping-taxable","12":"purchasable","13":"product-type-rentable"},"acf":[],"_links":{"self":[{"href":"https:\/\/indie.rent\/catalogue\/wp-json\/wp\/v2\/product\/704","targetHints":{"allow":["GET"]}}],"collection":[{"href":"https:\/\/indie.rent\/catalogue\/wp-json\/wp\/v2\/product"}],"about":[{"href":"https:\/\/indie.rent\/catalogue\/wp-json\/wp\/v2\/types\/product"}],"version-history":[{"count":0,"href":"https:\/\/indie.rent\/catalogue\/wp-json\/wp\/v2\/product\/704\/revisions"}],"wp:featuredmedia":[{"embeddable":true,"href":"https:\/\/indie.rent\/catalogue\/wp-json\/wp\/v2\/media\/2120"}],"wp:attachment":[{"href":"https:\/\/indie.rent\/catalogue\/wp-json\/wp\/v2\/media?parent=704"}],"wp:term":[{"taxonomy":"product_brand","embeddable":true,"href":"https:\/\/indie.rent\/catalogue\/wp-json\/wp\/v2\/product_brand?post=704"},{"taxonomy":"product_cat","embeddable":true,"href":"https:\/\/indie.rent\/catalogue\/wp-json\/wp\/v2\/product_cat?post=704"},{"taxonomy":"product_tag","embeddable":true,"href":"https:\/\/indie.rent\/catalogue\/wp-json\/wp\/v2\/product_tag?post=704"}],"curies":[{"name":"wp","href":"https:\/\/api.w.org\/{rel}","templated":true}]}}