{"id":7022,"date":"2026-04-15T09:56:58","date_gmt":"2026-04-15T07:56:58","guid":{"rendered":"https:\/\/indie.rent\/catalogue\/produit\/kc-12-8-ultra-hd-24m-36m-2\/"},"modified":"2026-04-15T18:05:48","modified_gmt":"2026-04-15T16:05:48","slug":"kc-12-8-ultra-hd-24m-36m-2","status":"publish","type":"product","link":"https:\/\/indie.rent\/catalogue\/produit\/kc-12-8-ultra-hd-24m-36m-2\/","title":{"rendered":"KC 12\/8 Ultra HD (2,4m-3,6m)"},"content":{"rendered":"<p>Caract\u00e9ristiques principales<\/p>\n<p>Poids: 13,6kg<br \/>Longueur d\u00e9pli\u00e9e: 2,4m possibilit\u00e9 d&#8217;aller jusqu&#8217;a 3,6m<br \/>Longueur repli\u00e9e: 1,22m<br \/>Amplitude max: 5m<br \/>Capacit\u00e9 de charge: 9kg<\/p>\n<p>Commande d&#8217;inclinaison<\/p>\n<p>La grue Kessler est dot\u00e9e d&#8217;une commande d&#8217;inclinaison manuelle, d&#8217;une commande d&#8217;inclinaison \u00e0 angle fixe et d&#8217;une commande d&#8217;inclinaison automatique pour une polyvalence ultime, ce qui en fait l&#8217;outil id\u00e9al pour toute application de grue.<\/p>\n<p>Barre de poids r\u00e9glable<\/p>\n<p>L&#8217;\u00e9quilibre d&#8217;une grue ou d&#8217;une fl\u00e8che est essentiel \u00e0 la facilit\u00e9 d&#8217;utilisation et \u00e0 la stabilit\u00e9 de la cam\u00e9ra. Gr\u00e2ce au syst\u00e8me de barre de poids r\u00e9glable, les utilisateurs peuvent changer d&#8217;\u00e9quipement \u00e0 la vol\u00e9e avec les poids qu&#8217;ils ont en main et r\u00e9ajuster la barre de poids de la grue pour s&#8217;adapter aux changements de poids.<\/p>\n<p>Roulements \u00e0 billes internes<\/p>\n<p>La fluidit\u00e9 des mouvements peut faire la diff\u00e9rence entre une production de haute qualit\u00e9 et l&#8217;apparence d&#8217;une vid\u00e9o amateur. La grue Kessler est \u00e9quip\u00e9e de roulements \u00e0 billes internes qui garantissent la fluidit\u00e9 de chaque mouvement lors de l&#8217;utilisation de la grue.<\/p>\n<p>D\u00e9montage portable<\/p>\n<p>Kessler est conscient du fait que les r\u00e9alisateurs sont en mouvement. La grue Kessler a \u00e9t\u00e9 con\u00e7ue dans un souci de portabilit\u00e9 et son d\u00e9montage facile permet d&#8217;atteindre cet objectif.<\/p>\n","protected":false},"excerpt":{"rendered":"<p>Caract\u00e9ristiques principales Poids: 13,6kgLongueur d\u00e9pli\u00e9e: 2,4m possibilit\u00e9 d&#8217;aller jusqu&#8217;a 3,6mLongueur repli\u00e9e: 1,22mAmplitude max: 5mCapacit\u00e9 de charge: 9kg Commande d&#8217;inclinaison La grue Kessler est dot\u00e9e d&#8217;une commande d&#8217;inclinaison manuelle, d&#8217;une commande d&#8217;inclinaison \u00e0 angle fixe et d&#8217;une commande d&#8217;inclinaison automatique pour une polyvalence ultime, ce qui en fait l&#8217;outil id\u00e9al pour toute application de grue. Barre [&hellip;]<\/p>\n","protected":false},"featured_media":1862,"template":"","meta":{"inline_featured_image":false},"product_brand":[],"product_cat":[2066],"product_tag":[],"class_list":{"0":"post-7022","1":"product","2":"type-product","3":"status-publish","4":"has-post-thumbnail","6":"product_cat-jib","8":"first","9":"instock","10":"taxable","11":"shipping-taxable","12":"purchasable","13":"product-type-rentable"},"acf":[],"_links":{"self":[{"href":"https:\/\/indie.rent\/catalogue\/wp-json\/wp\/v2\/product\/7022","targetHints":{"allow":["GET"]}}],"collection":[{"href":"https:\/\/indie.rent\/catalogue\/wp-json\/wp\/v2\/product"}],"about":[{"href":"https:\/\/indie.rent\/catalogue\/wp-json\/wp\/v2\/types\/product"}],"version-history":[{"count":0,"href":"https:\/\/indie.rent\/catalogue\/wp-json\/wp\/v2\/product\/7022\/revisions"}],"wp:featuredmedia":[{"embeddable":true,"href":"https:\/\/indie.rent\/catalogue\/wp-json\/wp\/v2\/media\/1862"}],"wp:attachment":[{"href":"https:\/\/indie.rent\/catalogue\/wp-json\/wp\/v2\/media?parent=7022"}],"wp:term":[{"taxonomy":"product_brand","embeddable":true,"href":"https:\/\/indie.rent\/catalogue\/wp-json\/wp\/v2\/product_brand?post=7022"},{"taxonomy":"product_cat","embeddable":true,"href":"https:\/\/indie.rent\/catalogue\/wp-json\/wp\/v2\/product_cat?post=7022"},{"taxonomy":"product_tag","embeddable":true,"href":"https:\/\/indie.rent\/catalogue\/wp-json\/wp\/v2\/product_tag?post=7022"}],"curies":[{"name":"wp","href":"https:\/\/api.w.org\/{rel}","templated":true}]}}