{"id":6991,"date":"2026-04-15T09:48:21","date_gmt":"2026-04-15T07:48:21","guid":{"rendered":"https:\/\/indie.rent\/catalogue\/produit\/moniteur-smallhd-13-cine-13-4k-ultra-bright-2\/"},"modified":"2026-04-15T17:49:18","modified_gmt":"2026-04-15T15:49:18","slug":"moniteur-smallhd-13-cine-13-4k-ultra-bright-2","status":"publish","type":"product","link":"https:\/\/indie.rent\/catalogue\/produit\/moniteur-smallhd-13-cine-13-4k-ultra-bright-2\/","title":{"rendered":"Moniteur SmallHD 13&#8243; Cine 13 4K Ultra Bright"},"content":{"rendered":"<p>Moniteur SmallHD Cine 13 avec un support de batteries V-mount double et interchangeables \u00e0 chaud (Hotswap).<\/p>\n<p>Caract\u00e9ristiques techniques:<br \/>&#8211; Type de panneau: LCD<br \/>&#8211; Diagonale: 13.3&#8243;<br \/>&#8211; R\u00e9solution: 4K UHD 3840&#215;2160 pixels<br \/>&#8211; Luminosit\u00e9 Max.: 1500 nits<br \/>&#8211; Contrast: 1300:1<br \/>&#8211; SDI In\/Out: 4x 12G-SDI in, 4x 12G-SDI out<br \/>&#8211; HDMI In\/Out: 1x HDMI In, 1x HDMI Out<br \/>&#8211; Sortie Audio: 1x 3.5mm mini-jack stereo<br \/>&#8211; Interface de donn\u00e9es: 1x Slot Carte SD, 1x RJ45 Ethernet, 1x RJ45 GPI<br \/>&#8211; Entr\u00e9es Alimentation DC: 1x XLR4 (210W max, 12V-34V, 18A max), 1x Support Batterie Double V-mount avec Hotswap (14v\/26v)<br \/>&#8211; Sorties Alimentation DC: 2x Lemo 2 (12V \/ 2A ), 1x USB-A (2.4A) (avant), 1x USB-A (1.5A) (arri\u00e8re), 1x USB-C (5V \/ 1.5A) (arri\u00e8re)<br \/>&#8211; Consommation \u00e9lectrique: 36.7W (monitor seul), 117.9W (moniteur et accessoires)<br \/>&#8211; Poids: 3,09 Kg<\/p>\n","protected":false},"excerpt":{"rendered":"<p>Moniteur SmallHD Cine 13 avec un support de batteries V-mount double et interchangeables \u00e0 chaud (Hotswap). Caract\u00e9ristiques techniques:&#8211; Type de panneau: LCD&#8211; Diagonale: 13.3&#8243;&#8211; R\u00e9solution: 4K UHD 3840&#215;2160 pixels&#8211; Luminosit\u00e9 Max.: 1500 nits&#8211; Contrast: 1300:1&#8211; SDI In\/Out: 4x 12G-SDI in, 4x 12G-SDI out&#8211; HDMI In\/Out: 1x HDMI In, 1x HDMI Out&#8211; Sortie Audio: 1x 3.5mm [&hellip;]<\/p>\n","protected":false},"featured_media":2699,"template":"","meta":{"inline_featured_image":false},"product_brand":[],"product_cat":[1964],"product_tag":[],"class_list":{"0":"post-6991","1":"product","2":"type-product","3":"status-publish","4":"has-post-thumbnail","6":"product_cat-moniteur-combo","8":"first","9":"instock","10":"taxable","11":"shipping-taxable","12":"purchasable","13":"product-type-rentable"},"acf":[],"_links":{"self":[{"href":"https:\/\/indie.rent\/catalogue\/wp-json\/wp\/v2\/product\/6991","targetHints":{"allow":["GET"]}}],"collection":[{"href":"https:\/\/indie.rent\/catalogue\/wp-json\/wp\/v2\/product"}],"about":[{"href":"https:\/\/indie.rent\/catalogue\/wp-json\/wp\/v2\/types\/product"}],"version-history":[{"count":0,"href":"https:\/\/indie.rent\/catalogue\/wp-json\/wp\/v2\/product\/6991\/revisions"}],"wp:featuredmedia":[{"embeddable":true,"href":"https:\/\/indie.rent\/catalogue\/wp-json\/wp\/v2\/media\/2699"}],"wp:attachment":[{"href":"https:\/\/indie.rent\/catalogue\/wp-json\/wp\/v2\/media?parent=6991"}],"wp:term":[{"taxonomy":"product_brand","embeddable":true,"href":"https:\/\/indie.rent\/catalogue\/wp-json\/wp\/v2\/product_brand?post=6991"},{"taxonomy":"product_cat","embeddable":true,"href":"https:\/\/indie.rent\/catalogue\/wp-json\/wp\/v2\/product_cat?post=6991"},{"taxonomy":"product_tag","embeddable":true,"href":"https:\/\/indie.rent\/catalogue\/wp-json\/wp\/v2\/product_tag?post=6991"}],"curies":[{"name":"wp","href":"https:\/\/api.w.org\/{rel}","templated":true}]}}