{"id":6987,"date":"2026-04-15T09:47:07","date_gmt":"2026-04-15T07:47:07","guid":{"rendered":"https:\/\/indie.rent\/catalogue\/produit\/moniteur-tv-logic-18-5-lvm181s-2\/"},"modified":"2026-04-15T17:34:50","modified_gmt":"2026-04-15T15:34:50","slug":"moniteur-tv-logic-18-5-lvm181s-2","status":"publish","type":"product","link":"https:\/\/indie.rent\/catalogue\/produit\/moniteur-tv-logic-18-5-lvm181s-2\/","title":{"rendered":"Moniteur TV LOGIC 18.5&#8243; &#8211; LVM181S"},"content":{"rendered":"<p>Le moniteur TV Logic LVM\u2011181S est un moniteur broadcast professionnel 18,5\u2033 con\u00e7u pour le monitoring cam\u00e9ra, les plateaux de tournage, les r\u00e9gies et les workflows de production et post-production. Il d\u00e9livre une image Full HD 1920\u00d71080 pr\u00e9cise sur une dalle LCD IPS avec une large connectique multiformat et les outils de monitoring essentiels pour un contr\u00f4le rigoureux de l\u2019image, y compris l\u2019\u00e9mulation HDR, les scopes et les LUT 3D.\u00a0<\/p>\n<p>Caract\u00e9ristiques techniques :<br \/>Type de panneau : LCD IPS \u00e0 large angle de vue<br \/>Diagonale : 18,5\u2033<br \/>R\u00e9solution : 1920\u00d71080 pixels (Full HD)<br \/>Luminosit\u00e9 Max. : 500 nits<br \/>Contraste : 1000:1<br \/>SDI In\/Out : 2\u00d7 3G-SDI Input, 2\u00d7 3G-SDI Output (loop through)<br \/>HDMI In\/Out : 1\u00d7 HDMI In<br \/>Autres video I\/O : 3\u00d7 BNC analog Component In, 3\u00d7 BNC analog Component Out, 1\u00d7 DVI-I In<br \/>Entr\u00e9e\/Sortie Audio : 1\u00d7 mini-jack 3,5 mm in, haut-parleur interne (mono),\u00a01\u00d7 mini-jack 3,5 mm out<br \/>Interface de donn\u00e9es : LAN (RJ45), GPI, USB-A pour calibration\/LUT\/import\/firmware<br \/>Entr\u00e9es Alimentation : XLR4 (24 V DC)<br \/>Sortie Alimentation : Aucune<br \/>Poids : 7,0 kg<\/p>\n","protected":false},"excerpt":{"rendered":"<p>Le moniteur TV Logic LVM\u2011181S est un moniteur broadcast professionnel 18,5\u2033 con\u00e7u pour le monitoring cam\u00e9ra, les plateaux de tournage, les r\u00e9gies et les workflows de production et post-production. Il d\u00e9livre une image Full HD 1920\u00d71080 pr\u00e9cise sur une dalle LCD IPS avec une large connectique multiformat et les outils de monitoring essentiels pour un [&hellip;]<\/p>\n","protected":false},"featured_media":2445,"template":"","meta":{"inline_featured_image":false},"product_brand":[],"product_cat":[1964],"product_tag":[],"class_list":{"0":"post-6987","1":"product","2":"type-product","3":"status-publish","4":"has-post-thumbnail","6":"product_cat-moniteur-combo","8":"first","9":"instock","10":"taxable","11":"shipping-taxable","12":"purchasable","13":"product-type-rentable"},"acf":[],"_links":{"self":[{"href":"https:\/\/indie.rent\/catalogue\/wp-json\/wp\/v2\/product\/6987","targetHints":{"allow":["GET"]}}],"collection":[{"href":"https:\/\/indie.rent\/catalogue\/wp-json\/wp\/v2\/product"}],"about":[{"href":"https:\/\/indie.rent\/catalogue\/wp-json\/wp\/v2\/types\/product"}],"version-history":[{"count":0,"href":"https:\/\/indie.rent\/catalogue\/wp-json\/wp\/v2\/product\/6987\/revisions"}],"wp:featuredmedia":[{"embeddable":true,"href":"https:\/\/indie.rent\/catalogue\/wp-json\/wp\/v2\/media\/2445"}],"wp:attachment":[{"href":"https:\/\/indie.rent\/catalogue\/wp-json\/wp\/v2\/media?parent=6987"}],"wp:term":[{"taxonomy":"product_brand","embeddable":true,"href":"https:\/\/indie.rent\/catalogue\/wp-json\/wp\/v2\/product_brand?post=6987"},{"taxonomy":"product_cat","embeddable":true,"href":"https:\/\/indie.rent\/catalogue\/wp-json\/wp\/v2\/product_cat?post=6987"},{"taxonomy":"product_tag","embeddable":true,"href":"https:\/\/indie.rent\/catalogue\/wp-json\/wp\/v2\/product_tag?post=6987"}],"curies":[{"name":"wp","href":"https:\/\/api.w.org\/{rel}","templated":true}]}}