{"id":697,"date":"2025-01-09T10:06:43","date_gmt":"2025-01-09T09:06:43","guid":{"rendered":"https:\/\/indie.rent\/catalogue\/produit\/forza-300\/"},"modified":"2026-04-16T18:33:10","modified_gmt":"2026-04-16T16:33:10","slug":"projecteur-led-nanlux-forza-300-daylight","status":"publish","type":"product","link":"https:\/\/indie.rent\/catalogue\/produit\/projecteur-led-nanlux-forza-300-daylight\/","title":{"rendered":"Projecteur LED NANLUX Forza 300 &#8211; Daylight"},"content":{"rendered":"<p>Projecteur daylight puissant et polyvalent, id\u00e9al pour key light en interview ou \u00e9clairage principal en int\u00e9rieur.<\/p>\n<p>Caract\u00e9ristiques principales :<\/p>\n<p>Source : LED Daylight<br \/>Temp\u00e9rature de couleur : 5 600K<br \/>CRI \/ TLCI : \u2265 98 \/ \u2265 95<br \/>Monture : Bowens<br \/>Alimentation : Secteur \/ 2x Batteries V-Mount (14V)<br \/>Contr\u00f4le : On-board, 2.4GHz remote (non fournie)<br \/>\u00c9tanch\u00e9it\u00e9 : Non<br \/>Poids : ~6,3 kg (avec ballast)<br \/>Consommation \u00e9lectrique : 300 W<br \/>Dimensions : 310 mm \u00d7 206 mm \u00d7 142 mm<\/p>\n","protected":false},"excerpt":{"rendered":"<p>Projecteur daylight puissant et polyvalent, id\u00e9al pour key light en interview ou \u00e9clairage principal en int\u00e9rieur. Caract\u00e9ristiques principales : Source : LED DaylightTemp\u00e9rature de couleur : 5 600KCRI \/ TLCI : \u2265 98 \/ \u2265 95Monture : BowensAlimentation : Secteur \/ 2x Batteries V-Mount (14V)Contr\u00f4le : On-board, 2.4GHz remote (non fournie)\u00c9tanch\u00e9it\u00e9 : NonPoids : ~6,3 [&hellip;]<\/p>\n","protected":false},"featured_media":2168,"template":"","meta":{"inline_featured_image":false},"product_brand":[],"product_cat":[2016],"product_tag":[],"class_list":{"0":"post-697","1":"product","2":"type-product","3":"status-publish","4":"has-post-thumbnail","6":"product_cat-led-daylight-ponctuelle","8":"first","9":"instock","10":"taxable","11":"shipping-taxable","12":"purchasable","13":"product-type-rentable"},"acf":[],"_links":{"self":[{"href":"https:\/\/indie.rent\/catalogue\/wp-json\/wp\/v2\/product\/697","targetHints":{"allow":["GET"]}}],"collection":[{"href":"https:\/\/indie.rent\/catalogue\/wp-json\/wp\/v2\/product"}],"about":[{"href":"https:\/\/indie.rent\/catalogue\/wp-json\/wp\/v2\/types\/product"}],"version-history":[{"count":0,"href":"https:\/\/indie.rent\/catalogue\/wp-json\/wp\/v2\/product\/697\/revisions"}],"wp:featuredmedia":[{"embeddable":true,"href":"https:\/\/indie.rent\/catalogue\/wp-json\/wp\/v2\/media\/2168"}],"wp:attachment":[{"href":"https:\/\/indie.rent\/catalogue\/wp-json\/wp\/v2\/media?parent=697"}],"wp:term":[{"taxonomy":"product_brand","embeddable":true,"href":"https:\/\/indie.rent\/catalogue\/wp-json\/wp\/v2\/product_brand?post=697"},{"taxonomy":"product_cat","embeddable":true,"href":"https:\/\/indie.rent\/catalogue\/wp-json\/wp\/v2\/product_cat?post=697"},{"taxonomy":"product_tag","embeddable":true,"href":"https:\/\/indie.rent\/catalogue\/wp-json\/wp\/v2\/product_tag?post=697"}],"curies":[{"name":"wp","href":"https:\/\/api.w.org\/{rel}","templated":true}]}}