{"id":696,"date":"2025-01-09T10:06:43","date_gmt":"2025-01-09T09:06:43","guid":{"rendered":"https:\/\/indie.rent\/catalogue\/produit\/e-jib\/"},"modified":"2026-04-15T18:06:02","modified_gmt":"2026-04-15T16:06:02","slug":"e-jib","status":"publish","type":"product","link":"https:\/\/indie.rent\/catalogue\/produit\/e-jib\/","title":{"rendered":"E-Jib"},"content":{"rendered":"<p>Hauteur:                            162 cm (\u00e0 partir du trepied)<br \/>Poids:                                11.00 kg<br \/>Longueur:                           jusqu&#8217;\u00e0 200 cm<br \/>Commentaire:                    Accepte les contre-poids standard (30 mm de diam.)<br \/>Capacit\u00e9 de Charge:         15.000 kg<br \/>Monture:                            Bol 100 mm<\/p>\n","protected":false},"excerpt":{"rendered":"<p>Hauteur: 162 cm (\u00e0 partir du trepied)Poids: 11.00 kgLongueur: jusqu&#8217;\u00e0 200 cmCommentaire: Accepte les contre-poids standard (30 mm de diam.)Capacit\u00e9 de Charge: 15.000 kgMonture: Bol 100 mm<\/p>\n","protected":false},"featured_media":2149,"template":"","meta":{"inline_featured_image":false},"product_brand":[],"product_cat":[2066],"product_tag":[],"class_list":{"0":"post-696","1":"product","2":"type-product","3":"status-publish","4":"has-post-thumbnail","6":"product_cat-jib","8":"first","9":"instock","10":"taxable","11":"shipping-taxable","12":"purchasable","13":"product-type-rentable"},"acf":[],"_links":{"self":[{"href":"https:\/\/indie.rent\/catalogue\/wp-json\/wp\/v2\/product\/696","targetHints":{"allow":["GET"]}}],"collection":[{"href":"https:\/\/indie.rent\/catalogue\/wp-json\/wp\/v2\/product"}],"about":[{"href":"https:\/\/indie.rent\/catalogue\/wp-json\/wp\/v2\/types\/product"}],"version-history":[{"count":0,"href":"https:\/\/indie.rent\/catalogue\/wp-json\/wp\/v2\/product\/696\/revisions"}],"wp:featuredmedia":[{"embeddable":true,"href":"https:\/\/indie.rent\/catalogue\/wp-json\/wp\/v2\/media\/2149"}],"wp:attachment":[{"href":"https:\/\/indie.rent\/catalogue\/wp-json\/wp\/v2\/media?parent=696"}],"wp:term":[{"taxonomy":"product_brand","embeddable":true,"href":"https:\/\/indie.rent\/catalogue\/wp-json\/wp\/v2\/product_brand?post=696"},{"taxonomy":"product_cat","embeddable":true,"href":"https:\/\/indie.rent\/catalogue\/wp-json\/wp\/v2\/product_cat?post=696"},{"taxonomy":"product_tag","embeddable":true,"href":"https:\/\/indie.rent\/catalogue\/wp-json\/wp\/v2\/product_tag?post=696"}],"curies":[{"name":"wp","href":"https:\/\/api.w.org\/{rel}","templated":true}]}}