{"id":695,"date":"2025-01-09T10:06:42","date_gmt":"2025-01-09T09:06:42","guid":{"rendered":"https:\/\/indie.rent\/catalogue\/produit\/luna-700-bi-color-60w\/"},"modified":"2026-04-04T00:14:37","modified_gmt":"2026-04-03T22:14:37","slug":"projecteur-luna-700-bi-color-60w","status":"publish","type":"product","link":"https:\/\/indie.rent\/catalogue\/produit\/projecteur-luna-700-bi-color-60w\/","title":{"rendered":"Projecteur LUNA 700 Bi-Color 60W"},"content":{"rendered":"<p>LUNA 700 bi-color 60W <\/p>\n<p>Le Luna 700 est un projecteur l\u00e9ger avec ses 2.85kg. C&#8217;est un projecteur led qui ne chauffe pas ce qui est tr\u00e8s appreci\u00e9. Il peut \u00eatre brancher sur secteur ou aliment\u00e9 avec des V-Mount grace \u00e0 sa plaque V-lock. Il mesure 52cmx5cm dont 5cm d&#8217;\u00e9paisseur, c&#8217;est un projecteur pratique, que l&#8217;on peut utiliser seul. Il est vraiment tr\u00e8s pratique, son utilisation est tr\u00e8s simple ce qui fait de lui un tr\u00e8s bon projecteur.<\/p>\n<p>Caract\u00e9ristiques principales :<br \/>&#8211; Temp\u00e9rature de couleur : 3200-5600K,<br \/>&#8211; L\u00e9ger : 2.85kg,<br \/>&#8211; Puissance 60W,<br \/>&#8211; Dur\u00e9e de vie de la lampe : 50000 heures.<\/p>\n","protected":false},"excerpt":{"rendered":"<p>LUNA 700 bi-color 60W Le Luna 700 est un projecteur l\u00e9ger avec ses 2.85kg. C&#8217;est un projecteur led qui ne chauffe pas ce qui est tr\u00e8s appreci\u00e9. Il peut \u00eatre brancher sur secteur ou aliment\u00e9 avec des V-Mount grace \u00e0 sa plaque V-lock. Il mesure 52cmx5cm dont 5cm d&#8217;\u00e9paisseur, c&#8217;est un projecteur pratique, que l&#8217;on [&hellip;]<\/p>\n","protected":false},"featured_media":2144,"template":"","meta":{"inline_featured_image":false},"product_brand":[],"product_cat":[2012],"product_tag":[],"class_list":{"0":"post-695","1":"product","2":"type-product","3":"status-publish","4":"has-post-thumbnail","6":"product_cat-led-bicolor-soft","8":"first","9":"instock","10":"taxable","11":"shipping-taxable","12":"purchasable","13":"product-type-rentable"},"acf":[],"_links":{"self":[{"href":"https:\/\/indie.rent\/catalogue\/wp-json\/wp\/v2\/product\/695","targetHints":{"allow":["GET"]}}],"collection":[{"href":"https:\/\/indie.rent\/catalogue\/wp-json\/wp\/v2\/product"}],"about":[{"href":"https:\/\/indie.rent\/catalogue\/wp-json\/wp\/v2\/types\/product"}],"version-history":[{"count":1,"href":"https:\/\/indie.rent\/catalogue\/wp-json\/wp\/v2\/product\/695\/revisions"}],"predecessor-version":[{"id":1467,"href":"https:\/\/indie.rent\/catalogue\/wp-json\/wp\/v2\/product\/695\/revisions\/1467"}],"wp:featuredmedia":[{"embeddable":true,"href":"https:\/\/indie.rent\/catalogue\/wp-json\/wp\/v2\/media\/2144"}],"wp:attachment":[{"href":"https:\/\/indie.rent\/catalogue\/wp-json\/wp\/v2\/media?parent=695"}],"wp:term":[{"taxonomy":"product_brand","embeddable":true,"href":"https:\/\/indie.rent\/catalogue\/wp-json\/wp\/v2\/product_brand?post=695"},{"taxonomy":"product_cat","embeddable":true,"href":"https:\/\/indie.rent\/catalogue\/wp-json\/wp\/v2\/product_cat?post=695"},{"taxonomy":"product_tag","embeddable":true,"href":"https:\/\/indie.rent\/catalogue\/wp-json\/wp\/v2\/product_tag?post=695"}],"curies":[{"name":"wp","href":"https:\/\/api.w.org\/{rel}","templated":true}]}}