{"id":693,"date":"2025-01-09T10:06:42","date_gmt":"2025-01-09T09:06:42","guid":{"rendered":"https:\/\/indie.rent\/catalogue\/produit\/kit-de-q-led-60\/"},"modified":"2026-04-04T00:14:23","modified_gmt":"2026-04-03T22:14:23","slug":"projecteur-led-couleur-quasar-science-kit-de-q-led-rainbow-60","status":"publish","type":"product","link":"https:\/\/indie.rent\/catalogue\/produit\/projecteur-led-couleur-quasar-science-kit-de-q-led-rainbow-60\/","title":{"rendered":"Projecteur LED Couleur QUASAR SCIENCE Kit de Q-LED RAINBOW 60"},"content":{"rendered":"<p>Tube LED RGBX puissant et polyvalent, le Quasar Science Rainbow 60 est con\u00e7u pour les tournages cin\u00e9ma, publicit\u00e9 et t\u00e9l\u00e9vision n\u00e9cessitant une source lin\u00e9aire avec un contr\u00f4le couleur avanc\u00e9.<\/p>\n<p>Il combine une grande pr\u00e9cision colorim\u00e9trique avec une lumi\u00e8re douce et homog\u00e8ne, id\u00e9ale pour les \u00e9clairages d\u2019ambiance, les effets color\u00e9s ou les int\u00e9grations d\u00e9cor.<\/p>\n<p>Caract\u00e9ristiques principales :<\/p>\n<p>Source : LED RGBX (Red, Green, Blue, Amber)<br \/>Temp\u00e9rature de couleur : 2 000K \u2013 10 000K<br \/>CRI \/ TLCI : \u2265 95<br \/>Puissance : ~50W<br \/>Intensit\u00e9 lumineuse : ~1 500 lux @ 1 m<br \/>Alimentation : secteur (c\u00e2ble direct)<br \/>Contr\u00f4le : DMX \/ Wireless DMX (CRMX en option)<br \/>Angle du faisceau : 180\u00b0 (diffusion tube)<br \/>Modes couleur : CCT \/ HSI \/ RGBX \/ Gel \/ Effects<br \/>Effets int\u00e9gr\u00e9s : FX dynamiques (police, feu, TV, etc.)<br \/>Montage : pas de vis 1\/4&#8243; + clips de fixation<br \/>\u00c9tanch\u00e9it\u00e9 : non sp\u00e9cifi\u00e9e (usage int\u00e9rieur recommand\u00e9)<br \/>Dimensions : env. 600 mm<br \/>Poids : env. 0,9 kg<\/p>\n","protected":false},"excerpt":{"rendered":"<p>Tube LED RGBX puissant et polyvalent, le Quasar Science Rainbow 60 est con\u00e7u pour les tournages cin\u00e9ma, publicit\u00e9 et t\u00e9l\u00e9vision n\u00e9cessitant une source lin\u00e9aire avec un contr\u00f4le couleur avanc\u00e9. Il combine une grande pr\u00e9cision colorim\u00e9trique avec une lumi\u00e8re douce et homog\u00e8ne, id\u00e9ale pour les \u00e9clairages d\u2019ambiance, les effets color\u00e9s ou les int\u00e9grations d\u00e9cor. Caract\u00e9ristiques principales [&hellip;]<\/p>\n","protected":false},"featured_media":2100,"template":"","meta":{"inline_featured_image":false},"product_brand":[],"product_cat":[2008],"product_tag":[],"class_list":{"0":"post-693","1":"product","2":"type-product","3":"status-publish","4":"has-post-thumbnail","6":"product_cat-led-couleur-tube","8":"first","9":"instock","10":"taxable","11":"shipping-taxable","12":"purchasable","13":"product-type-rentable"},"acf":[],"_links":{"self":[{"href":"https:\/\/indie.rent\/catalogue\/wp-json\/wp\/v2\/product\/693","targetHints":{"allow":["GET"]}}],"collection":[{"href":"https:\/\/indie.rent\/catalogue\/wp-json\/wp\/v2\/product"}],"about":[{"href":"https:\/\/indie.rent\/catalogue\/wp-json\/wp\/v2\/types\/product"}],"version-history":[{"count":2,"href":"https:\/\/indie.rent\/catalogue\/wp-json\/wp\/v2\/product\/693\/revisions"}],"predecessor-version":[{"id":6572,"href":"https:\/\/indie.rent\/catalogue\/wp-json\/wp\/v2\/product\/693\/revisions\/6572"}],"wp:featuredmedia":[{"embeddable":true,"href":"https:\/\/indie.rent\/catalogue\/wp-json\/wp\/v2\/media\/2100"}],"wp:attachment":[{"href":"https:\/\/indie.rent\/catalogue\/wp-json\/wp\/v2\/media?parent=693"}],"wp:term":[{"taxonomy":"product_brand","embeddable":true,"href":"https:\/\/indie.rent\/catalogue\/wp-json\/wp\/v2\/product_brand?post=693"},{"taxonomy":"product_cat","embeddable":true,"href":"https:\/\/indie.rent\/catalogue\/wp-json\/wp\/v2\/product_cat?post=693"},{"taxonomy":"product_tag","embeddable":true,"href":"https:\/\/indie.rent\/catalogue\/wp-json\/wp\/v2\/product_tag?post=693"}],"curies":[{"name":"wp","href":"https:\/\/api.w.org\/{rel}","templated":true}]}}