{"id":6927,"date":"2026-04-14T16:56:06","date_gmt":"2026-04-14T14:56:06","guid":{"rendered":"https:\/\/indie.rent\/catalogue\/produit\/defroisseur-steameone-2\/"},"modified":"2026-04-15T17:14:32","modified_gmt":"2026-04-15T15:14:32","slug":"defroisseur-steameone-2","status":"publish","type":"product","link":"https:\/\/indie.rent\/catalogue\/produit\/defroisseur-steameone-2\/","title":{"rendered":"D\u00e9froisseur SteameOne"},"content":{"rendered":"<p>Des d\u00e9froisseurs \/ steamers sont disponibles \u00e0 la location chez nous ! <\/p>\n<p>D\u00e9froisseur vertical &#8211; Autonomie : 90 min &#8211; Puissance 2000 watts<br \/>D\u00e9bit vapeur 45 g\/min &#8211; Vapeur pr\u00eate en 45 secondes<br \/>3 modes de puissance &#8211; Vapeur \u00e0 98\u00b0C<br \/>Cintre r\u00e9versible multifonction &#8211; Gant &#8211; Mini planche &#8211; Support de t\u00eate<\/p>\n","protected":false},"excerpt":{"rendered":"<p>Des d\u00e9froisseurs \/ steamers sont disponibles \u00e0 la location chez nous ! D\u00e9froisseur vertical &#8211; Autonomie : 90 min &#8211; Puissance 2000 wattsD\u00e9bit vapeur 45 g\/min &#8211; Vapeur pr\u00eate en 45 secondes3 modes de puissance &#8211; Vapeur \u00e0 98\u00b0CCintre r\u00e9versible multifonction &#8211; Gant &#8211; Mini planche &#8211; Support de t\u00eate<\/p>\n","protected":false},"featured_media":2049,"template":"","meta":{"inline_featured_image":false},"product_brand":[],"product_cat":[2150],"product_tag":[],"class_list":{"0":"post-6927","1":"product","2":"type-product","3":"status-publish","4":"has-post-thumbnail","6":"product_cat-loge","8":"first","9":"instock","10":"taxable","11":"shipping-taxable","12":"purchasable","13":"product-type-rentable"},"acf":[],"_links":{"self":[{"href":"https:\/\/indie.rent\/catalogue\/wp-json\/wp\/v2\/product\/6927","targetHints":{"allow":["GET"]}}],"collection":[{"href":"https:\/\/indie.rent\/catalogue\/wp-json\/wp\/v2\/product"}],"about":[{"href":"https:\/\/indie.rent\/catalogue\/wp-json\/wp\/v2\/types\/product"}],"version-history":[{"count":0,"href":"https:\/\/indie.rent\/catalogue\/wp-json\/wp\/v2\/product\/6927\/revisions"}],"wp:featuredmedia":[{"embeddable":true,"href":"https:\/\/indie.rent\/catalogue\/wp-json\/wp\/v2\/media\/2049"}],"wp:attachment":[{"href":"https:\/\/indie.rent\/catalogue\/wp-json\/wp\/v2\/media?parent=6927"}],"wp:term":[{"taxonomy":"product_brand","embeddable":true,"href":"https:\/\/indie.rent\/catalogue\/wp-json\/wp\/v2\/product_brand?post=6927"},{"taxonomy":"product_cat","embeddable":true,"href":"https:\/\/indie.rent\/catalogue\/wp-json\/wp\/v2\/product_cat?post=6927"},{"taxonomy":"product_tag","embeddable":true,"href":"https:\/\/indie.rent\/catalogue\/wp-json\/wp\/v2\/product_tag?post=6927"}],"curies":[{"name":"wp","href":"https:\/\/api.w.org\/{rel}","templated":true}]}}