{"id":6925,"date":"2026-04-14T16:56:03","date_gmt":"2026-04-14T14:56:03","guid":{"rendered":"https:\/\/indie.rent\/catalogue\/produit\/filtre-breakthrough-photography-polarisant-rotatif-circulaire-o-82mm-2\/"},"modified":"2026-04-15T17:14:01","modified_gmt":"2026-04-15T15:14:01","slug":"filtre-breakthrough-photography-polarisant-rotatif-circulaire-o-82mm-2","status":"publish","type":"product","link":"https:\/\/indie.rent\/catalogue\/produit\/filtre-breakthrough-photography-polarisant-rotatif-circulaire-o-82mm-2\/","title":{"rendered":"Filtre Breakthrough Photography Polarisant Rotatif \u2013 Circulaire \u00d8 82mm"},"content":{"rendered":"<p>S\u00e9rie de 3 Filtres ND circulaires + Polarisant 82mm<\/p>\n<p>Les filtres ND circulaires Breaktrough Photography sont dot\u00e9s d\u2019un verre optique H-K9L am\u00e9liorant consid\u00e9rablement la nettet\u00e9 de l\u2019image et ils int\u00e8grent le MRC8 qui fournit non seulement une couche protectrice r\u00e9sistante aux rayures prot\u00e9geant le verre mais qui permet \u00e9galement d\u2019\u00e9liminer les reflets ind\u00e9sirables ou les images fant\u00f4mes. Cette s\u00e9rie comprend 3 filtres de 82 mm\u00a0: un ND 0.9, un ND 1.8 et un ND 3.0. Elle comprend \u00e9galement un filtre circulaire polarisant de 82 mm Breaktrough Photography de tr\u00e8s bonne qualit\u00e9 \u00e9galement permettant d\u2019obtenir des images chaudes, vives et surtout tr\u00e8s fid\u00e8le. Cela gr\u00e2ce au film CPL con\u00e7u par Breaktrough Photography afin d\u2019obtenir des performances les plus neutres possible en terme de couleurs.<\/p>\n","protected":false},"excerpt":{"rendered":"<p>S\u00e9rie de 3 Filtres ND circulaires + Polarisant 82mm Les filtres ND circulaires Breaktrough Photography sont dot\u00e9s d\u2019un verre optique H-K9L am\u00e9liorant consid\u00e9rablement la nettet\u00e9 de l\u2019image et ils int\u00e8grent le MRC8 qui fournit non seulement une couche protectrice r\u00e9sistante aux rayures prot\u00e9geant le verre mais qui permet \u00e9galement d\u2019\u00e9liminer les reflets ind\u00e9sirables ou les [&hellip;]<\/p>\n","protected":false},"featured_media":2040,"template":"","meta":{"inline_featured_image":false},"product_brand":[],"product_cat":[1943],"product_tag":[],"class_list":{"0":"post-6925","1":"product","2":"type-product","3":"status-publish","4":"has-post-thumbnail","6":"product_cat-filtres-circulaires","8":"first","9":"instock","10":"taxable","11":"shipping-taxable","12":"purchasable","13":"product-type-rentable"},"acf":[],"_links":{"self":[{"href":"https:\/\/indie.rent\/catalogue\/wp-json\/wp\/v2\/product\/6925","targetHints":{"allow":["GET"]}}],"collection":[{"href":"https:\/\/indie.rent\/catalogue\/wp-json\/wp\/v2\/product"}],"about":[{"href":"https:\/\/indie.rent\/catalogue\/wp-json\/wp\/v2\/types\/product"}],"version-history":[{"count":0,"href":"https:\/\/indie.rent\/catalogue\/wp-json\/wp\/v2\/product\/6925\/revisions"}],"wp:featuredmedia":[{"embeddable":true,"href":"https:\/\/indie.rent\/catalogue\/wp-json\/wp\/v2\/media\/2040"}],"wp:attachment":[{"href":"https:\/\/indie.rent\/catalogue\/wp-json\/wp\/v2\/media?parent=6925"}],"wp:term":[{"taxonomy":"product_brand","embeddable":true,"href":"https:\/\/indie.rent\/catalogue\/wp-json\/wp\/v2\/product_brand?post=6925"},{"taxonomy":"product_cat","embeddable":true,"href":"https:\/\/indie.rent\/catalogue\/wp-json\/wp\/v2\/product_cat?post=6925"},{"taxonomy":"product_tag","embeddable":true,"href":"https:\/\/indie.rent\/catalogue\/wp-json\/wp\/v2\/product_tag?post=6925"}],"curies":[{"name":"wp","href":"https:\/\/api.w.org\/{rel}","templated":true}]}}