{"id":690,"date":"2025-01-09T10:06:41","date_gmt":"2025-01-09T09:06:41","guid":{"rendered":"https:\/\/indie.rent\/catalogue\/produit\/dled9-1-daylight\/"},"modified":"2026-04-04T00:19:46","modified_gmt":"2026-04-03T22:19:46","slug":"projecteur-dedolight-dled9-1-daylight","status":"publish","type":"product","link":"https:\/\/indie.rent\/catalogue\/produit\/projecteur-dedolight-dled9-1-daylight\/","title":{"rendered":"Projecteur DEDOLIGHT DLED9.1 Daylight"},"content":{"rendered":"<p>Projecteur LED daylight \u00e0 optique asph\u00e9rique, le Dedolight 90W Daylight est con\u00e7u pour les tournages cin\u00e9ma, publicit\u00e9 et t\u00e9l\u00e9vision n\u00e9cessitant un faisceau ultra pr\u00e9cis et une qualit\u00e9 de lumi\u00e8re irr\u00e9prochable.<\/p>\n<p>Version mono-couleur optimis\u00e9e pour la puissance, il offre un rendement lumineux sup\u00e9rieur au mod\u00e8le bi-color, tout en conservant la pr\u00e9cision l\u00e9gendaire Dedolight, id\u00e9ale pour les \u00e9clairages techniques, effets et d\u00e9coupes fines.<\/p>\n<p>Caract\u00e9ristiques principales :<\/p>\n<p>Source : LED daylight (optique asph\u00e9rique Dedolight)<br \/>Temp\u00e9rature de couleur : 5 600K fixe<br \/>CRI \/ TLCI : \u2265 95 \/ 96<br \/>Puissance : 90W<br \/>Alimentation : ballast d\u00e9port\u00e9 (secteur \/ batterie \/ DMX selon version)<br \/>Contr\u00f4le : dimmer via ballast \/ DMX<br \/>Angle du faisceau : 6\u00b0 \u2013 60\u00b0 (focus ultra pr\u00e9cis)<br \/>Optique : lentille asph\u00e9rique avec double syst\u00e8me de focalisation\u00a0<br \/>Dimming : 0\u2013100% sans variation de couleur<br \/>Compatibilit\u00e9 : accessoires Dedolight \u201cM size\u201d, Parallel Beam disponible \u00e0 la location<br \/>\u00c9tanch\u00e9it\u00e9 : IP20<br \/>Dimensions : env. 236 \u00d7 193 \u00d7 109 mm<br \/>Poids : env. 1,3 kg<\/p>\n","protected":false},"excerpt":{"rendered":"<p>Projecteur LED daylight \u00e0 optique asph\u00e9rique, le Dedolight 90W Daylight est con\u00e7u pour les tournages cin\u00e9ma, publicit\u00e9 et t\u00e9l\u00e9vision n\u00e9cessitant un faisceau ultra pr\u00e9cis et une qualit\u00e9 de lumi\u00e8re irr\u00e9prochable. Version mono-couleur optimis\u00e9e pour la puissance, il offre un rendement lumineux sup\u00e9rieur au mod\u00e8le bi-color, tout en conservant la pr\u00e9cision l\u00e9gendaire Dedolight, id\u00e9ale pour les [&hellip;]<\/p>\n","protected":false},"featured_media":2015,"template":"","meta":{"inline_featured_image":false},"product_brand":[],"product_cat":[2016],"product_tag":[],"class_list":{"0":"post-690","1":"product","2":"type-product","3":"status-publish","4":"has-post-thumbnail","6":"product_cat-led-daylight-ponctuelle","8":"first","9":"instock","10":"taxable","11":"shipping-taxable","12":"purchasable","13":"product-type-rentable"},"acf":[],"_links":{"self":[{"href":"https:\/\/indie.rent\/catalogue\/wp-json\/wp\/v2\/product\/690","targetHints":{"allow":["GET"]}}],"collection":[{"href":"https:\/\/indie.rent\/catalogue\/wp-json\/wp\/v2\/product"}],"about":[{"href":"https:\/\/indie.rent\/catalogue\/wp-json\/wp\/v2\/types\/product"}],"version-history":[{"count":2,"href":"https:\/\/indie.rent\/catalogue\/wp-json\/wp\/v2\/product\/690\/revisions"}],"predecessor-version":[{"id":6537,"href":"https:\/\/indie.rent\/catalogue\/wp-json\/wp\/v2\/product\/690\/revisions\/6537"}],"wp:featuredmedia":[{"embeddable":true,"href":"https:\/\/indie.rent\/catalogue\/wp-json\/wp\/v2\/media\/2015"}],"wp:attachment":[{"href":"https:\/\/indie.rent\/catalogue\/wp-json\/wp\/v2\/media?parent=690"}],"wp:term":[{"taxonomy":"product_brand","embeddable":true,"href":"https:\/\/indie.rent\/catalogue\/wp-json\/wp\/v2\/product_brand?post=690"},{"taxonomy":"product_cat","embeddable":true,"href":"https:\/\/indie.rent\/catalogue\/wp-json\/wp\/v2\/product_cat?post=690"},{"taxonomy":"product_tag","embeddable":true,"href":"https:\/\/indie.rent\/catalogue\/wp-json\/wp\/v2\/product_tag?post=690"}],"curies":[{"name":"wp","href":"https:\/\/api.w.org\/{rel}","templated":true}]}}