{"id":689,"date":"2025-01-09T10:06:41","date_gmt":"2025-01-09T09:06:41","guid":{"rendered":"https:\/\/indie.rent\/catalogue\/produit\/compact-575w\/"},"modified":"2026-04-10T09:58:08","modified_gmt":"2026-04-10T07:58:08","slug":"compact-575w","status":"publish","type":"product","link":"https:\/\/indie.rent\/catalogue\/produit\/compact-575w\/","title":{"rendered":"Compact 575W"},"content":{"rendered":"<p>Arri Compact 575 W HMI Fresnel<\/p>\n<p>La taille r\u00e9duite du HMI 575W compact en fait un \u00e9clairage HMI facilement transportable.<\/p>\n<p>Caract\u00e9ristiques principales :<br \/>&#8211; Puissance 575W,<br \/>&#8211; Angle du faisceau : 6\u00b0 \u00e0 56\u00b0<br \/>&#8211; Fixation : spigot 28mm<br \/>&#8211; Dimensions : 33 x 43,2 x 25,4 cm,<br \/>&#8211; Poids : 7,9 kg<\/p>\n","protected":false},"excerpt":{"rendered":"<p>Arri Compact 575 W HMI Fresnel La taille r\u00e9duite du HMI 575W compact en fait un \u00e9clairage HMI facilement transportable. Caract\u00e9ristiques principales :&#8211; Puissance 575W,&#8211; Angle du faisceau : 6\u00b0 \u00e0 56\u00b0&#8211; Fixation : spigot 28mm&#8211; Dimensions : 33 x 43,2 x 25,4 cm,&#8211; Poids : 7,9 kg<\/p>\n","protected":false},"featured_media":2008,"template":"","meta":{"inline_featured_image":false},"product_brand":[],"product_cat":[2021],"product_tag":[],"class_list":{"0":"post-689","1":"product","2":"type-product","3":"status-publish","4":"has-post-thumbnail","6":"product_cat-hmi-non-high-speed","8":"first","9":"instock","10":"taxable","11":"shipping-taxable","12":"purchasable","13":"product-type-rentable"},"acf":[],"_links":{"self":[{"href":"https:\/\/indie.rent\/catalogue\/wp-json\/wp\/v2\/product\/689","targetHints":{"allow":["GET"]}}],"collection":[{"href":"https:\/\/indie.rent\/catalogue\/wp-json\/wp\/v2\/product"}],"about":[{"href":"https:\/\/indie.rent\/catalogue\/wp-json\/wp\/v2\/types\/product"}],"version-history":[{"count":0,"href":"https:\/\/indie.rent\/catalogue\/wp-json\/wp\/v2\/product\/689\/revisions"}],"wp:featuredmedia":[{"embeddable":true,"href":"https:\/\/indie.rent\/catalogue\/wp-json\/wp\/v2\/media\/2008"}],"wp:attachment":[{"href":"https:\/\/indie.rent\/catalogue\/wp-json\/wp\/v2\/media?parent=689"}],"wp:term":[{"taxonomy":"product_brand","embeddable":true,"href":"https:\/\/indie.rent\/catalogue\/wp-json\/wp\/v2\/product_brand?post=689"},{"taxonomy":"product_cat","embeddable":true,"href":"https:\/\/indie.rent\/catalogue\/wp-json\/wp\/v2\/product_cat?post=689"},{"taxonomy":"product_tag","embeddable":true,"href":"https:\/\/indie.rent\/catalogue\/wp-json\/wp\/v2\/product_tag?post=689"}],"curies":[{"name":"wp","href":"https:\/\/api.w.org\/{rel}","templated":true}]}}