{"id":6880,"date":"2026-04-14T16:48:36","date_gmt":"2026-04-14T14:48:36","guid":{"rendered":"https:\/\/indie.rent\/catalogue\/produit\/projecteur-de-chantier-led-multi-battery-6050-mh-hybride-2\/"},"modified":"2026-04-15T17:42:26","modified_gmt":"2026-04-15T15:42:26","slug":"projecteur-de-chantier-led-multi-battery-6050-mh-hybride-2","status":"publish","type":"product","link":"https:\/\/indie.rent\/catalogue\/produit\/projecteur-de-chantier-led-multi-battery-6050-mh-hybride-2\/","title":{"rendered":"Projecteur de chantier LED Multi Battery 6050 MH hybride"},"content":{"rendered":"<p>Le projecteur LED Multi Battery 6050, extr\u00eamement robuste et puissant est destin\u00e9 \u00e0 une utilisation professionnelle et assure une mobilit\u00e9 maximale au travail gr\u00e2ce au Multi Battery 18V System. <br \/>Le projecteur de chantier LED d&#8217;une puissance de 60W permet d&#8217;opter pour le standard de batterie de votre choix ou un branchement sur secteur (5m de c\u00e2ble fourni). <br \/>Le spot de chantier r\u00e9sistant aux chocs, est dot\u00e9 d&#8217;une technologie hybride Innovante. Gr\u00e2ce \u00e0 la technologie hybride, le projecteur de chantier \u00e9quip\u00e9 de LED COB peut \u00eatre utilis\u00e9 sur batterie et sur secteur (mobilit\u00e9 maximale acquise). En cas de coupure, l&#8217;alimentation passe automatiquement en mode batterie. De plus, celle-ci est \u00e9quip\u00e9e d&#8217;un t\u00e9moin de charge avec indication de la charge restante (recharge de la batterie sur son chargeur habituel) et d&#8217;un syst\u00e8me de protection des batteries Powertool : la batterie est prot\u00e9g\u00e9e contre les d\u00e9charges profondes, les surcharges (dues \u00e0 des courants de charge \u00e9lev\u00e9s) et les courts-circuits. <\/p>\n<p>Caract\u00e9ristiques : <br \/>Flux lumineux : 6200lm<br \/>Interrupteur marche\/arr\u00eat avec 4 modes d&#8217;\u00e9clairage : 100% \/ 75% \/ 50% \/ 25%<br \/>Indice de protection : IP65 (si capot de protection mis en place)<br \/>Indice de r\u00e9sistance aux chocs : IK08<br \/>Classe de protection : II<br \/>Montage sur tr\u00e9pied possible gr\u00e2ce aux per\u00e7ages pr\u00e9vus<\/p>\n<p>Autonomie selon batterie (non fournie) branch\u00e9e :<br \/>20min\/1Ah env. avec un rendement lumineux \u00e0 100%<br \/>27min\/1Ah env. avec un rendement lumineux \u00e0 75%<br \/>40min\/1Ah env. avec un rendement lumineux \u00e0 50%<br \/>80min\/1Ah env. avec un rendement lumineux \u00e0 25%<\/p>\n<p>Caract\u00e9ristiques techniques<br \/>Hauteur: 26,50 cm<br \/>Longueur: 16 cm<br \/>Poids: 3,26 kg<br \/>Largeur: 26 cm<br \/>Tension: 18 V<br \/>Type d&#8217;\u00e9clairage: Projecteur<br \/>Flux lumineux: 6.200 lm<br \/>Classe de protection: II<br \/>Type de tension d&#8217;entr\u00e9e: Tension alternative (CA)<br \/>Avec interrupteur marche\/ arr\u00eat: <br \/>Indice de protection (IP): IP65<br \/>Indice de r\u00e9sistance aux chocs (IK): IK08<br \/>Temp\u00e9rature de couleur: 6500 K<br \/>Type de c\u00e2ble: H07RN-F 2X1,0<br \/>Longueur de c\u00e2ble: 5 m<br \/>Max. Tension d&#8217;entr\u00e9e nominale: 240 V<br \/>Min. Tension d&#8217;entr\u00e9e nominale: 100 V<br \/>Angle de faisceau: 110 \u00b0<br \/>Indice de rendu des couleurs: 82<br \/>Classe d\u2019efficience \u00e9nerg\u00e9tique: E<br \/>Puissance en mode veille: 0,31 W<\/p>\n","protected":false},"excerpt":{"rendered":"<p>Le projecteur LED Multi Battery 6050, extr\u00eamement robuste et puissant est destin\u00e9 \u00e0 une utilisation professionnelle et assure une mobilit\u00e9 maximale au travail gr\u00e2ce au Multi Battery 18V System. Le projecteur de chantier LED d&#8217;une puissance de 60W permet d&#8217;opter pour le standard de batterie de votre choix ou un branchement sur secteur (5m de [&hellip;]<\/p>\n","protected":false},"featured_media":3650,"template":"","meta":{"inline_featured_image":false},"product_brand":[],"product_cat":[2160],"product_tag":[],"class_list":{"0":"post-6880","1":"product","2":"type-product","3":"status-publish","4":"has-post-thumbnail","6":"product_cat-eclairage-sur-batterie","8":"first","9":"instock","10":"taxable","11":"shipping-taxable","12":"purchasable","13":"product-type-rentable"},"acf":[],"_links":{"self":[{"href":"https:\/\/indie.rent\/catalogue\/wp-json\/wp\/v2\/product\/6880","targetHints":{"allow":["GET"]}}],"collection":[{"href":"https:\/\/indie.rent\/catalogue\/wp-json\/wp\/v2\/product"}],"about":[{"href":"https:\/\/indie.rent\/catalogue\/wp-json\/wp\/v2\/types\/product"}],"version-history":[{"count":0,"href":"https:\/\/indie.rent\/catalogue\/wp-json\/wp\/v2\/product\/6880\/revisions"}],"wp:featuredmedia":[{"embeddable":true,"href":"https:\/\/indie.rent\/catalogue\/wp-json\/wp\/v2\/media\/3650"}],"wp:attachment":[{"href":"https:\/\/indie.rent\/catalogue\/wp-json\/wp\/v2\/media?parent=6880"}],"wp:term":[{"taxonomy":"product_brand","embeddable":true,"href":"https:\/\/indie.rent\/catalogue\/wp-json\/wp\/v2\/product_brand?post=6880"},{"taxonomy":"product_cat","embeddable":true,"href":"https:\/\/indie.rent\/catalogue\/wp-json\/wp\/v2\/product_cat?post=6880"},{"taxonomy":"product_tag","embeddable":true,"href":"https:\/\/indie.rent\/catalogue\/wp-json\/wp\/v2\/product_tag?post=6880"}],"curies":[{"name":"wp","href":"https:\/\/api.w.org\/{rel}","templated":true}]}}