{"id":688,"date":"2025-01-09T10:06:41","date_gmt":"2025-01-09T09:06:41","guid":{"rendered":"https:\/\/indie.rent\/catalogue\/produit\/mini-par-hmi-200-watts\/"},"modified":"2026-04-10T09:56:38","modified_gmt":"2026-04-10T07:56:38","slug":"mini-par-hmi-200-watts","status":"publish","type":"product","link":"https:\/\/indie.rent\/catalogue\/produit\/mini-par-hmi-200-watts\/","title":{"rendered":"Mini Par HMI 200 watts"},"content":{"rendered":"<p>Mini Par 200W Filmgear <\/p>\n<p>Le Mini Par int\u00e8gre toutes les fonctionnalit\u00e9s associ\u00e9es aux lampes Fresnel MSR plus grandes. Son poids l\u00e9ger et sa petite taille le rendent facilement portable et rapide \u00e0 utiliser et il est parfait pour faire correspondre la lumi\u00e8re du jour dans des endroits ext\u00e9rieurs ou pour s&#8217;adapter dans de petits coins pour des espaces confin\u00e9s.<\/p>\n<p>Caract\u00e9ristiques principales :<br \/>&#8211; Puissance : 200W,<br \/>&#8211; Poids : 1,4 kg<br \/>&#8211; Temp\u00e9rature de couleur : 5600K,<br \/>&#8211; Plage de fonctionnement : + 45\u00ba ~ 0\u00ba ~ -45\u00ba.<\/p>\n","protected":false},"excerpt":{"rendered":"<p>Mini Par 200W Filmgear Le Mini Par int\u00e8gre toutes les fonctionnalit\u00e9s associ\u00e9es aux lampes Fresnel MSR plus grandes. Son poids l\u00e9ger et sa petite taille le rendent facilement portable et rapide \u00e0 utiliser et il est parfait pour faire correspondre la lumi\u00e8re du jour dans des endroits ext\u00e9rieurs ou pour s&#8217;adapter dans de petits coins [&hellip;]<\/p>\n","protected":false},"featured_media":1971,"template":"","meta":{"inline_featured_image":false},"product_brand":[],"product_cat":[2021],"product_tag":[],"class_list":{"0":"post-688","1":"product","2":"type-product","3":"status-publish","4":"has-post-thumbnail","6":"product_cat-hmi-non-high-speed","8":"first","9":"instock","10":"taxable","11":"shipping-taxable","12":"purchasable","13":"product-type-rentable"},"acf":[],"_links":{"self":[{"href":"https:\/\/indie.rent\/catalogue\/wp-json\/wp\/v2\/product\/688","targetHints":{"allow":["GET"]}}],"collection":[{"href":"https:\/\/indie.rent\/catalogue\/wp-json\/wp\/v2\/product"}],"about":[{"href":"https:\/\/indie.rent\/catalogue\/wp-json\/wp\/v2\/types\/product"}],"version-history":[{"count":0,"href":"https:\/\/indie.rent\/catalogue\/wp-json\/wp\/v2\/product\/688\/revisions"}],"wp:featuredmedia":[{"embeddable":true,"href":"https:\/\/indie.rent\/catalogue\/wp-json\/wp\/v2\/media\/1971"}],"wp:attachment":[{"href":"https:\/\/indie.rent\/catalogue\/wp-json\/wp\/v2\/media?parent=688"}],"wp:term":[{"taxonomy":"product_brand","embeddable":true,"href":"https:\/\/indie.rent\/catalogue\/wp-json\/wp\/v2\/product_brand?post=688"},{"taxonomy":"product_cat","embeddable":true,"href":"https:\/\/indie.rent\/catalogue\/wp-json\/wp\/v2\/product_cat?post=688"},{"taxonomy":"product_tag","embeddable":true,"href":"https:\/\/indie.rent\/catalogue\/wp-json\/wp\/v2\/product_tag?post=688"}],"curies":[{"name":"wp","href":"https:\/\/api.w.org\/{rel}","templated":true}]}}