{"id":684,"date":"2025-01-09T10:06:40","date_gmt":"2025-01-09T09:06:40","guid":{"rendered":"https:\/\/indie.rent\/catalogue\/produit\/cinepar-1200\/"},"modified":"2026-04-10T09:52:01","modified_gmt":"2026-04-10T07:52:01","slug":"cinepar-1200","status":"publish","type":"product","link":"https:\/\/indie.rent\/catalogue\/produit\/cinepar-1200\/","title":{"rendered":"Cinepar 1200"},"content":{"rendered":"<p>HMI Cinepar LTM  1200<\/p>\n<p>Le Cinepar LTM 1200 W est un projecteur HMI en lumi\u00e8re du jour (5600 K). Il fonctionne sur 12,5 amp\u00e8res (A) et peut donc \u00eatre brancher sur une prise domestique classique. \u00c7a fait de lui un projecteur puissant tr\u00e8s polyvalent dans n\u2019importe quel type de production (cin\u00e9ma, t\u00e9l\u00e9vision, documentaire\u2026). C\u2019est un projecteur \u00e9quip\u00e9 d\u2019un ballast \u00e9lectronique, la t\u00eate du projecteur est reli\u00e9e au ballast via une mont\u00e9e de lampe. Le Cinepar 1200 W offre un jet puissant et un faisceau rond tr\u00e8s serr\u00e9 gr\u00e2ce \u00e0 sa lampe \u00e0 une seule extr\u00e9mit\u00e9 mont\u00e9e dans l\u2019axe du r\u00e9flecteur. Ce projecteur dispose \u00e9galement de lentilles que l\u2019on peut disposer devant la lampe. Ses diff\u00e9rentes lentilles permettent d\u2019\u00e9largir ou de resserrer le faisceau lumineux. C\u2019est un projecteur HMI, il met donc un certain temps pour atteindre sa puissance lumineuse maximale une fois aliment\u00e9. A l\u2019inverse, une fois \u00e9teint, il lui faut un certain temps avant de pouvoir le rallumer sans risque.<\/p>\n","protected":false},"excerpt":{"rendered":"<p>HMI Cinepar LTM 1200 Le Cinepar LTM 1200 W est un projecteur HMI en lumi\u00e8re du jour (5600 K). Il fonctionne sur 12,5 amp\u00e8res (A) et peut donc \u00eatre brancher sur une prise domestique classique. \u00c7a fait de lui un projecteur puissant tr\u00e8s polyvalent dans n\u2019importe quel type de production (cin\u00e9ma, t\u00e9l\u00e9vision, documentaire\u2026). C\u2019est un [&hellip;]<\/p>\n","protected":false},"featured_media":1873,"template":"","meta":{"inline_featured_image":false},"product_brand":[],"product_cat":[2021],"product_tag":[],"class_list":{"0":"post-684","1":"product","2":"type-product","3":"status-publish","4":"has-post-thumbnail","6":"product_cat-hmi-non-high-speed","8":"first","9":"instock","10":"taxable","11":"shipping-taxable","12":"purchasable","13":"product-type-rentable"},"acf":[],"_links":{"self":[{"href":"https:\/\/indie.rent\/catalogue\/wp-json\/wp\/v2\/product\/684","targetHints":{"allow":["GET"]}}],"collection":[{"href":"https:\/\/indie.rent\/catalogue\/wp-json\/wp\/v2\/product"}],"about":[{"href":"https:\/\/indie.rent\/catalogue\/wp-json\/wp\/v2\/types\/product"}],"version-history":[{"count":0,"href":"https:\/\/indie.rent\/catalogue\/wp-json\/wp\/v2\/product\/684\/revisions"}],"wp:featuredmedia":[{"embeddable":true,"href":"https:\/\/indie.rent\/catalogue\/wp-json\/wp\/v2\/media\/1873"}],"wp:attachment":[{"href":"https:\/\/indie.rent\/catalogue\/wp-json\/wp\/v2\/media?parent=684"}],"wp:term":[{"taxonomy":"product_brand","embeddable":true,"href":"https:\/\/indie.rent\/catalogue\/wp-json\/wp\/v2\/product_brand?post=684"},{"taxonomy":"product_cat","embeddable":true,"href":"https:\/\/indie.rent\/catalogue\/wp-json\/wp\/v2\/product_cat?post=684"},{"taxonomy":"product_tag","embeddable":true,"href":"https:\/\/indie.rent\/catalogue\/wp-json\/wp\/v2\/product_tag?post=684"}],"curies":[{"name":"wp","href":"https:\/\/api.w.org\/{rel}","templated":true}]}}